{"id":33,"date":"2020-03-06T14:53:18","date_gmt":"2020-03-06T13:53:18","guid":{"rendered":"https:\/\/www.terre-et-feu.com\/lille\/?page_id=33"},"modified":"2025-08-20T16:52:57","modified_gmt":"2025-08-20T14:52:57","slug":"modelage","status":"publish","type":"page","link":"https:\/\/www.terre-et-feu.com\/lille\/modelage\/","title":{"rendered":"Cours de Sculpture Modelage \u2013 Lille"},"content":{"rendered":"<h2>Cours de SCULPTURE \u00e0 Lille<\/h2>\n<h1>SCULPTURE et MODELAGE<\/h1>\n<h1>SCULPTURE et MODELAGE<\/h1>\n<h2>Cours de Sculpture et modelage pour d\u00e9butants et confirm\u00e9s &#8211; 75 avenue du Peuple Belge 59000 Lille<\/h2>\n<p>\t\t\t\t\t\t\t\t\t\t\t\t\t\t\t<img loading=\"lazy\" decoding=\"async\" width=\"400\" height=\"270\" src=\"https:\/\/www.terre-et-feu.com\/lille\/wp-content\/uploads\/sites\/7\/2020\/03\/sculpture_lille_2-1-400x270.jpg\" alt=\"\" \/><br \/>\n\t\t\t\t\t\t\t\t\t\t\t\t\t\t\t<img loading=\"lazy\" decoding=\"async\" width=\"400\" height=\"270\" src=\"https:\/\/www.terre-et-feu.com\/lille\/wp-content\/uploads\/sites\/7\/2020\/03\/sculpture_lille_3-400x270.jpg\" alt=\"\" \/><br \/>\n\t\t\t\t\t<a href=\"https:\/\/www.terre-et-feu.com\/lille\/wp-content\/uploads\/sites\/7\/2025\/06\/Cours-modelage-ceramique-adulte-2025-26.pdf\" target=\"_blank\"><br \/>\n\t\t\t\t\t\t\t\t\tS&rsquo;INSCRIRE AU COURS<br \/>\n\t\t\t\t\t<\/a><\/p>\n<p><strong>Cours de Sculpture et modelage pour d\u00e9butants et confirm\u00e9s &#8211; 75 avenue du Peuple Belge 59000 Lille<\/strong><\/p>\n<p>Le modelage de l\u2019argile vous ouvre le monde infini de la cr\u00e9ation en volume. Vous \u00eates guid\u00e9 dans votre projet personnel avec les apports techniques et artistiques des artistes enseignants.<\/p>\n<ul>\n<li>Vous apprenez \u00e0 monter une pi\u00e8ce en volume, vous vous familiarisez avec la vision en 3 dimensions.<\/li>\n<li>Vous exercez votre cr\u00e9ativit\u00e9 sur des inspirations personnelles ou vous choisissez l\u2019approche acad\u00e9mique, vous d\u00e9veloppez votre sensibilit\u00e9 et affinez votre style.<\/li>\n<\/ul>\n<p>Venez apprendre le modelage \u00e0 partir d\u2019un mod\u00e8le vivant, anim\u00e9 et dirig\u00e9 par un artiste et enseignant exp\u00e9riment\u00e9.<\/p>\n<p><strong>MAT\u00c9RIEL FOURNIT<\/strong><br \/>Terre, outils et cuisson gratuits (four sur place)<\/p>\n<p><strong>ARTISTE FORMATEUR<\/strong><br \/>SAMIR<\/p>\n<p><strong>FORMATION PROFESSIONNELLE<\/strong>,\u00a0 \u00a0 \u00a0 \u00a0 \u00a0 \u00a0 \u00a0 \u00a0 \u00a0 \u00a0 \u00a0 \u00a0 \u00a0 \u00a0 \u00a0 \u00a0 \u00a0 \u00a0 \u00a0 \u00a0 \u00a0 \u00a0 \u00a0 \u00a0 \u00a0 \u00a0 \u00a0 \u00a0 \u00a0 \u00a0 \u00a0 \u00a0 \u00a0 \u00a0 \u00a0 \u00a0Objectifs, pr\u00e9requis, PSH, contr\u00f4le et r\u00e9sultats, <a href=\"https:\/\/www.terre-et-feu.com\/lille\/wp-content\/uploads\/sites\/7\/2025\/08\/Sculpture_formation_programme_allege.pdf\">Cliquez ici<\/a><\/p>\n<p>\t\t\t\t\t<a href=\"https:\/\/www.terre-et-feu.com\/lille\/wp-content\/uploads\/sites\/7\/2023\/06\/Cours-modelage-ceramique-adulte-2023-24.pdf\" target=\"_blank\"><br \/>\n\t\t\t\t\t\t\t\t\tS&rsquo;INSCRIRE AU COURS<br \/>\n\t\t\t\t\t<\/a><br \/>\n\t\t\t\t\t\t\t\t\t\t\t\t\t\t\t<img loading=\"lazy\" decoding=\"async\" width=\"147\" height=\"120\" src=\"https:\/\/www.terre-et-feu.com\/lille\/wp-content\/uploads\/sites\/7\/2020\/03\/sculpture_lille_2-1-147x120.jpg\" alt=\"\" \/>\t\t\t\t\t\t\t\t\t\t\t\t\t\t\t<\/p>\n<h1>PLANNING 2025 &#8211; 2026<\/h1>\n<h2><strong>Cours de SCULPTURE et MODELAGE<\/strong> \u00e0 l&rsquo;atelier Terre &amp; Feu Lille &#8211; 75 avenue du Peuple Belge 59000 Lille<\/h2>\n<p>\t\t\t\t\t\t\t\t\tLUNDI +<br \/>\n\t\t\t\t\t\t\t\t\tMARDI +<br \/>\n\t\t\t\t\t\t\t\t\tMERCREDI +<br \/>\n\t\t\t\t\t\t\t\t\tSAMEDI +<br \/>\n\t\t\t\t\t\t\t\t\tLUNDI +<\/p>\n<table>\n<tbody>\n<tr>\n<td width=\"113\">de 14h00<br \/>\u00e0 17h00<\/td>\n<td width=\"490\"><strong>Sculpture Modelage<\/strong><br \/>Samir<br \/>Cours de 3h<br \/><strong><a href=\"https:\/\/www.terre-et-feu.com\/lille\/wp-content\/uploads\/sites\/7\/2025\/06\/Cours-modelage-ceramique-adulte-2025-26.pdf\" target=\"_blank\" rel=\"noopener\">T\u00e9l\u00e9charger la fiche d&rsquo;inscription<\/a><\/strong><\/td>\n<\/tr>\n<\/tbody>\n<\/table>\n<p>\t\t\t\t\t\t\t\t\tMARDI +<\/p>\n<table>\n<tbody>\n<tr>\n<td width=\"113\">de 9h30<br \/>\u00e0 12h30<\/td>\n<td width=\"490\"><strong>Sculpture Modelage<\/strong><br \/>Samir<br \/>Cours de 3h<br \/><strong><a href=\"https:\/\/www.terre-et-feu.com\/lille\/wp-content\/uploads\/sites\/7\/2025\/06\/Cours-modelage-ceramique-adulte-2025-26.pdf\" target=\"_blank\" rel=\"noopener\">T\u00e9l\u00e9charger la fiche d&rsquo;inscription<\/a><\/strong><\/td>\n<\/tr>\n<\/tbody>\n<\/table>\n<p>\t\t\t\t\t\t\t\t\tMERCREDI +<\/p>\n<table>\n<tbody>\n<tr>\n<td width=\"113\">de 19h00<br \/>\u00e0 22h00<\/td>\n<td width=\"490\"><strong>Sculpture Modelage<\/strong><br \/>Samir<br \/>Cours de 3h<br \/><a href=\"https:\/\/www.terre-et-feu.com\/lille\/wp-content\/uploads\/sites\/7\/2025\/06\/Cours-modelage-ceramique-adulte-2025-26.pdf\" target=\"_blank\" rel=\"noopener\">T\u00e9l\u00e9charger la fiche d&rsquo;inscription<\/a><\/td>\n<\/tr>\n<\/tbody>\n<\/table>\n<p>\t\t\t\t\t\t\t\t\tSAMEDI +<\/p>\n<table>\n<tbody>\n<tr>\n<td width=\"113\">de 9h30<br \/>\u00e0 12h30<\/td>\n<td width=\"490\"><strong>Sculpture Modelage<\/strong><br \/>Samir<br \/>Cours de 3h<br \/><strong><a href=\"https:\/\/www.terre-et-feu.com\/lille\/wp-content\/uploads\/sites\/7\/2025\/06\/Cours-modelage-ceramique-adulte-2025-26.pdf\" target=\"_blank\" rel=\"noopener\">T\u00e9l\u00e9charger la fiche d&rsquo;inscription<\/a><\/strong><\/td>\n<\/tr>\n<\/tbody>\n<\/table>\n<h1>TARIFS 2025 &#8211; 2026<\/h1>\n<h2>Tarifs remis\u00e9s pour financement \u00e0 titre individuel.<br \/>\nSi financement par un tiers ( OPCO, P\u00f4le Emploi, cabinet de reclassement\u2026) Tarif de 24\u20ac \/ heure.<br \/>\nPossibilit\u00e9 de r\u00e9gler en plusieurs fois les cours de sculpture et modelage<\/h2>\n<h4>SCULPTURE MODELAGE<br \/> 3H<\/h4>\n<p>Ann\u00e9e (36 s\u00e9ances)<br \/><strong>1 264\u20ac <br \/>Payable en 3 ch\u00e8ques : 2 x 421\u20ac + 422\u20ac<br \/><\/strong>soit 11,47 \u20ac\/h<\/p>\n<p>Trimestre (12 s\u00e9ances)<br \/><strong>471\u20ac<\/strong> <br \/>soit 13,08 \u20ac\/h<\/p>\n<p>\t\t\t\t\t<a href=\"https:\/\/www.terre-et-feu.com\/lille\/wp-content\/uploads\/sites\/7\/2025\/06\/Cours-modelage-ceramique-adulte-2025-26.pdf\" target=\"_blank\"><br \/>\n\t\t\t\t\t\t\t\t\tS&rsquo;INSCRIRE AU COURS<br \/>\n\t\t\t\t\t<\/a><\/p>\n<h2 style=\"margin-right: 0px;margin-bottom: 0px;margin-left: 0px;font-family: Helvetica, sans-serif;font-weight: 100;font-size: 15px;padding: 0px\" data-elementor-setting-key=\"title\" data-pen-placeholder=\"\u00c9crivez ici...\">Possibilit\u00e9 de r\u00e9gler en plusieurs fois les cours de sculpture et modelage<\/h2>\n<p><strong>Si vous parrainez un nouvel entrant, nous vous offrons 20% de remise (10% pour le filleul) sur les frais d&rsquo;inscription.<\/strong><\/p>\n<p>N\u2019h\u00e9sitez pas \u00e0 nous contacter pour toute question ou orientation sur le choix d&rsquo;un cours.<br \/><strong>Contact : Christian Antonelli<\/strong><br \/><strong>T\u00e9l : <a href=\"0320150100\">03 20 15 01 00<\/a><\/strong><br \/>ou par Mail : <a href=\"mailto:terreetfeu59@gmail.com\">terreetfeu59@gmail.com<\/a><\/p>\n","protected":false},"excerpt":{"rendered":"<p>Cours de SCULPTURE \u00e0 Lille SCULPTURE et MODELAGE SCULPTURE et MODELAGE Cours de Sculpture et modelage pour d\u00e9butants et confirm\u00e9s &#8211; 75 avenue du Peuple Belge 59000 Lille S&rsquo;INSCRIRE AU COURS Cours de Sculpture et modelage pour d\u00e9butants et confirm\u00e9s &#8211; 75 avenue du Peuple Belge 59000 Lille Le modelage de l\u2019argile vous ouvre le [&hellip;]<\/p>\n","protected":false},"author":1,"featured_media":0,"parent":0,"menu_order":0,"comment_status":"closed","ping_status":"closed","template":"elementor_header_footer","meta":{"footnotes":""},"class_list":["post-33","page","type-page","status-publish","hentry"],"_links":{"self":[{"href":"https:\/\/www.terre-et-feu.com\/lille\/wp-json\/wp\/v2\/pages\/33","targetHints":{"allow":["GET"]}}],"collection":[{"href":"https:\/\/www.terre-et-feu.com\/lille\/wp-json\/wp\/v2\/pages"}],"about":[{"href":"https:\/\/www.terre-et-feu.com\/lille\/wp-json\/wp\/v2\/types\/page"}],"author":[{"embeddable":true,"href":"https:\/\/www.terre-et-feu.com\/lille\/wp-json\/wp\/v2\/users\/1"}],"replies":[{"embeddable":true,"href":"https:\/\/www.terre-et-feu.com\/lille\/wp-json\/wp\/v2\/comments?post=33"}],"version-history":[{"count":96,"href":"https:\/\/www.terre-et-feu.com\/lille\/wp-json\/wp\/v2\/pages\/33\/revisions"}],"predecessor-version":[{"id":2389,"href":"https:\/\/www.terre-et-feu.com\/lille\/wp-json\/wp\/v2\/pages\/33\/revisions\/2389"}],"wp:attachment":[{"href":"https:\/\/www.terre-et-feu.com\/lille\/wp-json\/wp\/v2\/media?parent=33"}],"curies":[{"name":"wp","href":"https:\/\/api.w.org\/{rel}","templated":true}]}}