{"id":56,"date":"2020-03-06T16:11:34","date_gmt":"2020-03-06T15:11:34","guid":{"rendered":"https:\/\/www.terre-et-feu.com\/lille\/?page_id=56"},"modified":"2025-08-20T16:48:18","modified_gmt":"2025-08-20T14:48:18","slug":"modele-vivant","status":"publish","type":"page","link":"https:\/\/www.terre-et-feu.com\/lille\/modele-vivant\/","title":{"rendered":"Cours de Dessin Peinture Mod\u00e8le Vivant \u2013 Lille"},"content":{"rendered":"<h2>Cours de DESSIN MODELE VIVANT \u00e0 Lille<\/h2>\n<h1>DESSIN et PEINTURE MODELE VIVANT<\/h1>\n<h1>DESSIN et PEINTURE MODELE VIVANT<\/h1>\n<h2>Cours de DESSIN et PEINTURE MODELE VIVANT pour d\u00e9butants et confirm\u00e9s &#8211; 75 avenue du Peuple Belge 59000 Lille<\/h2>\n<p>\t\t\t\t\t\t\t\t\t\t\t\t\t\t\t<img loading=\"lazy\" decoding=\"async\" width=\"400\" height=\"270\" src=\"https:\/\/www.terre-et-feu.com\/lille\/wp-content\/uploads\/sites\/7\/2020\/03\/MVdessin_lille_2-400x270.jpg\" alt=\"\" \/><br \/>\n\t\t\t\t\t\t\t\t\t\t\t\t\t\t\t<img loading=\"lazy\" decoding=\"async\" width=\"400\" height=\"270\" src=\"https:\/\/www.terre-et-feu.com\/lille\/wp-content\/uploads\/sites\/7\/2020\/03\/MVdessin_lille_3-400x270.jpg\" alt=\"\" \/><br \/>\n\t\t\t\t\t<a href=\"https:\/\/www.terre-et-feu.com\/lille\/wp-content\/uploads\/sites\/7\/2024\/06\/Cours-dessin-peinture-adulte-2024-25.pdf\" target=\"_blank\"><br \/>\n\t\t\t\t\t\t\t\t\tS&rsquo;INSCRIRE AU COURS<br \/>\n\t\t\t\t\t<\/a><\/p>\n<p><strong>Cours de DESSIN et PEINTURE MODELE VIVANT pour d\u00e9butants et confirm\u00e9s &#8211; 75 avenue du Peuple Belge 59000 Lille<\/strong><\/p>\n<p>Entra\u00eenement \u00e0 saisir rapidement ce qui fait l\u2019apparence humaine en poses courtes et longues.<br \/>Apprentissage de l\u2019anatomie humaine en perspective, en maitrisant les proportions, valeurs et volumes.<br \/>Initiation et perfectionnement au croquis toute technique (fusain, encre, peinture, pastel\u2026), accompagn\u00e9 par un intervenant exp\u00e9riment\u00e9.<\/p>\n<p><strong>MATERIEL FOURNI<br \/><\/strong>\u2022 Peinture acrylique, aquarelle, gouache, pastels, fusains, sanguine, pierre noire et mat\u00e9riels de base fournis gratuitement<br \/>\u2022 Feuilles de papier format raisin 90 g, 125 g et 250 g gratuites<br \/>\u2022 Les participants peuvent apporter leur propre mat\u00e9riel<\/p>\n<p><strong>ARTISTES FORMATEURS<\/strong><br \/>Christian ANTONELLI<\/p>\n<p>\t\t\t\t\t<a href=\"https:\/\/www.terre-et-feu.com\/lille\/wp-content\/uploads\/sites\/7\/2023\/06\/Cours-dessin-peinture-adulte-2023-24.pdf\" target=\"_blank\"><br \/>\n\t\t\t\t\t\t\t\t\tS&rsquo;INSCRIRE AU COURS<br \/>\n\t\t\t\t\t<\/a><br \/>\n\t\t\t\t\t\t\t\t\t\t\t\t\t\t\t<img loading=\"lazy\" decoding=\"async\" width=\"147\" height=\"120\" src=\"https:\/\/www.terre-et-feu.com\/lille\/wp-content\/uploads\/sites\/7\/2020\/03\/MVdessin_lille_2-147x120.jpg\" alt=\"\" \/>\t\t\t\t\t\t\t\t\t\t\t\t\t\t\t<\/p>\n<h1>PLANNING 2025 &#8211; 2026<\/h1>\n<h2><strong>Cours de DESSIN et PEINTURE MODELE VIVANT<\/strong> \u00e0 l&rsquo;atelier Terre &amp; Feu Lille &#8211; 75 avenue du Peuple Belge 59000 Lille<\/h2>\n<p>\t\t\t\t\t\t\t\t\tLUNDI +<br \/>\n\t\t\t\t\t\t\t\t\tLUNDI +<\/p>\n<table>\n<tbody>\n<tr>\n<td width=\"113\">de 18h30<br \/>\u00e0 21h30<\/td>\n<td width=\"490\"><strong>Peinture Dessin &#8211; Mod\u00e8le vivant<\/strong><br \/>Christian<br \/>Cours de 3h<br \/><strong><a href=\"https:\/\/www.terre-et-feu.com\/lille\/wp-content\/uploads\/sites\/7\/2025\/06\/Cours-dessin-peinture-adulte-2025-26.pdf\" target=\"_blank\" rel=\"noopener\">T\u00e9l\u00e9charger la fiche d&rsquo;inscription<\/a><\/strong><\/td>\n<\/tr>\n<\/tbody>\n<\/table>\n<h1>TARIFS 2025 &#8211; 2026<\/h1>\n<h2>Tarifs remis\u00e9s pour financement \u00e0 titre individuel.<br \/>\nSi financement par un tiers ( OPCO, P\u00f4le Emploi, cabinet de reclassement\u2026) Tarif de 24\u20ac \/ heure.<br \/>\nPossibilit\u00e9 de r\u00e9gler en plusieurs fois les cours de dessin et peinture mod\u00e8le vivant<\/h2>\n<h4>PEINTURE DESSIN<br \/>MODELE VIVANT 3H<\/h4>\n<p>Ann\u00e9e (36 s\u00e9ances)<br \/><strong>1 342\u20ac<br \/><\/strong><strong>Payable en 3 ch\u00e8ques : 2&#215;447\u20ac + 448\u20ac<\/strong><br \/>soit 12,43 \u20ac\/h<\/p>\n<p>Trimestre (12 s\u00e9ances)<br \/><strong>481\u20ac&nbsp;<\/strong><br \/>soit 13,36 \u20ac\/h<\/p>\n<p>\t\t\t\t\t<a href=\"https:\/\/www.terre-et-feu.com\/lille\/wp-content\/uploads\/sites\/7\/2025\/06\/Cours-dessin-peinture-adulte-2025-26.pdf\" target=\"_blank\"><br \/>\n\t\t\t\t\t\t\t\t\tS&rsquo;INSCRIRE AU COURS<br \/>\n\t\t\t\t\t<\/a><\/p>\n<h2 style=\"margin-right: 0px;margin-bottom: 0px;margin-left: 0px;font-family: Helvetica, sans-serif;font-weight: 100;font-size: 15px;padding: 0px\" data-elementor-setting-key=\"title\" data-pen-placeholder=\"\u00c9crivez ici...\">Possibilit\u00e9 de r\u00e9gler en plusieurs fois les cours de dessin et peinture mod\u00e8le vivant<\/h2>\n<blockquote>\n<p>Possibilit\u00e9 de r\u00e9gler en plusieurs fois.<\/p>\n<p>Si vous parrainez un nouvel entrant, nous vous offrons <strong>20% de remise<\/strong> (10% pour le filleul) sur les frais d&rsquo;inscription.<\/p>\n<p>&gt; Mat\u00e9riel de base, fournitures inclus.<br \/>&gt; S\u00e9ance d&rsquo;essai : 40\u20ac\u00a0<br \/>&gt; Outils mis \u00e0 disposition sur place<\/p>\n<\/blockquote>\n<p>N\u2019h\u00e9sitez pas \u00e0 nous contacter pour toute question ou orientation sur le choix d&rsquo;un cours.<br \/><strong>Contact : Christian Antonelli<\/strong><br \/><strong>T\u00e9l : <a href=\"0320150100\">03 20 15 01 00<\/a><\/strong><br \/>ou par Mail : <a href=\"mailto:terreetfeu59@gmail.com\">terreetfeu59@gmail.com<\/a><\/p>\n","protected":false},"excerpt":{"rendered":"<p>Cours de DESSIN MODELE VIVANT \u00e0 Lille DESSIN et PEINTURE MODELE VIVANT DESSIN et PEINTURE MODELE VIVANT Cours de DESSIN et PEINTURE MODELE VIVANT pour d\u00e9butants et confirm\u00e9s &#8211; 75 avenue du Peuple Belge 59000 Lille S&rsquo;INSCRIRE AU COURS Cours de DESSIN et PEINTURE MODELE VIVANT pour d\u00e9butants et confirm\u00e9s &#8211; 75 avenue du Peuple [&hellip;]<\/p>\n","protected":false},"author":1,"featured_media":0,"parent":0,"menu_order":0,"comment_status":"closed","ping_status":"closed","template":"elementor_header_footer","meta":{"footnotes":""},"class_list":["post-56","page","type-page","status-publish","hentry"],"_links":{"self":[{"href":"https:\/\/www.terre-et-feu.com\/lille\/wp-json\/wp\/v2\/pages\/56","targetHints":{"allow":["GET"]}}],"collection":[{"href":"https:\/\/www.terre-et-feu.com\/lille\/wp-json\/wp\/v2\/pages"}],"about":[{"href":"https:\/\/www.terre-et-feu.com\/lille\/wp-json\/wp\/v2\/types\/page"}],"author":[{"embeddable":true,"href":"https:\/\/www.terre-et-feu.com\/lille\/wp-json\/wp\/v2\/users\/1"}],"replies":[{"embeddable":true,"href":"https:\/\/www.terre-et-feu.com\/lille\/wp-json\/wp\/v2\/comments?post=56"}],"version-history":[{"count":72,"href":"https:\/\/www.terre-et-feu.com\/lille\/wp-json\/wp\/v2\/pages\/56\/revisions"}],"predecessor-version":[{"id":2383,"href":"https:\/\/www.terre-et-feu.com\/lille\/wp-json\/wp\/v2\/pages\/56\/revisions\/2383"}],"wp:attachment":[{"href":"https:\/\/www.terre-et-feu.com\/lille\/wp-json\/wp\/v2\/media?parent=56"}],"curies":[{"name":"wp","href":"https:\/\/api.w.org\/{rel}","templated":true}]}}