{"id":64,"date":"2020-03-06T16:17:30","date_gmt":"2020-03-06T15:17:30","guid":{"rendered":"https:\/\/www.terre-et-feu.com\/lille\/?page_id=64"},"modified":"2025-08-06T17:27:33","modified_gmt":"2025-08-06T15:27:33","slug":"histoire-de-lart","status":"publish","type":"page","link":"https:\/\/www.terre-et-feu.com\/lille\/histoire-de-lart\/","title":{"rendered":"Cours d&rsquo;Histoire de l&rsquo;Art \u2013 Lille"},"content":{"rendered":"<h2>Cours d&rsquo;HISTOIRE de L&rsquo;ART \u00e0 Lille<\/h2>\n<h1>HISTOIRE de L&rsquo;ART<\/h1>\n<h1>HISTOIRE de L&rsquo;ART<\/h1>\n<h2>Cours d&rsquo;HISTOIRE de L&rsquo;ART pour d\u00e9butants et confirm\u00e9s &#8211; 75 avenue du Peuple Belge 59000 Lille<\/h2>\n<p>\t\t\t\t\t\t\t\t\t\t\t\t\t\t\t<img loading=\"lazy\" decoding=\"async\" width=\"400\" height=\"270\" src=\"https:\/\/www.terre-et-feu.com\/lille\/wp-content\/uploads\/sites\/7\/2020\/03\/HA_lille_2-400x270.jpg\" alt=\"\" \/><br \/>\n\t\t\t\t\t\t\t\t\t\t\t\t\t\t\t<img loading=\"lazy\" decoding=\"async\" width=\"400\" height=\"270\" src=\"https:\/\/www.terre-et-feu.com\/lille\/wp-content\/uploads\/sites\/7\/2020\/03\/HA_lille_3-400x270.jpg\" alt=\"\" \/><br \/>\n\t\t\t\t\t<a href=\"https:\/\/www.terre-et-feu.com\/lille\/wp-content\/uploads\/sites\/7\/2025\/06\/Cours-dessin-peinture-adulte-2025-26.pdf\" target=\"_blank\"><br \/>\n\t\t\t\t\t\t\t\t\tS&rsquo;INSCRIRE AU COURS<br \/>\n\t\t\t\t\t<\/a><\/p>\n<p><strong>Cours d&rsquo;HISTOIRE de L&rsquo;ART pour d\u00e9butants et confirm\u00e9s &#8211; 75 avenue du Peuple Belge 59000 Lille<\/strong><\/p>\n<p>Ce cours innovant offre un socle de connaissance en histoire de l\u2019art et des civilisations, et propose de transcrire les \u0153uvres \u00e9tudi\u00e9es sous forme de carnets de croquis, agr\u00e9ment\u00e9s de notes.<br \/>Trois \u00e0 quatre dessins sont r\u00e9alis\u00e9s \u00e0 chaque s\u00e9ance, pour mieux int\u00e9grer l\u2019apprentissage des grandes p\u00e9riodes et civilisations de l\u2019histoire de l\u2019art et pour mieux les garder en m\u00e9moire.<br \/>Toutes les techniques de dessin \/ peinture sont explor\u00e9es (sauf la peinture \u00e0 l\u2019huile) pour la r\u00e9alisation de ces carnets.<\/p>\n<p><strong>MATERIEL FOURNI<br \/><\/strong>\u2022 Peinture acrylique, aquarelle, gouache, pastels, fusains, sanguine, pierre noire et mat\u00e9riels de base fournis gratuitement<br \/>\u2022 Feuilles de papier format raisin 90 g, 125 g et 250 g gratuites<br \/>\u2022 Les participants peuvent apporter leur propre mat\u00e9riel<\/p>\n<p><strong>ARTISTE FORMATEUR<\/strong><br \/>Christian ANTONELLI<\/p>\n<p>\t\t\t\t\t<a href=\"https:\/\/www.terre-et-feu.com\/lille\/wp-content\/uploads\/sites\/7\/2025\/06\/Cours-dessin-peinture-adulte-2025-26.pdf\" target=\"_blank\"><br \/>\n\t\t\t\t\t\t\t\t\tS&rsquo;INSCRIRE AU COURS<br \/>\n\t\t\t\t\t<\/a><br \/>\n\t\t\t\t\t\t\t\t\t\t\t\t\t\t\t<img loading=\"lazy\" decoding=\"async\" width=\"147\" height=\"120\" src=\"https:\/\/www.terre-et-feu.com\/lille\/wp-content\/uploads\/sites\/7\/2020\/03\/HA_lille_2-147x120.jpg\" alt=\"\" \/>\t\t\t\t\t\t\t\t\t\t\t\t\t\t\t<\/p>\n<h1>PLANNING 2025 &#8211; 2026<\/h1>\n<h1>Si vous parrainez un nouvel entrant, nous vous offrons 20% de remise (10% pour le filleul) sur les frais d&rsquo;inscription.<\/h1>\n<h2><strong>Cours d&rsquo;HISTOIRE de L&rsquo;ART<\/strong> \u00e0 l&rsquo;atelier Terre &amp; Feu Lille &#8211; 75 avenue du Peuple Belge 59000 Lille<\/h2>\n<p>\t\t\t\t\t\t\t\t\tMARDI +<br \/>\n\t\t\t\t\t\t\t\t\tMARDI +<\/p>\n<table>\n<tbody>\n<tr>\n<td width=\"113\">de 9h30<br \/>\u00e0 12h30<\/td>\n<td width=\"490\"><strong>Histoire de l\u2019art en dessin<\/strong><br \/>Christian<br \/>Cours de 3h<br \/><strong><a href=\"https:\/\/www.terre-et-feu.com\/lille\/wp-content\/uploads\/sites\/7\/2025\/06\/Cours-dessin-peinture-adulte-2025-26.pdf\" target=\"_blank\" rel=\"noopener\">T\u00e9l\u00e9charger la fiche d&rsquo;inscription<\/a><\/strong><\/td>\n<\/tr>\n<\/tbody>\n<\/table>\n<h1>TARIFS 2025 &#8211; 2026<\/h1>\n<h4>HISTOIRE de L&rsquo;ART &amp; DESSIN 3H<\/h4>\n<p>Ann\u00e9e (36 s\u00e9ances)<br \/><strong>1 214\u20ac<br \/><\/strong><strong>Payable en 3 ch\u00e8ques : 2&#215;405\u20ac + 404\u20ac<\/strong><br \/>soit 11,24 \u20ac\/h<\/p>\n<p>Trimestre (12 s\u00e9ances)<br \/><strong>450\u20ac\u00a0<\/strong><br \/>soit 12,50 \u20ac\/h<\/p>\n<p>\t\t\t\t\t<a href=\"https:\/\/www.terre-et-feu.com\/lille\/wp-content\/uploads\/sites\/7\/2025\/06\/Cours-dessin-peinture-adulte-2025-26.pdf\" target=\"_blank\"><br \/>\n\t\t\t\t\t\t\t\t\tS&rsquo;INSCRIRE AU COURS<br \/>\n\t\t\t\t\t<\/a><\/p>\n<h2 style=\"margin-right: 0px;margin-bottom: 0px;margin-left: 0px;font-family: Helvetica, sans-serif;font-weight: 100;font-size: 15px;padding: 0px\" data-elementor-setting-key=\"title\" data-pen-placeholder=\"\u00c9crivez ici...\">Possibilit\u00e9 de r\u00e9gler en plusieurs fois les cours d&rsquo;histoire de l&rsquo;art<\/h2>\n<blockquote>\n<p>&gt; Mat\u00e9riel de base, fournitures inclus.<br \/>&gt; S\u00e9ance d&rsquo;essai : 40\u20ac\u00a0<br \/>&gt; Outils mis \u00e0 disposition sur place<\/p>\n<\/blockquote>\n<p>N\u2019h\u00e9sitez pas \u00e0 nous contacter pour toute question ou orientation sur le choix d&rsquo;un cours.<br \/><strong>Contact : Christian Antonelli<\/strong><br \/><strong>T\u00e9l : <a href=\"0320150100\">03 20 15 01 00<\/a><\/strong><br \/>ou par Mail : <a href=\"mailto:terreetfeu59@gmail.com\">terreetfeu59@gmail.com<\/a><\/p>\n","protected":false},"excerpt":{"rendered":"<p>Cours d&rsquo;HISTOIRE de L&rsquo;ART \u00e0 Lille HISTOIRE de L&rsquo;ART HISTOIRE de L&rsquo;ART Cours d&rsquo;HISTOIRE de L&rsquo;ART pour d\u00e9butants et confirm\u00e9s &#8211; 75 avenue du Peuple Belge 59000 Lille S&rsquo;INSCRIRE AU COURS Cours d&rsquo;HISTOIRE de L&rsquo;ART pour d\u00e9butants et confirm\u00e9s &#8211; 75 avenue du Peuple Belge 59000 Lille Ce cours innovant offre un socle de connaissance [&hellip;]<\/p>\n","protected":false},"author":1,"featured_media":0,"parent":0,"menu_order":0,"comment_status":"closed","ping_status":"closed","template":"elementor_header_footer","meta":{"footnotes":""},"class_list":["post-64","page","type-page","status-publish","hentry"],"_links":{"self":[{"href":"https:\/\/www.terre-et-feu.com\/lille\/wp-json\/wp\/v2\/pages\/64","targetHints":{"allow":["GET"]}}],"collection":[{"href":"https:\/\/www.terre-et-feu.com\/lille\/wp-json\/wp\/v2\/pages"}],"about":[{"href":"https:\/\/www.terre-et-feu.com\/lille\/wp-json\/wp\/v2\/types\/page"}],"author":[{"embeddable":true,"href":"https:\/\/www.terre-et-feu.com\/lille\/wp-json\/wp\/v2\/users\/1"}],"replies":[{"embeddable":true,"href":"https:\/\/www.terre-et-feu.com\/lille\/wp-json\/wp\/v2\/comments?post=64"}],"version-history":[{"count":92,"href":"https:\/\/www.terre-et-feu.com\/lille\/wp-json\/wp\/v2\/pages\/64\/revisions"}],"predecessor-version":[{"id":2320,"href":"https:\/\/www.terre-et-feu.com\/lille\/wp-json\/wp\/v2\/pages\/64\/revisions\/2320"}],"wp:attachment":[{"href":"https:\/\/www.terre-et-feu.com\/lille\/wp-json\/wp\/v2\/media?parent=64"}],"curies":[{"name":"wp","href":"https:\/\/api.w.org\/{rel}","templated":true}]}}