{"id":10952,"date":"2025-07-08T11:06:22","date_gmt":"2025-07-08T09:06:22","guid":{"rendered":"https:\/\/www.terre-et-feu.com\/maisons-laffitte\/?page_id=10952"},"modified":"2026-03-24T11:22:57","modified_gmt":"2026-03-24T10:22:57","slug":"prepa-aux-voies-artistiques","status":"publish","type":"page","link":"https:\/\/www.terre-et-feu.com\/maisons-laffitte\/prepa-aux-voies-artistiques\/","title":{"rendered":"Pr\u00e9pa aux Voies Artistiques"},"content":{"rendered":"\t\t<div data-elementor-type=\"wp-page\" data-elementor-id=\"10952\" class=\"elementor elementor-10952\" data-elementor-settings=\"{&quot;element_pack_global_tooltip_width&quot;:{&quot;unit&quot;:&quot;px&quot;,&quot;size&quot;:&quot;&quot;,&quot;sizes&quot;:[]},&quot;element_pack_global_tooltip_width_tablet&quot;:{&quot;unit&quot;:&quot;px&quot;,&quot;size&quot;:&quot;&quot;,&quot;sizes&quot;:[]},&quot;element_pack_global_tooltip_width_mobile&quot;:{&quot;unit&quot;:&quot;px&quot;,&quot;size&quot;:&quot;&quot;,&quot;sizes&quot;:[]},&quot;element_pack_global_tooltip_padding&quot;:{&quot;unit&quot;:&quot;px&quot;,&quot;top&quot;:&quot;&quot;,&quot;right&quot;:&quot;&quot;,&quot;bottom&quot;:&quot;&quot;,&quot;left&quot;:&quot;&quot;,&quot;isLinked&quot;:true},&quot;element_pack_global_tooltip_padding_tablet&quot;:{&quot;unit&quot;:&quot;px&quot;,&quot;top&quot;:&quot;&quot;,&quot;right&quot;:&quot;&quot;,&quot;bottom&quot;:&quot;&quot;,&quot;left&quot;:&quot;&quot;,&quot;isLinked&quot;:true},&quot;element_pack_global_tooltip_padding_mobile&quot;:{&quot;unit&quot;:&quot;px&quot;,&quot;top&quot;:&quot;&quot;,&quot;right&quot;:&quot;&quot;,&quot;bottom&quot;:&quot;&quot;,&quot;left&quot;:&quot;&quot;,&quot;isLinked&quot;:true},&quot;element_pack_global_tooltip_border_radius&quot;:{&quot;unit&quot;:&quot;px&quot;,&quot;top&quot;:&quot;&quot;,&quot;right&quot;:&quot;&quot;,&quot;bottom&quot;:&quot;&quot;,&quot;left&quot;:&quot;&quot;,&quot;isLinked&quot;:true},&quot;element_pack_global_tooltip_border_radius_tablet&quot;:{&quot;unit&quot;:&quot;px&quot;,&quot;top&quot;:&quot;&quot;,&quot;right&quot;:&quot;&quot;,&quot;bottom&quot;:&quot;&quot;,&quot;left&quot;:&quot;&quot;,&quot;isLinked&quot;:true},&quot;element_pack_global_tooltip_border_radius_mobile&quot;:{&quot;unit&quot;:&quot;px&quot;,&quot;top&quot;:&quot;&quot;,&quot;right&quot;:&quot;&quot;,&quot;bottom&quot;:&quot;&quot;,&quot;left&quot;:&quot;&quot;,&quot;isLinked&quot;:true}}\" data-elementor-post-type=\"page\">\n\t\t\t\t\t\t<section class=\"elementor-section elementor-top-section elementor-element elementor-element-0966e67 elementor-hidden-phone elementor-hidden-desktop elementor-section-boxed elementor-section-height-default elementor-section-height-default\" data-id=\"0966e67\" data-element_type=\"section\" data-e-type=\"section\">\n\t\t\t\t\t\t<div class=\"elementor-container elementor-column-gap-default\">\n\t\t\t\t\t<div class=\"elementor-column elementor-col-100 elementor-top-column elementor-element elementor-element-ec9ee64\" data-id=\"ec9ee64\" data-element_type=\"column\" data-e-type=\"column\">\n\t\t\t<div class=\"elementor-widget-wrap elementor-element-populated\">\n\t\t\t\t\t\t<div class=\"elementor-element elementor-element-0b34987 elementor-widget elementor-widget-spacer\" data-id=\"0b34987\" data-element_type=\"widget\" data-e-type=\"widget\" data-widget_type=\"spacer.default\">\n\t\t\t\t\t\t\t<div class=\"elementor-spacer\">\n\t\t\t<div class=\"elementor-spacer-inner\"><\/div>\n\t\t<\/div>\n\t\t\t\t\t\t<\/div>\n\t\t\t\t\t<\/div>\n\t\t<\/div>\n\t\t\t\t\t<\/div>\n\t\t<\/section>\n\t\t\t\t<section class=\"elementor-section elementor-top-section elementor-element elementor-element-9147e87 elementor-hidden-phone elementor-section-boxed elementor-section-height-default elementor-section-height-default\" data-id=\"9147e87\" data-element_type=\"section\" data-e-type=\"section\" data-settings=\"{&quot;background_background&quot;:&quot;classic&quot;}\">\n\t\t\t\t\t\t<div class=\"elementor-container elementor-column-gap-default\">\n\t\t\t\t\t<div class=\"elementor-column elementor-col-33 elementor-top-column elementor-element elementor-element-99b1e85\" data-id=\"99b1e85\" data-element_type=\"column\" data-e-type=\"column\">\n\t\t\t<div class=\"elementor-widget-wrap\">\n\t\t\t\t\t\t\t<\/div>\n\t\t<\/div>\n\t\t\t\t<div class=\"elementor-column elementor-col-33 elementor-top-column elementor-element elementor-element-6bf0a6c\" data-id=\"6bf0a6c\" data-element_type=\"column\" data-e-type=\"column\" data-settings=\"{&quot;background_background&quot;:&quot;classic&quot;}\">\n\t\t\t<div class=\"elementor-widget-wrap elementor-element-populated\">\n\t\t\t\t\t\t<div class=\"elementor-element elementor-element-789e5d1 elementor-widget elementor-widget-spacer\" data-id=\"789e5d1\" data-element_type=\"widget\" data-e-type=\"widget\" data-widget_type=\"spacer.default\">\n\t\t\t\t\t\t\t<div class=\"elementor-spacer\">\n\t\t\t<div class=\"elementor-spacer-inner\"><\/div>\n\t\t<\/div>\n\t\t\t\t\t\t<\/div>\n\t\t\t\t<div class=\"elementor-element elementor-element-a127ef6 elementor-widget elementor-widget-heading\" data-id=\"a127ef6\" data-element_type=\"widget\" data-e-type=\"widget\" data-widget_type=\"heading.default\">\n\t\t\t\t\t<h1 class=\"elementor-heading-title elementor-size-default\">Pr\u00e9pa aux voies artistiques \u00e0 Maisons-Laffitte<\/h1>\t\t\t\t<\/div>\n\t\t\t\t<div class=\"elementor-element elementor-element-0c1b35a elementor-widget elementor-widget-spacer\" data-id=\"0c1b35a\" data-element_type=\"widget\" data-e-type=\"widget\" data-widget_type=\"spacer.default\">\n\t\t\t\t\t\t\t<div class=\"elementor-spacer\">\n\t\t\t<div class=\"elementor-spacer-inner\"><\/div>\n\t\t<\/div>\n\t\t\t\t\t\t<\/div>\n\t\t\t\t\t<\/div>\n\t\t<\/div>\n\t\t\t\t<div class=\"elementor-column elementor-col-33 elementor-top-column elementor-element elementor-element-947a087\" data-id=\"947a087\" data-element_type=\"column\" data-e-type=\"column\">\n\t\t\t<div class=\"elementor-widget-wrap\">\n\t\t\t\t\t\t\t<\/div>\n\t\t<\/div>\n\t\t\t\t\t<\/div>\n\t\t<\/section>\n\t\t\t\t<section class=\"elementor-section elementor-top-section elementor-element elementor-element-e869c50 elementor-section-boxed elementor-section-height-default elementor-section-height-default\" data-id=\"e869c50\" data-element_type=\"section\" data-e-type=\"section\">\n\t\t\t\t\t\t<div class=\"elementor-container elementor-column-gap-default\">\n\t\t\t\t\t<div class=\"elementor-column elementor-col-33 elementor-top-column elementor-element elementor-element-6752b7d\" data-id=\"6752b7d\" data-element_type=\"column\" data-e-type=\"column\">\n\t\t\t<div class=\"elementor-widget-wrap\">\n\t\t\t\t\t\t\t<\/div>\n\t\t<\/div>\n\t\t\t\t<div class=\"elementor-column elementor-col-33 elementor-top-column elementor-element elementor-element-9b431a2\" data-id=\"9b431a2\" data-element_type=\"column\" data-e-type=\"column\">\n\t\t\t<div class=\"elementor-widget-wrap elementor-element-populated\">\n\t\t\t\t\t\t<div class=\"elementor-element elementor-element-cd54ac6 elementor-widget elementor-widget-heading\" data-id=\"cd54ac6\" data-element_type=\"widget\" data-e-type=\"widget\" data-widget_type=\"heading.default\">\n\t\t\t\t\t<h2 class=\"elementor-heading-title elementor-size-medium\">Parcours de pr\u00e9paration aux \u00e9coles sup\u00e9rieures d'art<\/h2>\t\t\t\t<\/div>\n\t\t\t\t<div class=\"elementor-element elementor-element-3e376d0 elementor-hidden-desktop elementor-hidden-tablet elementor-widget elementor-widget-heading\" data-id=\"3e376d0\" data-element_type=\"widget\" data-e-type=\"widget\" data-widget_type=\"heading.default\">\n\t\t\t\t\t<h1 class=\"elementor-heading-title elementor-size-medium\">Pr\u00e9pa ou mise \u00e0 niveau en Arts Plastiques\u200b<\/h1>\t\t\t\t<\/div>\n\t\t\t\t<div class=\"elementor-element elementor-element-11da448 elementor-widget elementor-widget-text-editor\" data-id=\"11da448\" data-element_type=\"widget\" data-e-type=\"widget\" data-widget_type=\"text-editor.default\">\n\t\t\t\t\t\t\t\t\t<p><strong>Vous souhaitez vous mettre \u00e0 niveau pour les m\u00e9tiers des arts graphiques et plastiques, \u00a0int\u00e9grer\u00a0 une\u00a0 \u00e9cole\u00a0 d\u2019Art ou d\u2019Architecture ? Cette Pr\u00e9pa aux Voies Artistiques vous offre un parcours personnalisable pour renforcer vos comp\u00e9tences artistiques et s\u2019adapter \u00e0 votre projet !<\/strong><\/p>\t\t\t\t\t\t\t\t<\/div>\n\t\t\t\t<section class=\"elementor-section elementor-inner-section elementor-element elementor-element-23ecc3f elementor-section-boxed elementor-section-height-default elementor-section-height-default\" data-id=\"23ecc3f\" data-element_type=\"section\" data-e-type=\"section\">\n\t\t\t\t\t\t<div class=\"elementor-container elementor-column-gap-default\">\n\t\t\t\t\t<div class=\"elementor-column elementor-col-50 elementor-inner-column elementor-element elementor-element-3705020 elementor-hidden-phone\" data-id=\"3705020\" data-element_type=\"column\" data-e-type=\"column\">\n\t\t\t<div class=\"elementor-widget-wrap elementor-element-populated\">\n\t\t\t\t\t\t<div class=\"elementor-element elementor-element-de5c919 elementor-widget elementor-widget-image\" data-id=\"de5c919\" data-element_type=\"widget\" data-e-type=\"widget\" data-widget_type=\"image.default\">\n\t\t\t\t\t\t\t\t\t\t\t\t\t\t\t<img fetchpriority=\"high\" decoding=\"async\" width=\"344\" height=\"230\" src=\"https:\/\/www.terre-et-feu.com\/maisons-laffitte\/wp-content\/uploads\/sites\/6\/2020\/02\/prepa_ML1.jpg\" class=\"attachment-full size-full wp-image-614\" alt=\"\" \/>\t\t\t\t\t\t\t\t\t\t\t\t\t\t\t<\/div>\n\t\t\t\t<div class=\"elementor-element elementor-element-eda028d elementor-widget elementor-widget-image\" data-id=\"eda028d\" data-element_type=\"widget\" data-e-type=\"widget\" data-widget_type=\"image.default\">\n\t\t\t\t\t\t\t\t\t\t\t\t\t\t\t<img decoding=\"async\" width=\"344\" height=\"230\" src=\"https:\/\/www.terre-et-feu.com\/maisons-laffitte\/wp-content\/uploads\/sites\/6\/2020\/02\/prepa_ML3-e1631899048388.jpg\" class=\"attachment-full size-full wp-image-618\" alt=\"\" \/>\t\t\t\t\t\t\t\t\t\t\t\t\t\t\t<\/div>\n\t\t\t\t<div class=\"elementor-element elementor-element-eb83e07 elementor-widget elementor-widget-image\" data-id=\"eb83e07\" data-element_type=\"widget\" data-e-type=\"widget\" data-widget_type=\"image.default\">\n\t\t\t\t\t\t\t\t\t\t\t\t\t\t\t<img decoding=\"async\" width=\"344\" height=\"230\" src=\"https:\/\/www.terre-et-feu.com\/maisons-laffitte\/wp-content\/uploads\/sites\/6\/2020\/02\/prepa_ML2.jpg\" class=\"attachment-full size-full wp-image-615\" alt=\"\" \/>\t\t\t\t\t\t\t\t\t\t\t\t\t\t\t<\/div>\n\t\t\t\t\t<\/div>\n\t\t<\/div>\n\t\t\t\t<div class=\"elementor-column elementor-col-50 elementor-inner-column elementor-element elementor-element-1b217e0\" data-id=\"1b217e0\" data-element_type=\"column\" data-e-type=\"column\">\n\t\t\t<div class=\"elementor-widget-wrap elementor-element-populated\">\n\t\t\t\t\t\t<div class=\"elementor-element elementor-element-387e9fc elementor-widget__width-initial elementor-widget elementor-widget-heading\" data-id=\"387e9fc\" data-element_type=\"widget\" data-e-type=\"widget\" data-widget_type=\"heading.default\">\n\t\t\t\t\t<h2 class=\"elementor-heading-title elementor-size-medium\">Cours de Dessin Renforc\u00e9 et Expression personnelle<\/h2>\t\t\t\t<\/div>\n\t\t\t\t<div class=\"elementor-element elementor-element-dcc2e3d elementor-widget elementor-widget-text-editor\" data-id=\"dcc2e3d\" data-element_type=\"widget\" data-e-type=\"widget\" data-widget_type=\"text-editor.default\">\n\t\t\t\t\t\t\t\t\t<p><br \/>La pr\u00e9paration aux \u00e9coles sup\u00e9rieures d&rsquo;art s&rsquo;articule autour du cours de dessin renforc\u00e9 et expression personnelle.<\/p><p>Ce cours a pour but de vous faire progresser en dessin, en ouvrant le champ aux techniques diverses li\u00e9es \u00e0 ce m\u00e9dium. Il s&rsquo;agit \u00e9galement, par le dessin, de d\u00e9velopper un travail individuel de recherche d&rsquo;un univers plastique, aboutissant \u00e0 la fin de l&rsquo;ann\u00e9e \u00e0 un dossier tr\u00e8s personnel, qui t\u00e9moigne du travail et de l&rsquo;investissement de chaque \u00e9l\u00e8ve, ainsi que de son ouverture et de sa curiosit\u00e9 artistiques.<\/p><p>Cette formation vous am\u00e8ne \u00e0 d\u00e9velopper votre cr\u00e9ativit\u00e9 et \u00e0 formuler votre propre discours artistique, afin de r\u00e9aliser votre projet professionnel.<\/p><p>Vous serez principalement accompagn\u00e9 par notre formateur en Illustration, Bertrand Dubois, pour les cours pratiques visant \u00e0 approfondir les techniques de dessin.<\/p><p>Outre les cours pratiques,<strong>\u00a0la p\u00e9dagogie vise \u00e9galement \u00e0 la constitution d\u2019un dossier de travaux personnels,\u00a0<\/strong>outil \u00a0indispensable pour acc\u00e9der \u00e0 l\u2019enseignement artistique sup\u00e9rieur. Vous aurez l\u2019occasion de b\u00e9n\u00e9ficier d&rsquo;un suivi p\u00e9dagogique individuel avec notre formateur Guillaume Duffner.<\/p><p>C&rsquo;est une formation de\u00a0105 heures \u00e0 raison de 2h30 \u00e0 3h30 hebdomadaires sur 35 semaines, ouverte \u00e0 toute personne souhaitant am\u00e9liorer sa ma\u00eetrise des techniques du dessin dans un but de repr\u00e9sentation figurative cr\u00e9ative.<\/p><p><strong>Ce cours fait partie d&rsquo;un ensemble de possibilit\u00e9s choisies en fonction de la personnalit\u00e9 de chacun, constituant un socle solide afin d&rsquo;int\u00e9grer des formation d&rsquo;Arts Sup\u00e9rieures.<\/strong><\/p>\t\t\t\t\t\t\t\t<\/div>\n\t\t\t\t\t<\/div>\n\t\t<\/div>\n\t\t\t\t\t<\/div>\n\t\t<\/section>\n\t\t\t\t<section class=\"elementor-section elementor-inner-section elementor-element elementor-element-f93b2ed elementor-hidden-desktop elementor-hidden-tablet elementor-section-boxed elementor-section-height-default elementor-section-height-default\" data-id=\"f93b2ed\" data-element_type=\"section\" data-e-type=\"section\">\n\t\t\t\t\t\t<div class=\"elementor-container elementor-column-gap-default\">\n\t\t\t\t\t<div class=\"elementor-column elementor-col-50 elementor-inner-column elementor-element elementor-element-09923ae\" data-id=\"09923ae\" data-element_type=\"column\" data-e-type=\"column\">\n\t\t\t<div class=\"elementor-widget-wrap\">\n\t\t\t\t\t\t\t<\/div>\n\t\t<\/div>\n\t\t\t\t<div class=\"elementor-column elementor-col-50 elementor-inner-column elementor-element elementor-element-229e5d2\" data-id=\"229e5d2\" data-element_type=\"column\" data-e-type=\"column\">\n\t\t\t<div class=\"elementor-widget-wrap elementor-element-populated\">\n\t\t\t\t\t\t<div class=\"elementor-element elementor-element-3b3a367 elementor-widget elementor-widget-image\" data-id=\"3b3a367\" data-element_type=\"widget\" data-e-type=\"widget\" data-widget_type=\"image.default\">\n\t\t\t\t\t\t\t\t\t\t\t\t\t\t\t<img loading=\"lazy\" decoding=\"async\" width=\"147\" height=\"120\" src=\"https:\/\/www.terre-et-feu.com\/maisons-laffitte\/wp-content\/uploads\/sites\/6\/2020\/02\/prepa_ML2-147x120.jpg\" class=\"attachment-thumbnail size-thumbnail wp-image-615\" alt=\"\" \/>\t\t\t\t\t\t\t\t\t\t\t\t\t\t\t<\/div>\n\t\t\t\t\t<\/div>\n\t\t<\/div>\n\t\t\t\t\t<\/div>\n\t\t<\/section>\n\t\t\t\t<div class=\"elementor-element elementor-element-9166888 elementor-widget elementor-widget-heading\" data-id=\"9166888\" data-element_type=\"widget\" data-e-type=\"widget\" data-widget_type=\"heading.default\">\n\t\t\t\t\t<h2 class=\"elementor-heading-title elementor-size-medium\">Pr\u00e9pa aux \u00e9coles sup\u00e9rieures d'art<\/h2>\t\t\t\t<\/div>\n\t\t\t\t<div class=\"elementor-element elementor-element-374f542 elementor-widget elementor-widget-text-editor\" data-id=\"374f542\" data-element_type=\"widget\" data-e-type=\"widget\" data-widget_type=\"text-editor.default\">\n\t\t\t\t\t\t\t\t\t<p>Cette pr\u00e9paration aux grandes \u00e9coles d&rsquo;art vous offre un parcours personnalisable pour s&rsquo;adapter \u00e0 votre projet ! Notre objectif est, durant cette ann\u00e9e charni\u00e8re, de vous pr\u00e9parer activement aux concours des Grandes Ecoles, aux \u00e9tudes sup\u00e9rieures d&rsquo;Art, ou aux m\u00e9tiers de la cr\u00e9ation, par la pratique intensive des disciplines fondamentales du Dessin, de la Peinture, de la Sculpture et du Volume, de la Perspective, et de l&rsquo;Illustration et, si n\u00e9cessaire, d&rsquo;ouvrir le champ sur des pratiques sp\u00e9cialis\u00e9es qui pr\u00e9figurent les possibilit\u00e9s d&rsquo;orientations futures.<\/p><p>Le cadre des\u00a0<strong>formules propos\u00e9es de 4 \u00e0 8 s\u00e9ances par semaine (10 \u00e0 25 heures hebdomadaires)<\/strong>, de septembre \u00e0 juin, vous permet de choisir l\u2019emploi du temps qui vous convient le mieux,\u00a0en fonction de vos aspirations et acquis, en combinant les 5 modules ci-dessous:<\/p><ul><li>Dessin : Renforc\u00e9 et Expression personnelle, Fondamentaux, Mod\u00e8le Vivant, Dessin Contemporain<\/li><li>Narration : Illustration, BD, Manga,<\/li><li>Num\u00e9rique : Digital painting, Concept Art, Accompagnement de projet<\/li><li>Cr\u00e9ation et Ouvertures Techniques : C\u00e9ramique, Histoire de l\u2019Art Appliqu\u00e9e, Ateliers techniques<\/li><li>Volume : Sculpture, Modelage<\/li><\/ul><p><br \/>Le mat\u00e9riel de base est mis \u00e0 disposition des \u00e9l\u00e8ves (papier, pinceaux, couleurs, fusains, chevalets, terre, \u00e9maux, \u2026)<\/p><p><strong>Pour conna\u00eetre les modalit\u00e9s d\u2019inscription, contactez nous au 01.39.12.58.50 ou par mail \u00e0 l\u2019adresse\u00a0<a href=\"mailto:maisons-laffitte@terre-et-feu.com\">maisons-laffitte@terre-et-feu.com<\/a><\/strong><\/p><p><em>L&rsquo;acc\u00e8s \u00e0 la formation se fait apr\u00e8s validation des objectifs et acquis du candidat.\u00a0 Une proposition de calendrier est faite sous 8 \u00e0 15 jours apr\u00e8s r\u00e9ceptionde la demande de formation.<\/em><\/p><p><em>Un certificat de comp\u00e9tences attest\u00e9es selon nos modalit\u00e9s d&rsquo;\u00e9valuations sera d\u00e9livr\u00e9 au candidat.<\/em><\/p>\t\t\t\t\t\t\t\t<\/div>\n\t\t\t\t\t<\/div>\n\t\t<\/div>\n\t\t\t\t<div class=\"elementor-column elementor-col-33 elementor-top-column elementor-element elementor-element-21bf015\" data-id=\"21bf015\" data-element_type=\"column\" data-e-type=\"column\">\n\t\t\t<div class=\"elementor-widget-wrap\">\n\t\t\t\t\t\t\t<\/div>\n\t\t<\/div>\n\t\t\t\t\t<\/div>\n\t\t<\/section>\n\t\t\t\t<\/div>\n\t\t","protected":false},"excerpt":{"rendered":"<p>Pr\u00e9pa aux voies artistiques \u00e0 Maisons-Laffitte Parcours de pr\u00e9paration aux \u00e9coles sup\u00e9rieures d&rsquo;art Pr\u00e9pa ou mise \u00e0 niveau en Arts Plastiques\u200b Vous souhaitez vous mettre \u00e0 niveau pour les m\u00e9tiers des arts graphiques et plastiques, \u00a0int\u00e9grer\u00a0 une\u00a0 \u00e9cole\u00a0 d\u2019Art ou d\u2019Architecture ? Cette Pr\u00e9pa aux Voies Artistiques vous offre un parcours personnalisable pour renforcer vos [&hellip;]<\/p>\n","protected":false},"author":3,"featured_media":0,"parent":0,"menu_order":0,"comment_status":"closed","ping_status":"closed","template":"elementor_header_footer","meta":{"_acf_changed":false,"footnotes":""},"class_list":["post-10952","page","type-page","status-publish","hentry"],"acf":[],"aioseo_notices":[],"_links":{"self":[{"href":"https:\/\/www.terre-et-feu.com\/maisons-laffitte\/wp-json\/wp\/v2\/pages\/10952","targetHints":{"allow":["GET"]}}],"collection":[{"href":"https:\/\/www.terre-et-feu.com\/maisons-laffitte\/wp-json\/wp\/v2\/pages"}],"about":[{"href":"https:\/\/www.terre-et-feu.com\/maisons-laffitte\/wp-json\/wp\/v2\/types\/page"}],"author":[{"embeddable":true,"href":"https:\/\/www.terre-et-feu.com\/maisons-laffitte\/wp-json\/wp\/v2\/users\/3"}],"replies":[{"embeddable":true,"href":"https:\/\/www.terre-et-feu.com\/maisons-laffitte\/wp-json\/wp\/v2\/comments?post=10952"}],"version-history":[{"count":4,"href":"https:\/\/www.terre-et-feu.com\/maisons-laffitte\/wp-json\/wp\/v2\/pages\/10952\/revisions"}],"predecessor-version":[{"id":11477,"href":"https:\/\/www.terre-et-feu.com\/maisons-laffitte\/wp-json\/wp\/v2\/pages\/10952\/revisions\/11477"}],"wp:attachment":[{"href":"https:\/\/www.terre-et-feu.com\/maisons-laffitte\/wp-json\/wp\/v2\/media?parent=10952"}],"curies":[{"name":"wp","href":"https:\/\/api.w.org\/{rel}","templated":true}]}}