{"id":82,"date":"2020-02-21T18:07:33","date_gmt":"2020-02-21T17:07:33","guid":{"rendered":"https:\/\/www.terre-et-feu.com\/maisons-laffitte\/?page_id=82"},"modified":"2025-05-26T15:22:38","modified_gmt":"2025-05-26T13:22:38","slug":"cours-de-modele-vivant-dessin-peinture-sculpture","status":"publish","type":"page","link":"https:\/\/www.terre-et-feu.com\/maisons-laffitte\/cours-de-modele-vivant-dessin-peinture-sculpture\/","title":{"rendered":"Mod\u00e8le vivant Dessin Peinture Sculpture"},"content":{"rendered":"\t\t<div data-elementor-type=\"wp-page\" data-elementor-id=\"82\" class=\"elementor elementor-82\" data-elementor-settings=\"{&quot;element_pack_global_tooltip_width&quot;:{&quot;unit&quot;:&quot;px&quot;,&quot;size&quot;:&quot;&quot;,&quot;sizes&quot;:[]},&quot;element_pack_global_tooltip_width_tablet&quot;:{&quot;unit&quot;:&quot;px&quot;,&quot;size&quot;:&quot;&quot;,&quot;sizes&quot;:[]},&quot;element_pack_global_tooltip_width_mobile&quot;:{&quot;unit&quot;:&quot;px&quot;,&quot;size&quot;:&quot;&quot;,&quot;sizes&quot;:[]},&quot;element_pack_global_tooltip_padding&quot;:{&quot;unit&quot;:&quot;px&quot;,&quot;top&quot;:&quot;&quot;,&quot;right&quot;:&quot;&quot;,&quot;bottom&quot;:&quot;&quot;,&quot;left&quot;:&quot;&quot;,&quot;isLinked&quot;:true},&quot;element_pack_global_tooltip_padding_tablet&quot;:{&quot;unit&quot;:&quot;px&quot;,&quot;top&quot;:&quot;&quot;,&quot;right&quot;:&quot;&quot;,&quot;bottom&quot;:&quot;&quot;,&quot;left&quot;:&quot;&quot;,&quot;isLinked&quot;:true},&quot;element_pack_global_tooltip_padding_mobile&quot;:{&quot;unit&quot;:&quot;px&quot;,&quot;top&quot;:&quot;&quot;,&quot;right&quot;:&quot;&quot;,&quot;bottom&quot;:&quot;&quot;,&quot;left&quot;:&quot;&quot;,&quot;isLinked&quot;:true},&quot;element_pack_global_tooltip_border_radius&quot;:{&quot;unit&quot;:&quot;px&quot;,&quot;top&quot;:&quot;&quot;,&quot;right&quot;:&quot;&quot;,&quot;bottom&quot;:&quot;&quot;,&quot;left&quot;:&quot;&quot;,&quot;isLinked&quot;:true},&quot;element_pack_global_tooltip_border_radius_tablet&quot;:{&quot;unit&quot;:&quot;px&quot;,&quot;top&quot;:&quot;&quot;,&quot;right&quot;:&quot;&quot;,&quot;bottom&quot;:&quot;&quot;,&quot;left&quot;:&quot;&quot;,&quot;isLinked&quot;:true},&quot;element_pack_global_tooltip_border_radius_mobile&quot;:{&quot;unit&quot;:&quot;px&quot;,&quot;top&quot;:&quot;&quot;,&quot;right&quot;:&quot;&quot;,&quot;bottom&quot;:&quot;&quot;,&quot;left&quot;:&quot;&quot;,&quot;isLinked&quot;:true}}\" data-elementor-post-type=\"page\">\n\t\t\t\t<div class=\"elementor-element elementor-element-5bfac6d e-flex e-con-boxed e-con e-parent\" data-id=\"5bfac6d\" data-element_type=\"container\" data-e-type=\"container\" data-settings=\"{&quot;background_background&quot;:&quot;classic&quot;}\">\n\t\t\t\t\t<div class=\"e-con-inner\">\n\t\t<div class=\"elementor-element elementor-element-1942912 e-con-full e-flex e-con e-child\" data-id=\"1942912\" data-element_type=\"container\" data-e-type=\"container\">\n\t\t\t\t<\/div>\n\t\t<div class=\"elementor-element elementor-element-6359019 e-con-full e-flex e-con e-child\" data-id=\"6359019\" data-element_type=\"container\" data-e-type=\"container\" data-settings=\"{&quot;background_background&quot;:&quot;classic&quot;}\">\n\t\t\t\t<div class=\"elementor-element elementor-element-3bbd7de elementor-widget elementor-widget-spacer\" data-id=\"3bbd7de\" data-element_type=\"widget\" data-e-type=\"widget\" data-widget_type=\"spacer.default\">\n\t\t\t\t\t\t\t<div class=\"elementor-spacer\">\n\t\t\t<div class=\"elementor-spacer-inner\"><\/div>\n\t\t<\/div>\n\t\t\t\t\t\t<\/div>\n\t\t\t\t<div class=\"elementor-element elementor-element-a739082 elementor-widget elementor-widget-heading\" data-id=\"a739082\" data-element_type=\"widget\" data-e-type=\"widget\" data-widget_type=\"heading.default\">\n\t\t\t\t\t<h1 class=\"elementor-heading-title elementor-size-default\">Cours de MOD\u00c8LE VIVANT<\/h1>\t\t\t\t<\/div>\n\t\t\t\t<div class=\"elementor-element elementor-element-e637a6f elementor-widget elementor-widget-spacer\" data-id=\"e637a6f\" data-element_type=\"widget\" data-e-type=\"widget\" data-widget_type=\"spacer.default\">\n\t\t\t\t\t\t\t<div class=\"elementor-spacer\">\n\t\t\t<div class=\"elementor-spacer-inner\"><\/div>\n\t\t<\/div>\n\t\t\t\t\t\t<\/div>\n\t\t\t\t<\/div>\n\t\t<div class=\"elementor-element elementor-element-4724c80 e-con-full e-flex e-con e-child\" data-id=\"4724c80\" data-element_type=\"container\" data-e-type=\"container\">\n\t\t\t\t<\/div>\n\t\t\t\t\t<\/div>\n\t\t\t\t<\/div>\n\t\t<div class=\"elementor-element elementor-element-0996e21 e-flex e-con-boxed e-con e-parent\" data-id=\"0996e21\" data-element_type=\"container\" data-e-type=\"container\">\n\t\t\t\t\t<div class=\"e-con-inner\">\n\t\t<div class=\"elementor-element elementor-element-8e01b04 e-con-full e-flex e-con e-child\" data-id=\"8e01b04\" data-element_type=\"container\" data-e-type=\"container\">\n\t\t\t\t<\/div>\n\t\t<div class=\"elementor-element elementor-element-56daaa9 e-con-full e-flex e-con e-child\" data-id=\"56daaa9\" data-element_type=\"container\" data-e-type=\"container\">\n\t\t\t\t<div class=\"elementor-element elementor-element-32853e8 elementor-widget elementor-widget-heading\" data-id=\"32853e8\" data-element_type=\"widget\" data-e-type=\"widget\" data-widget_type=\"heading.default\">\n\t\t\t\t\t<h2 class=\"elementor-heading-title elementor-size-medium\">Cours de Mod\u00e8le Vivant en Dessin, Peinture ou Sculpture<\/h2>\t\t\t\t<\/div>\n\t\t\t\t<div class=\"elementor-element elementor-element-33cf200 elementor-widget elementor-widget-heading\" data-id=\"33cf200\" data-element_type=\"widget\" data-e-type=\"widget\" data-widget_type=\"heading.default\">\n\t\t\t\t\t<h2 class=\"elementor-heading-title elementor-size-small\">Cours de Mod\u00e8le Vivant \u00e0 Maisons-Laffitte 78600 - Yvelines - Ouest de Paris.<\/h2>\t\t\t\t<\/div>\n\t\t<div class=\"elementor-element elementor-element-cd31bb9 e-con-full e-flex e-con e-child\" data-id=\"cd31bb9\" data-element_type=\"container\" data-e-type=\"container\">\n\t\t<div class=\"elementor-element elementor-element-fbfdd80 e-con-full e-flex e-con e-child\" data-id=\"fbfdd80\" data-element_type=\"container\" data-e-type=\"container\">\n\t\t\t\t<div class=\"elementor-element elementor-element-7c324c6 elementor-widget elementor-widget-image\" data-id=\"7c324c6\" data-element_type=\"widget\" data-e-type=\"widget\" data-widget_type=\"image.default\">\n\t\t\t\t\t\t\t\t\t\t\t\t\t\t\t<img fetchpriority=\"high\" decoding=\"async\" width=\"400\" height=\"267\" src=\"https:\/\/www.terre-et-feu.com\/maisons-laffitte\/wp-content\/uploads\/sites\/6\/2020\/02\/MV_ML.jpg\" class=\"attachment-full size-full wp-image-230\" alt=\"\" \/>\t\t\t\t\t\t\t\t\t\t\t\t\t\t\t<\/div>\n\t\t\t\t<\/div>\n\t\t<div class=\"elementor-element elementor-element-5a9a6a9 e-con-full e-flex e-con e-child\" data-id=\"5a9a6a9\" data-element_type=\"container\" data-e-type=\"container\">\n\t\t\t\t<div class=\"elementor-element elementor-element-4a3f087 elementor-widget elementor-widget-text-editor\" data-id=\"4a3f087\" data-element_type=\"widget\" data-e-type=\"widget\" data-widget_type=\"text-editor.default\">\n\t\t\t\t\t\t\t\t\t<p>Le cours de mod\u00e8le vivant est la base de la pratique du dessin pour la repr\u00e9sentation de la figure humaine. Vous vous exercez \u00e0 capturer l\u2019expression et l\u2019attitude du mod\u00e8le par le dessin, le croquis ou les diff\u00e9rentes techniques de peinture ou de sculpture lors de s\u00e9ances en ateliers. Votre atelier vous propose cette pratique dans deux cours : le <a href=\"https:\/\/www.terre-et-feu.com\/maisons-laffitte\/cours-dessin-peinture-modele-vivant\/\">cours de Dessin Mod\u00e8le Vivant<\/a>\u00a0et le\u00a0<a href=\"https:\/\/www.terre-et-feu.com\/maisons-laffitte\/sculpture-modelage-et-modele-vivant\/\">cours de Sculpture Mod\u00e8le Vivant<\/a>.<br \/><a href=\"https:\/\/www.youtube.com\/watch?v=jjO4EMtpRmg\" target=\"_blank\" rel=\"noopener\">Cliquez ici pour d\u00e9couvrir les cours de Mod\u00e8le Vivant en images. <\/a><\/p>\t\t\t\t\t\t\t\t<\/div>\n\t\t\t\t<\/div>\n\t\t\t\t<\/div>\n\t\t\t\t<div class=\"elementor-element elementor-element-2bcf37c elementor-widget elementor-widget-heading\" data-id=\"2bcf37c\" data-element_type=\"widget\" data-e-type=\"widget\" data-widget_type=\"heading.default\">\n\t\t\t\t\t<h2 class=\"elementor-heading-title elementor-size-medium\">La s\u00e9ance de Mod\u00e8le Vivant s\u2019articule en plusieurs s\u00e9quences<\/h2>\t\t\t\t<\/div>\n\t\t\t\t<div class=\"elementor-element elementor-element-b69c6ba elementor-widget elementor-widget-text-editor\" data-id=\"b69c6ba\" data-element_type=\"widget\" data-e-type=\"widget\" data-widget_type=\"text-editor.default\">\n\t\t\t\t\t\t\t\t\t<p>D\u2019abord des poses courtes pour d\u00e9lier le trait ou la main, en croquis pour les s\u00e9ances de dessin, en esquisses d\u2019argile pour le modelage. On pose les bases du dessin, on s\u2019approprie la morphologie du mod\u00e8le, on monte la structure avec les lignes de force en argile.<br \/>Puis des poses plus longues afin d\u2019approfondir le travail d\u2019observation, d\u2019affiner les volumes du corps et de s\u2019exercer \u00e0 la repr\u00e9sentation de la silhouette, le model\u00e9 du corps, \u00e0 travailler le mouvement.<\/p><p>Le cours de mod\u00e8le vivant, s\u2019est le moyen de vous exercer au dessin ou \u00e0 la sculpture par l\u2019observation et de d\u00e9velopper une r\u00e9elle sensibilit\u00e9 pour la figure. En vous basant sur la morphologie et l\u2019anatomie du personnage, vous apprendrez aussi \u00e0 structurer votre travail, \u00e0 poser les axes, les rep\u00e8res, \u00e0 observer les proportions, et \u00e0 dessiner ou sculpter plus juste. Une formation fondamentale qui vous servira pour tous les autres sujets.<\/p>\t\t\t\t\t\t\t\t<\/div>\n\t\t\t\t<div class=\"elementor-element elementor-element-2acc60b elementor-widget elementor-widget-heading\" data-id=\"2acc60b\" data-element_type=\"widget\" data-e-type=\"widget\" data-widget_type=\"heading.default\">\n\t\t\t\t\t<h2 class=\"elementor-heading-title elementor-size-medium\">Croquis, dessin ou modelage pour des s\u00e9ances en ateliers libres<\/h2>\t\t\t\t<\/div>\n\t\t\t\t<div class=\"elementor-element elementor-element-4dca0b2 elementor-widget elementor-widget-text-editor\" data-id=\"4dca0b2\" data-element_type=\"widget\" data-e-type=\"widget\" data-widget_type=\"text-editor.default\">\n\t\t\t\t\t\t\t\t\t<p>Vous \u00eates d\u00e9j\u00e0 exp\u00e9riment\u00e9 en dessin ou en sculpture, compl\u00e9tez votre formation par le cours de mod\u00e8le vivant ou des s\u00e9ances\u00a0<a href=\"https:\/\/www.terre-et-feu.com\/maisons-laffitte\/atelier-modele-vivant\/\">d\u2019atelier libre<\/a>\u00a0!<br \/>La pr\u00e9sence du mod\u00e8le vivant et ses diff\u00e9rentes poses vous permettent \u00e0 la fois de voir \u00ab en vrai \u00bb la construction du corps et, avec l\u2019entrainement, de choisir d\u2019interpr\u00e9ter le sujet de mani\u00e8re personnelle, de jouer des ombres et lumi\u00e8res, de synth\u00e9tiser les traits pour aller m\u00eame, si l\u2019on veut, aux portes de l\u2019abstrait. Possibilit\u00e9 de choisir les poses et les mod\u00e8les en fonction de vos sujets d\u2019int\u00e9r\u00eat.<br \/>Pour certains, l\u2019atelier de mod\u00e8le vivant, c\u2019est un peu faire ses gammes, pour d\u2019autres, c\u2019est la base d\u2019un travail approfondi pour des compositions personnelles et libres. Lancez-vous !<\/p>\t\t\t\t\t\t\t\t<\/div>\n\t\t\t\t<\/div>\n\t\t<div class=\"elementor-element elementor-element-ab44ee7 e-con-full e-flex e-con e-child\" data-id=\"ab44ee7\" data-element_type=\"container\" data-e-type=\"container\">\n\t\t\t\t<\/div>\n\t\t\t\t\t<\/div>\n\t\t\t\t<\/div>\n\t\t<div class=\"elementor-element elementor-element-fe7cd1c e-flex e-con-boxed e-con e-parent\" data-id=\"fe7cd1c\" data-element_type=\"container\" data-e-type=\"container\">\n\t\t\t\t\t<div class=\"e-con-inner\">\n\t\t\t\t<div class=\"elementor-element elementor-element-976597a elementor-widget elementor-widget-template\" data-id=\"976597a\" data-element_type=\"widget\" data-e-type=\"widget\" data-widget_type=\"template.default\">\n\t\t\t\t<div class=\"elementor-widget-container\">\n\t\t\t\t\t\t\t<div class=\"elementor-template\">\n\t\t\t\t\t<div data-elementor-type=\"container\" data-elementor-id=\"9471\" class=\"elementor elementor-9471\" data-elementor-post-type=\"elementor_library\">\n\t\t\t\t<div class=\"elementor-element elementor-element-2752a994 e-flex e-con-boxed e-con e-parent\" data-id=\"2752a994\" data-element_type=\"container\" data-e-type=\"container\">\n\t\t\t\t\t<div class=\"e-con-inner\">\n\t\t<div class=\"elementor-element elementor-element-113ad6ae e-con-full e-flex e-con e-child\" data-id=\"113ad6ae\" data-element_type=\"container\" data-e-type=\"container\">\n\t\t<div class=\"elementor-element elementor-element-424eec28 e-con-full e-flex e-con e-child\" data-id=\"424eec28\" data-element_type=\"container\" data-e-type=\"container\">\n\t\t\t\t<div class=\"elementor-element elementor-element-153113f5 elementor-widget elementor-widget-text-editor\" data-id=\"153113f5\" data-element_type=\"widget\" data-e-type=\"widget\" data-widget_type=\"text-editor.default\">\n\t\t\t\t\t\t\t\t\t<div class=\"cours-body\">Le choix d\u2019un professeur est tr\u00e8s important. En tenant compte de vos souhaits et de vos disponibilit\u00e9s, nous vous guiderons dans le choix de votre professeur. N\u2019h\u00e9sitez pas \u00e0 nous contacter.<\/br>\n<strong>Contact :<\/strong><strong>\u00a0<a class=\"btn_header_call\" style=\"color: #fcac23;\" href=\"tel:0139125850\" target=\"_blank\" rel=\"noopener\">01 39 12 58 50<\/a><\/strong><\/br>\nou<\/div>\t\t\t\t\t\t\t\t<\/div>\n\t\t\t\t<div class=\"elementor-element elementor-element-2a5429d8 elementor-align-center elementor-widget elementor-widget-button\" data-id=\"2a5429d8\" data-element_type=\"widget\" data-e-type=\"widget\" data-widget_type=\"button.default\">\n\t\t\t\t\t\t\t\t\t\t<a class=\"elementor-button elementor-button-link elementor-size-sm\" href=\"#elementor-action%3Aaction%3Dpopup%3Aopen%26settings%3DeyJpZCI6Ijk0MzMiLCJ0b2dnbGUiOmZhbHNlfQ%3D%3D\">\n\t\t\t\t\t\t<span class=\"elementor-button-content-wrapper\">\n\t\t\t\t\t\t\t\t\t<span class=\"elementor-button-text\">nous contacter<\/span>\n\t\t\t\t\t<\/span>\n\t\t\t\t\t<\/a>\n\t\t\t\t\t\t\t\t<\/div>\n\t\t\t\t<\/div>\n\t\t\t\t<\/div>\n\t\t\t\t\t<\/div>\n\t\t\t\t<\/div>\n\t\t\t\t<\/div>\n\t\t\t\t<\/div>\n\t\t\t\t\t\t<\/div>\n\t\t\t\t<\/div>\n\t\t\t\t\t<\/div>\n\t\t\t\t<\/div>\n\t\t<div class=\"elementor-element elementor-element-45eac05 e-flex e-con-boxed e-con e-parent\" data-id=\"45eac05\" data-element_type=\"container\" data-e-type=\"container\">\n\t\t\t\t\t<div class=\"e-con-inner\">\n\t\t<div class=\"elementor-element elementor-element-0139361 e-con-full e-flex e-con e-child\" data-id=\"0139361\" data-element_type=\"container\" data-e-type=\"container\">\n\t\t\t\t<\/div>\n\t\t<div class=\"elementor-element elementor-element-f8540b7 e-con-full e-flex e-con e-child\" data-id=\"f8540b7\" data-element_type=\"container\" data-e-type=\"container\">\n\t\t\t\t<div class=\"elementor-element elementor-element-75a1e82 elementor-widget elementor-widget-heading\" data-id=\"75a1e82\" data-element_type=\"widget\" data-e-type=\"widget\" data-widget_type=\"heading.default\">\n\t\t\t\t\t<h2 class=\"elementor-heading-title elementor-size-medium\">PLANNING 2025 - 2026<\/h2>\t\t\t\t<\/div>\n\t\t\t\t<div class=\"elementor-element elementor-element-390b633 elementor-tabs-view-horizontal elementor-widget elementor-widget-tabs\" data-id=\"390b633\" data-element_type=\"widget\" data-e-type=\"widget\" data-widget_type=\"tabs.default\">\n\t\t\t\t\t\t\t<div class=\"elementor-tabs\">\n\t\t\t<div class=\"elementor-tabs-wrapper\" role=\"tablist\" >\n\t\t\t\t\t\t\t\t\t<div id=\"elementor-tab-title-5981\" class=\"elementor-tab-title elementor-tab-desktop-title\" aria-selected=\"true\" data-tab=\"1\" role=\"tab\" tabindex=\"0\" aria-controls=\"elementor-tab-content-5981\" aria-expanded=\"false\">LUNDI<\/div>\n\t\t\t\t\t\t\t\t\t<div id=\"elementor-tab-title-5982\" class=\"elementor-tab-title elementor-tab-desktop-title\" aria-selected=\"false\" data-tab=\"2\" role=\"tab\" tabindex=\"-1\" aria-controls=\"elementor-tab-content-5982\" aria-expanded=\"false\">MERCREDI<\/div>\n\t\t\t\t\t\t\t<\/div>\n\t\t\t<div class=\"elementor-tabs-content-wrapper\" role=\"tablist\" aria-orientation=\"vertical\">\n\t\t\t\t\t\t\t\t\t<div class=\"elementor-tab-title elementor-tab-mobile-title\" aria-selected=\"true\" data-tab=\"1\" role=\"tab\" tabindex=\"0\" aria-controls=\"elementor-tab-content-5981\" aria-expanded=\"false\">LUNDI<\/div>\n\t\t\t\t\t<div id=\"elementor-tab-content-5981\" class=\"elementor-tab-content elementor-clearfix\" data-tab=\"1\" role=\"tabpanel\" aria-labelledby=\"elementor-tab-title-5981\" tabindex=\"0\" hidden=\"false\"><table><tbody><tr><td width=\"113\">de 14h15<br \/>\u00e0 17h15<\/td><td width=\"490\"><strong>Morphologie et Mod\u00e8le Vivant (2\/3)<br \/><\/strong>Cours de 3h<\/td><\/tr><\/tbody><\/table><\/div>\n\t\t\t\t\t\t\t\t\t<div class=\"elementor-tab-title elementor-tab-mobile-title\" aria-selected=\"false\" data-tab=\"2\" role=\"tab\" tabindex=\"-1\" aria-controls=\"elementor-tab-content-5982\" aria-expanded=\"false\">MERCREDI<\/div>\n\t\t\t\t\t<div id=\"elementor-tab-content-5982\" class=\"elementor-tab-content elementor-clearfix\" data-tab=\"2\" role=\"tabpanel\" aria-labelledby=\"elementor-tab-title-5982\" tabindex=\"0\" hidden=\"hidden\"><table><tbody><tr><td width=\"113\">de 19h00<br \/>\u00e0 22h00<\/td><td width=\"490\"><strong>Sculpture et Modelage (Mod\u00e8le Vivant 4x\/trim)<\/strong><br \/>Cours de 3h<\/td><\/tr><\/tbody><\/table><\/div>\n\t\t\t\t\t\t\t<\/div>\n\t\t<\/div>\n\t\t\t\t\t\t<\/div>\n\t\t\t\t<div class=\"elementor-element elementor-element-2867d2c elementor-widget elementor-widget-heading\" data-id=\"2867d2c\" data-element_type=\"widget\" data-e-type=\"widget\" data-widget_type=\"heading.default\">\n\t\t\t\t\t<h2 class=\"elementor-heading-title elementor-size-medium\">TARIFS <\/h2>\t\t\t\t<\/div>\n\t\t\t\t<div class=\"elementor-element elementor-element-9850d51 elementor-widget elementor-widget-text-editor\" data-id=\"9850d51\" data-element_type=\"widget\" data-e-type=\"widget\" data-widget_type=\"text-editor.default\">\n\t\t\t\t\t\t\t\t\t<p>Tarifs remis\u00e9s pour financement \u00e0 titre individuel. <br>Si financement par un tiers (OPCO, P\u00f4le Emploi&#8230;) Tarif de 25\u20ac \/ heure.<\/p>\t\t\t\t\t\t\t\t<\/div>\n\t\t<div class=\"elementor-element elementor-element-30a6af0 e-con-full e-flex e-con e-child\" data-id=\"30a6af0\" data-element_type=\"container\" data-e-type=\"container\">\n\t\t<div class=\"elementor-element elementor-element-bbfefe2 e-con-full e-flex e-con e-child\" data-id=\"bbfefe2\" data-element_type=\"container\" data-e-type=\"container\">\n\t\t\t\t<div class=\"elementor-element elementor-element-d1a842b elementor-widget elementor-widget-heading\" data-id=\"d1a842b\" data-element_type=\"widget\" data-e-type=\"widget\" data-widget_type=\"heading.default\">\n\t\t\t\t\t<h3 class=\"elementor-heading-title elementor-size-default\">DESSIN PEINTURE 3H<\/h3>\t\t\t\t<\/div>\n\t\t\t\t<div class=\"elementor-element elementor-element-35b5a4b elementor-widget elementor-widget-text-editor\" data-id=\"35b5a4b\" data-element_type=\"widget\" data-e-type=\"widget\" data-widget_type=\"text-editor.default\">\n\t\t\t\t\t\t\t\t\t<p>Ann\u00e9e (35 s\u00e9ances)<br \/><strong>3 paiements de 487 \u20ac\u00a0<\/strong><br \/>soit 13,91 \u20ac\/h <strong>Fournitures comprises<\/strong><br \/>+ 3 ch\u00e8ques de 40\u20ac<\/p>\t\t\t\t\t\t\t\t<\/div>\n\t\t\t\t<div class=\"elementor-element elementor-element-0a8d19d elementor-widget elementor-widget-text-editor\" data-id=\"0a8d19d\" data-element_type=\"widget\" data-e-type=\"widget\" data-widget_type=\"text-editor.default\">\n\t\t\t\t\t\t\t\t\t<p>Trimestre (12 s\u00e9ances)<br \/><strong>549 \u20ac\u00a0<\/strong><br \/>soit 15,25 \u20ac\/h <strong>Fournitures comprises<\/strong><br \/>+ 1 ch\u00e8que de 40\u20ac<\/p>\t\t\t\t\t\t\t\t<\/div>\n\t\t\t\t<div class=\"elementor-element elementor-element-2d939e2 elementor-align-center elementor-widget elementor-widget-button\" data-id=\"2d939e2\" data-element_type=\"widget\" data-e-type=\"widget\" data-widget_type=\"button.default\">\n\t\t\t\t\t\t\t\t\t\t<a class=\"elementor-button elementor-button-link elementor-size-sm\" href=\"https:\/\/www.terre-et-feu.com\/maisons-laffitte\/wp-content\/uploads\/sites\/6\/2025\/05\/Inscription-Peinture-Dessin-2025-2026-1.pdf\" target=\"_blank\">\n\t\t\t\t\t\t<span class=\"elementor-button-content-wrapper\">\n\t\t\t\t\t\t\t\t\t<span class=\"elementor-button-text\">S'INSCRIRE AU COURS<\/span>\n\t\t\t\t\t<\/span>\n\t\t\t\t\t<\/a>\n\t\t\t\t\t\t\t\t<\/div>\n\t\t\t\t<\/div>\n\t\t<div class=\"elementor-element elementor-element-f6a189a e-con-full e-flex e-con e-child\" data-id=\"f6a189a\" data-element_type=\"container\" data-e-type=\"container\">\n\t\t\t\t<div class=\"elementor-element elementor-element-84cf62b elementor-widget elementor-widget-heading\" data-id=\"84cf62b\" data-element_type=\"widget\" data-e-type=\"widget\" data-widget_type=\"heading.default\">\n\t\t\t\t\t<h3 class=\"elementor-heading-title elementor-size-default\">SCULPTURE MODELAGE 3H<\/h3>\t\t\t\t<\/div>\n\t\t\t\t<div class=\"elementor-element elementor-element-a614b9a elementor-widget elementor-widget-text-editor\" data-id=\"a614b9a\" data-element_type=\"widget\" data-e-type=\"widget\" data-widget_type=\"text-editor.default\">\n\t\t\t\t\t\t\t\t\t<p>Ann\u00e9e (35 s\u00e9ances)<br \/><strong>3 paiements de 507 \u20ac\u00a0<\/strong><br \/>soit 14,48 \u20ac\/h <strong>Fournitures comprises<\/strong><br \/>+ 3 ch\u00e8ques de 45\u20ac<\/p>\t\t\t\t\t\t\t\t<\/div>\n\t\t\t\t<div class=\"elementor-element elementor-element-63897a8 elementor-widget elementor-widget-text-editor\" data-id=\"63897a8\" data-element_type=\"widget\" data-e-type=\"widget\" data-widget_type=\"text-editor.default\">\n\t\t\t\t\t\t\t\t\t<p>Trimestre (12 s\u00e9ances)<br \/><strong>575 \u20ac\u00a0<\/strong><br \/>soit 15,97 \u20ac\/h <strong>Fournitures comprises<\/strong><br \/>+ 1 ch\u00e8que de 45\u20ac<\/p>\t\t\t\t\t\t\t\t<\/div>\n\t\t\t\t<div class=\"elementor-element elementor-element-a6146ac elementor-align-center elementor-widget elementor-widget-button\" data-id=\"a6146ac\" data-element_type=\"widget\" data-e-type=\"widget\" data-widget_type=\"button.default\">\n\t\t\t\t\t\t\t\t\t\t<a class=\"elementor-button elementor-button-link elementor-size-sm\" href=\"https:\/\/www.terre-et-feu.com\/maisons-laffitte\/wp-content\/uploads\/sites\/6\/2025\/05\/Inscription-ceramique-sculpture-2025-2026-1.pdf\" target=\"_blank\">\n\t\t\t\t\t\t<span class=\"elementor-button-content-wrapper\">\n\t\t\t\t\t\t\t\t\t<span class=\"elementor-button-text\">S'INSCRIRE AU COURS<\/span>\n\t\t\t\t\t<\/span>\n\t\t\t\t\t<\/a>\n\t\t\t\t\t\t\t\t<\/div>\n\t\t\t\t<\/div>\n\t\t\t\t<\/div>\n\t\t\t\t<div class=\"elementor-element elementor-element-9ca32cb elementor-widget elementor-widget-heading\" data-id=\"9ca32cb\" data-element_type=\"widget\" data-e-type=\"widget\" data-widget_type=\"heading.default\">\n\t\t\t\t\t<h2 class=\"elementor-heading-title elementor-size-medium\">Votre Ecole d\u2019Art vous propose<\/h2>\t\t\t\t<\/div>\n\t\t\t\t<div class=\"elementor-element elementor-element-ddea69c elementor-widget elementor-widget-text-editor\" data-id=\"ddea69c\" data-element_type=\"widget\" data-e-type=\"widget\" data-widget_type=\"text-editor.default\">\n\t\t\t\t\t\t\t\t\t<ul><li>Le cours de Peinture-Dessin avec mod\u00e8le vivant<\/li><li>Le cours de Sculpture-Modelage avec mod\u00e8le vivant<\/li><li>L\u2019Atelier libre de mod\u00e8le vivant<\/li><li>Vous h\u00e9sitez ? Appelez-nous au 01 39 12 58 50<\/li><\/ul>\t\t\t\t\t\t\t\t<\/div>\n\t\t\t\t<\/div>\n\t\t<div class=\"elementor-element elementor-element-a0203fc e-con-full e-flex e-con e-child\" data-id=\"a0203fc\" data-element_type=\"container\" data-e-type=\"container\">\n\t\t\t\t<\/div>\n\t\t\t\t\t<\/div>\n\t\t\t\t<\/div>\n\t\t\t\t<\/div>\n\t\t","protected":false},"excerpt":{"rendered":"<p>Cours de MOD\u00c8LE VIVANT Cours de Mod\u00e8le Vivant en Dessin, Peinture ou Sculpture Cours de Mod\u00e8le Vivant \u00e0 Maisons-Laffitte 78600 &#8211; Yvelines &#8211; Ouest de Paris. Le cours de mod\u00e8le vivant est la base de la pratique du dessin pour la repr\u00e9sentation de la figure humaine. Vous vous exercez \u00e0 capturer l\u2019expression et l\u2019attitude du [&hellip;]<\/p>\n","protected":false},"author":1,"featured_media":0,"parent":0,"menu_order":0,"comment_status":"closed","ping_status":"closed","template":"elementor_header_footer","meta":{"_acf_changed":false,"footnotes":""},"class_list":["post-82","page","type-page","status-publish","hentry"],"acf":[],"aioseo_notices":[],"_links":{"self":[{"href":"https:\/\/www.terre-et-feu.com\/maisons-laffitte\/wp-json\/wp\/v2\/pages\/82","targetHints":{"allow":["GET"]}}],"collection":[{"href":"https:\/\/www.terre-et-feu.com\/maisons-laffitte\/wp-json\/wp\/v2\/pages"}],"about":[{"href":"https:\/\/www.terre-et-feu.com\/maisons-laffitte\/wp-json\/wp\/v2\/types\/page"}],"author":[{"embeddable":true,"href":"https:\/\/www.terre-et-feu.com\/maisons-laffitte\/wp-json\/wp\/v2\/users\/1"}],"replies":[{"embeddable":true,"href":"https:\/\/www.terre-et-feu.com\/maisons-laffitte\/wp-json\/wp\/v2\/comments?post=82"}],"version-history":[{"count":48,"href":"https:\/\/www.terre-et-feu.com\/maisons-laffitte\/wp-json\/wp\/v2\/pages\/82\/revisions"}],"predecessor-version":[{"id":10813,"href":"https:\/\/www.terre-et-feu.com\/maisons-laffitte\/wp-json\/wp\/v2\/pages\/82\/revisions\/10813"}],"wp:attachment":[{"href":"https:\/\/www.terre-et-feu.com\/maisons-laffitte\/wp-json\/wp\/v2\/media?parent=82"}],"curies":[{"name":"wp","href":"https:\/\/api.w.org\/{rel}","templated":true}]}}