{"id":23,"date":"2020-02-20T17:48:16","date_gmt":"2020-02-20T16:48:16","guid":{"rendered":"https:\/\/www.terre-et-feu.com\/paris-14\/?page_id=23"},"modified":"2021-04-22T10:00:06","modified_gmt":"2021-04-22T08:00:06","slug":"stages","status":"publish","type":"page","link":"https:\/\/www.terre-et-feu.com\/paris-14\/stages\/","title":{"rendered":"STAGES"},"content":{"rendered":"\t\t<div data-elementor-type=\"wp-page\" data-elementor-id=\"23\" class=\"elementor elementor-23\" data-elementor-settings=\"{&quot;element_pack_global_tooltip_width&quot;:{&quot;unit&quot;:&quot;px&quot;,&quot;size&quot;:&quot;&quot;,&quot;sizes&quot;:[]},&quot;element_pack_global_tooltip_width_tablet&quot;:{&quot;unit&quot;:&quot;px&quot;,&quot;size&quot;:&quot;&quot;,&quot;sizes&quot;:[]},&quot;element_pack_global_tooltip_width_mobile&quot;:{&quot;unit&quot;:&quot;px&quot;,&quot;size&quot;:&quot;&quot;,&quot;sizes&quot;:[]},&quot;element_pack_global_tooltip_padding&quot;:{&quot;unit&quot;:&quot;px&quot;,&quot;top&quot;:&quot;&quot;,&quot;right&quot;:&quot;&quot;,&quot;bottom&quot;:&quot;&quot;,&quot;left&quot;:&quot;&quot;,&quot;isLinked&quot;:true},&quot;element_pack_global_tooltip_padding_tablet&quot;:{&quot;unit&quot;:&quot;px&quot;,&quot;top&quot;:&quot;&quot;,&quot;right&quot;:&quot;&quot;,&quot;bottom&quot;:&quot;&quot;,&quot;left&quot;:&quot;&quot;,&quot;isLinked&quot;:true},&quot;element_pack_global_tooltip_padding_mobile&quot;:{&quot;unit&quot;:&quot;px&quot;,&quot;top&quot;:&quot;&quot;,&quot;right&quot;:&quot;&quot;,&quot;bottom&quot;:&quot;&quot;,&quot;left&quot;:&quot;&quot;,&quot;isLinked&quot;:true},&quot;element_pack_global_tooltip_border_radius&quot;:{&quot;unit&quot;:&quot;px&quot;,&quot;top&quot;:&quot;&quot;,&quot;right&quot;:&quot;&quot;,&quot;bottom&quot;:&quot;&quot;,&quot;left&quot;:&quot;&quot;,&quot;isLinked&quot;:true},&quot;element_pack_global_tooltip_border_radius_tablet&quot;:{&quot;unit&quot;:&quot;px&quot;,&quot;top&quot;:&quot;&quot;,&quot;right&quot;:&quot;&quot;,&quot;bottom&quot;:&quot;&quot;,&quot;left&quot;:&quot;&quot;,&quot;isLinked&quot;:true},&quot;element_pack_global_tooltip_border_radius_mobile&quot;:{&quot;unit&quot;:&quot;px&quot;,&quot;top&quot;:&quot;&quot;,&quot;right&quot;:&quot;&quot;,&quot;bottom&quot;:&quot;&quot;,&quot;left&quot;:&quot;&quot;,&quot;isLinked&quot;:true}}\" data-elementor-post-type=\"page\">\n\t\t\t\t\t\t<section class=\"elementor-section elementor-top-section elementor-element elementor-element-cb69016 elementor-hidden-tablet elementor-hidden-phone elementor-section-boxed elementor-section-height-default elementor-section-height-default\" data-id=\"cb69016\" data-element_type=\"section\" data-e-type=\"section\">\n\t\t\t\t\t\t<div class=\"elementor-container elementor-column-gap-default\">\n\t\t\t\t\t<div class=\"elementor-column elementor-col-100 elementor-top-column elementor-element elementor-element-1b0f86c\" data-id=\"1b0f86c\" data-element_type=\"column\" data-e-type=\"column\">\n\t\t\t<div class=\"elementor-widget-wrap elementor-element-populated\">\n\t\t\t\t\t\t<div class=\"elementor-element elementor-element-db77a61 elementor-widget elementor-widget-spacer\" data-id=\"db77a61\" data-element_type=\"widget\" data-e-type=\"widget\" data-widget_type=\"spacer.default\">\n\t\t\t\t<div class=\"elementor-widget-container\">\n\t\t\t\t\t\t\t<div class=\"elementor-spacer\">\n\t\t\t<div class=\"elementor-spacer-inner\"><\/div>\n\t\t<\/div>\n\t\t\t\t\t\t<\/div>\n\t\t\t\t<\/div>\n\t\t\t\t\t<\/div>\n\t\t<\/div>\n\t\t\t\t\t<\/div>\n\t\t<\/section>\n\t\t\t\t<section class=\"elementor-section elementor-top-section elementor-element elementor-element-0cde386 elementor-hidden-phone elementor-hidden-desktop elementor-section-boxed elementor-section-height-default elementor-section-height-default\" data-id=\"0cde386\" data-element_type=\"section\" data-e-type=\"section\">\n\t\t\t\t\t\t<div class=\"elementor-container elementor-column-gap-default\">\n\t\t\t\t\t<div class=\"elementor-column elementor-col-100 elementor-top-column elementor-element elementor-element-c08c985\" data-id=\"c08c985\" data-element_type=\"column\" data-e-type=\"column\">\n\t\t\t<div class=\"elementor-widget-wrap elementor-element-populated\">\n\t\t\t\t\t\t<div class=\"elementor-element elementor-element-5ba30b2 elementor-widget elementor-widget-spacer\" data-id=\"5ba30b2\" data-element_type=\"widget\" data-e-type=\"widget\" data-widget_type=\"spacer.default\">\n\t\t\t\t<div class=\"elementor-widget-container\">\n\t\t\t\t\t\t\t<div class=\"elementor-spacer\">\n\t\t\t<div class=\"elementor-spacer-inner\"><\/div>\n\t\t<\/div>\n\t\t\t\t\t\t<\/div>\n\t\t\t\t<\/div>\n\t\t\t\t\t<\/div>\n\t\t<\/div>\n\t\t\t\t\t<\/div>\n\t\t<\/section>\n\t\t\t\t<section class=\"elementor-section elementor-top-section elementor-element elementor-element-758f947 elementor-hidden-phone elementor-section-boxed elementor-section-height-default elementor-section-height-default\" data-id=\"758f947\" data-element_type=\"section\" data-e-type=\"section\" data-settings=\"{&quot;background_background&quot;:&quot;classic&quot;}\">\n\t\t\t\t\t\t<div class=\"elementor-container elementor-column-gap-default\">\n\t\t\t\t\t<div class=\"elementor-column elementor-col-33 elementor-top-column elementor-element elementor-element-c090d14\" data-id=\"c090d14\" data-element_type=\"column\" data-e-type=\"column\">\n\t\t\t<div class=\"elementor-widget-wrap\">\n\t\t\t\t\t\t\t<\/div>\n\t\t<\/div>\n\t\t\t\t<div class=\"elementor-column elementor-col-33 elementor-top-column elementor-element elementor-element-ee4baab\" data-id=\"ee4baab\" data-element_type=\"column\" data-e-type=\"column\" data-settings=\"{&quot;background_background&quot;:&quot;classic&quot;}\">\n\t\t\t<div class=\"elementor-widget-wrap elementor-element-populated\">\n\t\t\t\t\t\t<div class=\"elementor-element elementor-element-6479009 elementor-widget elementor-widget-spacer\" data-id=\"6479009\" data-element_type=\"widget\" data-e-type=\"widget\" data-widget_type=\"spacer.default\">\n\t\t\t\t<div class=\"elementor-widget-container\">\n\t\t\t\t\t\t\t<div class=\"elementor-spacer\">\n\t\t\t<div class=\"elementor-spacer-inner\"><\/div>\n\t\t<\/div>\n\t\t\t\t\t\t<\/div>\n\t\t\t\t<\/div>\n\t\t\t\t<div class=\"elementor-element elementor-element-e580ded elementor-widget elementor-widget-heading\" data-id=\"e580ded\" data-element_type=\"widget\" data-e-type=\"widget\" data-widget_type=\"heading.default\">\n\t\t\t\t<div class=\"elementor-widget-container\">\n\t\t\t\t\t<h2 class=\"elementor-heading-title elementor-size-default\">STAGES D'ART \u00e0 Paris 14e<\/h2>\t\t\t\t<\/div>\n\t\t\t\t<\/div>\n\t\t\t\t<div class=\"elementor-element elementor-element-3c5bfb7 elementor-widget elementor-widget-spacer\" data-id=\"3c5bfb7\" data-element_type=\"widget\" data-e-type=\"widget\" data-widget_type=\"spacer.default\">\n\t\t\t\t<div class=\"elementor-widget-container\">\n\t\t\t\t\t\t\t<div class=\"elementor-spacer\">\n\t\t\t<div class=\"elementor-spacer-inner\"><\/div>\n\t\t<\/div>\n\t\t\t\t\t\t<\/div>\n\t\t\t\t<\/div>\n\t\t\t\t\t<\/div>\n\t\t<\/div>\n\t\t\t\t<div class=\"elementor-column elementor-col-33 elementor-top-column elementor-element elementor-element-1b6d738\" data-id=\"1b6d738\" data-element_type=\"column\" data-e-type=\"column\">\n\t\t\t<div class=\"elementor-widget-wrap\">\n\t\t\t\t\t\t\t<\/div>\n\t\t<\/div>\n\t\t\t\t\t<\/div>\n\t\t<\/section>\n\t\t\t\t<section class=\"elementor-section elementor-top-section elementor-element elementor-element-e92be76 elementor-section-boxed elementor-section-height-default elementor-section-height-default\" data-id=\"e92be76\" data-element_type=\"section\" data-e-type=\"section\">\n\t\t\t\t\t\t<div class=\"elementor-container elementor-column-gap-default\">\n\t\t\t\t\t<div class=\"elementor-column elementor-col-50 elementor-top-column elementor-element elementor-element-1ef2036\" data-id=\"1ef2036\" data-element_type=\"column\" data-e-type=\"column\">\n\t\t\t<div class=\"elementor-widget-wrap\">\n\t\t\t\t\t\t\t<\/div>\n\t\t<\/div>\n\t\t\t\t<div class=\"elementor-column elementor-col-50 elementor-top-column elementor-element elementor-element-cbb62e7\" data-id=\"cbb62e7\" data-element_type=\"column\" data-e-type=\"column\">\n\t\t\t<div class=\"elementor-widget-wrap elementor-element-populated\">\n\t\t\t\t\t\t<div class=\"elementor-element elementor-element-fc78905 elementor-hidden-phone elementor-widget elementor-widget-heading\" data-id=\"fc78905\" data-element_type=\"widget\" data-e-type=\"widget\" data-widget_type=\"heading.default\">\n\t\t\t\t<div class=\"elementor-widget-container\">\n\t\t\t\t\t<h1 class=\"elementor-heading-title elementor-size-medium\">STAGES de peinture, sculpture, taille de pierre, dessin...<\/h1>\t\t\t\t<\/div>\n\t\t\t\t<\/div>\n\t\t\t\t<div class=\"elementor-element elementor-element-b2952d0 elementor-hidden-desktop elementor-hidden-tablet elementor-widget elementor-widget-heading\" data-id=\"b2952d0\" data-element_type=\"widget\" data-e-type=\"widget\" data-widget_type=\"heading.default\">\n\t\t\t\t<div class=\"elementor-widget-container\">\n\t\t\t\t\t<h1 class=\"elementor-heading-title elementor-size-medium\">STAGES de peinture, sculpture, taille de pierre, dessin...<\/h1>\t\t\t\t<\/div>\n\t\t\t\t<\/div>\n\t\t\t\t<div class=\"elementor-element elementor-element-5fe7a02 elementor-hidden-phone elementor-widget elementor-widget-heading\" data-id=\"5fe7a02\" data-element_type=\"widget\" data-e-type=\"widget\" data-widget_type=\"heading.default\">\n\t\t\t\t<div class=\"elementor-widget-container\">\n\t\t\t\t\t<h2 class=\"elementor-heading-title elementor-size-small\">Stages d'art pour d\u00e9butants et confirm\u00e9s - 37 Bis Villa d\u2019Al\u00e9sia 75014 Paris (Atelier Al\u00e9sia)<\/h2>\t\t\t\t<\/div>\n\t\t\t\t<\/div>\n\t\t\t\t<div class=\"elementor-element elementor-element-b5903a2 elementor-widget elementor-widget-lae-portfolio\" data-id=\"b5903a2\" data-element_type=\"widget\" data-e-type=\"widget\" data-settings=\"{&quot;per_line&quot;:&quot;3&quot;,&quot;per_line_tablet&quot;:&quot;2&quot;,&quot;per_line_mobile&quot;:&quot;1&quot;}\" data-widget_type=\"lae-portfolio.default\">\n\t\t\t\t<div class=\"elementor-widget-container\">\n\t\t\t\t\t<div class=\"lae-portfolio-wrap lae-gapless-grid\"><div class=\"lae-portfolio-header  lae-no-heading\"><div class=\"lae-taxonomy-filter\"><div class=\"lae-filter-item segment-0 lae-active\"><a data-value=\"*\" href=\"#\">All<\/a><\/div><div class=\"lae-filter-item segment-1\"><a href=\"#\" data-value=\".term-4\" title=\"View all items filed under C\u00e9ramique\">C\u00e9ramique<\/a><\/div><div class=\"lae-filter-item segment-2\"><a href=\"#\" data-value=\".term-3\" title=\"View all items filed under Dessin\">Dessin<\/a><\/div><\/div><\/div><div id=\"lae-portfolio-69f259c57cc8a\" class=\"lae-portfolio js-isotope lae-fitRows lae-grid-container lae-classic-skin lae-grid-desktop-3 lae-grid-tablet-2 lae-grid-mobile-1\" data-isotope-options='{ \"itemSelector\": \".lae-portfolio-item\", \"layoutMode\": \"fitRows\", \"originLeft\": true}'><div data-id=\"id-485\" class=\"lae-grid-item lae-portfolio-item  term-3\"><article id=\"post-485\" class=\"post-485 post type-post status-publish format-standard has-post-thumbnail hentry category-dessin\"><div class=\"lae-project-image\"><a href=\"https:\/\/www.terre-et-feu.com\/paris-14\/stage-dessin-bd-manga-pour-enfants-ados\/\"\u030c\u030c><img fetchpriority=\"high\" width=\"354\" height=\"349\" src=\"https:\/\/www.terre-et-feu.com\/paris-14\/wp-content\/uploads\/sites\/4\/2021\/03\/stage_BD-enfants__.png\" class=\"lae-image skip-lazy no-lazyload exclude-me a3-notlazy attachment-large size-large\" alt=\"stage_BD-enfants__\" title=\"Cours de BD Manga illustration Paris 14 Al\u00e9sia \u2014 Terre et Feu\" data-no-lazy=\"1\" loading=\"eager\" decoding=\"sync\" \/><\/a><div class=\"lae-image-info\"><div class=\"lae-entry-info\"><h3 class=\"lae-post-title\"><a href=\"https:\/\/www.terre-et-feu.com\/paris-14\/stage-dessin-bd-manga-pour-enfants-ados\/\" title=\"Stage Dessin-BD-Manga pour Enfants &#038; Ados\" rel=\"bookmark\">Stage Dessin-BD-Manga pour Enfants &#038; Ados<\/a><\/h3><span class=\"lae-terms\"><a href=\"https:\/\/www.terre-et-feu.com\/paris-14\/category\/dessin\/\">Dessin<\/a><\/span><\/div><\/div><!-- .lae-image-info --><\/div><div class=\"lae-entry-text-wrap \"><h3 class=\"entry-title\"><a href=\"https:\/\/www.terre-et-feu.com\/paris-14\/stage-dessin-bd-manga-pour-enfants-ados\/\" title=\"Stage Dessin-BD-Manga pour Enfants &#038; Ados\" rel=\"bookmark\">Stage Dessin-BD-Manga pour Enfants &#038; Ados<\/a><\/h3><div class=\"lae-entry-meta\"><span class=\"lae-terms\"><a href=\"https:\/\/www.terre-et-feu.com\/paris-14\/category\/dessin\/\">Dessin<\/a><\/span><\/div><div class=\"entry-summary\">Stage de Dessin-BD-Manga pour Enfants &amp; Ados Stage p\u00e2ques : du Lundi 19 Avril au Vendredi 23 Avril 2021 INSCRIPTION EN LIGNE Le stage comprend 5 fois 3 heures \u00e0 l&rsquo;atelier Terre &amp; Feu de Paris 14e Al\u00e9sia. Initiation \u00e0 &#8230; OBJECTIF P\u00c9DAGOGIQUE : \u2022 D\u00e9couvrir la technique&nbsp; \u2022 Cr\u00e9ation d\u2019une BD D\u00c9ROULEMENT DU STAGE [&hellip;]<\/div><\/div><\/article><!-- .hentry --><\/div><div data-id=\"id-514\" class=\"lae-grid-item lae-portfolio-item  term-3\"><article id=\"post-514\" class=\"post-514 post type-post status-publish format-standard has-post-thumbnail hentry category-dessin\"><div class=\"lae-project-image\"><a href=\"https:\/\/www.terre-et-feu.com\/paris-14\/stage-dessin-les-fondamentaux-du-dessin\/\"\u030c\u030c><img width=\"354\" height=\"349\" src=\"https:\/\/www.terre-et-feu.com\/paris-14\/wp-content\/uploads\/sites\/4\/2021\/03\/stage_fondamentaux_dessin_.png\" class=\"lae-image skip-lazy no-lazyload exclude-me a3-notlazy attachment-large size-large\" alt=\"stage_fondamentaux_dessin_\" title=\"Cours de dessin Paris 14 Al\u00e9sia \u2014 Atelier Terre et Feu\" data-no-lazy=\"1\" loading=\"eager\" decoding=\"sync\" \/><\/a><div class=\"lae-image-info\"><div class=\"lae-entry-info\"><h3 class=\"lae-post-title\"><a href=\"https:\/\/www.terre-et-feu.com\/paris-14\/stage-dessin-les-fondamentaux-du-dessin\/\" title=\"Stage Dessin &#8211; Les fondamentaux du Dessin\" rel=\"bookmark\">Stage Dessin &#8211; Les fondamentaux du Dessin<\/a><\/h3><span class=\"lae-terms\"><a href=\"https:\/\/www.terre-et-feu.com\/paris-14\/category\/dessin\/\">Dessin<\/a><\/span><\/div><\/div><!-- .lae-image-info --><\/div><div class=\"lae-entry-text-wrap \"><h3 class=\"entry-title\"><a href=\"https:\/\/www.terre-et-feu.com\/paris-14\/stage-dessin-les-fondamentaux-du-dessin\/\" title=\"Stage Dessin &#8211; Les fondamentaux du Dessin\" rel=\"bookmark\">Stage Dessin &#8211; Les fondamentaux du Dessin<\/a><\/h3><div class=\"lae-entry-meta\"><span class=\"lae-terms\"><a href=\"https:\/\/www.terre-et-feu.com\/paris-14\/category\/dessin\/\">Dessin<\/a><\/span><\/div><div class=\"entry-summary\">Stages de Dessin : Les fondamentaux du Dessin Dimanche 13 juin 2021 &#8211; dur\u00e9e 5h INSCRIPTION EN LIGNE Contenu&nbsp; Savoir dessiner c\u2019est s\u2019exercer pour comprendre la proportion, la composition, les ombres et lumi\u00e8res, le volume et le mouvement, le mod\u00e8le vivant et la perspective. Pour ce premier stage d\u2019une dur\u00e9e de 5 h, accompagn\u00e9 par [&hellip;]<\/div><\/div><\/article><!-- .hentry --><\/div><div data-id=\"id-500\" class=\"lae-grid-item lae-portfolio-item  term-4 term-3\"><article id=\"post-500\" class=\"post-500 post type-post status-publish format-standard has-post-thumbnail hentry category-ceramique category-dessin\"><div class=\"lae-project-image\"><a href=\"https:\/\/www.terre-et-feu.com\/paris-14\/stage-modelage-ceramique-enfants-ados\/\"\u030c\u030c><img width=\"354\" height=\"349\" src=\"https:\/\/www.terre-et-feu.com\/paris-14\/wp-content\/uploads\/sites\/4\/2021\/04\/stage_modelage-ceramique.png\" class=\"lae-image skip-lazy no-lazyload exclude-me a3-notlazy attachment-large size-large\" alt=\"stage_modelage-ceramique\" title=\"Cours de c\u00e9ramique Paris 14 Al\u00e9sia \u2014 Atelier Terre et Feu\" data-no-lazy=\"1\" loading=\"eager\" decoding=\"sync\" \/><\/a><div class=\"lae-image-info\"><div class=\"lae-entry-info\"><h3 class=\"lae-post-title\"><a href=\"https:\/\/www.terre-et-feu.com\/paris-14\/stage-modelage-ceramique-enfants-ados\/\" title=\"Stage Modelage-C\u00e9ramique\" rel=\"bookmark\">Stage Modelage-C\u00e9ramique<\/a><\/h3><span class=\"lae-terms\"><a href=\"https:\/\/www.terre-et-feu.com\/paris-14\/category\/ceramique\/\">C\u00e9ramique<\/a>, <a href=\"https:\/\/www.terre-et-feu.com\/paris-14\/category\/dessin\/\">Dessin<\/a><\/span><\/div><\/div><!-- .lae-image-info --><\/div><div class=\"lae-entry-text-wrap \"><h3 class=\"entry-title\"><a href=\"https:\/\/www.terre-et-feu.com\/paris-14\/stage-modelage-ceramique-enfants-ados\/\" title=\"Stage Modelage-C\u00e9ramique\" rel=\"bookmark\">Stage Modelage-C\u00e9ramique<\/a><\/h3><div class=\"lae-entry-meta\"><span class=\"lae-terms\"><a href=\"https:\/\/www.terre-et-feu.com\/paris-14\/category\/ceramique\/\">C\u00e9ramique<\/a>, <a href=\"https:\/\/www.terre-et-feu.com\/paris-14\/category\/dessin\/\">Dessin<\/a><\/span><\/div><div class=\"entry-summary\">Stage de Modelage-C\u00e9ramique Du Mardi 06 Juillet 2021 au Samedi 10 Juillet &#8211; dur\u00e9e 15h INSCRIPTION EN LIGNE Contenu Du 6&nbsp;au 10 Juillet 2021, l\u2019atelier ouvre ses portes aux enfants pour un stage de modelage de 14h \u00e0 17h. Ce stage propose plusieurs th\u00e8mes aux \u00e9l\u00e8ves qui fa\u00e7onnent leur pi\u00e8ce en utilisant des techniques de [&hellip;]<\/div><\/div><\/article><!-- .hentry --><\/div><div data-id=\"id-541\" class=\"lae-grid-item lae-portfolio-item  term-4\"><article id=\"post-541\" class=\"post-541 post type-post status-publish format-standard has-post-thumbnail hentry category-ceramique\"><div class=\"lae-project-image\"><a href=\"https:\/\/www.terre-et-feu.com\/paris-14\/stage-modelage-portrait\/\"\u030c\u030c><img width=\"354\" height=\"349\" src=\"https:\/\/www.terre-et-feu.com\/paris-14\/wp-content\/uploads\/sites\/4\/2021\/04\/stage_sculpture-morpho.png\" class=\"lae-image skip-lazy no-lazyload exclude-me a3-notlazy attachment-large size-large\" alt=\"stage_sculpture-morpho\" title=\"Cours de sculpture modelage Paris 14 Al\u00e9sia \u2014 Terre et Feu\" data-no-lazy=\"1\" loading=\"eager\" decoding=\"sync\" \/><\/a><div class=\"lae-image-info\"><div class=\"lae-entry-info\"><h3 class=\"lae-post-title\"><a href=\"https:\/\/www.terre-et-feu.com\/paris-14\/stage-modelage-portrait\/\" title=\"Stage Modelage : Le portrait\" rel=\"bookmark\">Stage Modelage : Le portrait<\/a><\/h3><span class=\"lae-terms\"><a href=\"https:\/\/www.terre-et-feu.com\/paris-14\/category\/ceramique\/\">C\u00e9ramique<\/a><\/span><\/div><\/div><!-- .lae-image-info --><\/div><div class=\"lae-entry-text-wrap \"><h3 class=\"entry-title\"><a href=\"https:\/\/www.terre-et-feu.com\/paris-14\/stage-modelage-portrait\/\" title=\"Stage Modelage : Le portrait\" rel=\"bookmark\">Stage Modelage : Le portrait<\/a><\/h3><div class=\"lae-entry-meta\"><span class=\"lae-terms\"><a href=\"https:\/\/www.terre-et-feu.com\/paris-14\/category\/ceramique\/\">C\u00e9ramique<\/a><\/span><\/div><div class=\"entry-summary\">Stage de Modelage : Le portrait Dimanche 06 Juin 2021 &#8211; dur\u00e9e 6h. De 10h \u00e0 13h et de 14h \u00e0 17h INSCRIPTION EN LIGNE Contenu&nbsp; Ce stage s\u2019adresse aux d\u00e9butants comme aux personnes ayant d\u00e9j\u00e0 une certaine exp\u00e9rience.&nbsp; Par l&rsquo;apprentissage de l&rsquo;Anatomie et par la pratique, vous acquerrez les connaissances fondamentales et n\u00e9cessaires au [&hellip;]<\/div><\/div><\/article><!-- .hentry --><\/div><\/div><!-- .lae-portfolio --><\/div><!-- .lae-portfolio-wrap -->\t\t\t\t<\/div>\n\t\t\t\t<\/div>\n\t\t\t\t<section class=\"elementor-section elementor-inner-section elementor-element elementor-element-84de1cd elementor-section-boxed elementor-section-height-default elementor-section-height-default\" data-id=\"84de1cd\" data-element_type=\"section\" data-e-type=\"section\">\n\t\t\t\t\t\t<div class=\"elementor-container elementor-column-gap-default\">\n\t\t\t\t\t<div class=\"elementor-column elementor-col-50 elementor-inner-column elementor-element elementor-element-98f05c8 elementor-hidden-phone\" data-id=\"98f05c8\" data-element_type=\"column\" data-e-type=\"column\">\n\t\t\t<div class=\"elementor-widget-wrap elementor-element-populated\">\n\t\t\t\t\t\t<div class=\"elementor-element elementor-element-13be361 elementor-widget elementor-widget-image\" data-id=\"13be361\" data-element_type=\"widget\" data-e-type=\"widget\" data-widget_type=\"image.default\">\n\t\t\t\t<div class=\"elementor-widget-container\">\n\t\t\t\t\t\t\t\t\t\t\t\t\t\t\t<img decoding=\"async\" width=\"400\" height=\"270\" src=\"https:\/\/www.terre-et-feu.com\/paris-14\/wp-content\/uploads\/sites\/4\/2021\/03\/stage_ceramique-enfants_visu-400x270.jpg\" class=\"attachment-medium size-medium wp-image-503\" alt=\"Cours de c\u00e9ramique Paris 14 Al\u00e9sia \u2014 Atelier Terre et Feu\" \/>\t\t\t\t\t\t\t\t\t\t\t\t\t\t\t<\/div>\n\t\t\t\t<\/div>\n\t\t\t\t\t<\/div>\n\t\t<\/div>\n\t\t\t\t<div class=\"elementor-column elementor-col-50 elementor-inner-column elementor-element elementor-element-c69ed29\" data-id=\"c69ed29\" data-element_type=\"column\" data-e-type=\"column\">\n\t\t\t<div class=\"elementor-widget-wrap elementor-element-populated\">\n\t\t\t\t\t\t<div class=\"elementor-element elementor-element-af1258f elementor-hidden-desktop elementor-hidden-tablet elementor-widget elementor-widget-text-editor\" data-id=\"af1258f\" data-element_type=\"widget\" data-e-type=\"widget\" data-widget_type=\"text-editor.default\">\n\t\t\t\t<div class=\"elementor-widget-container\">\n\t\t\t\t\t\t\t\t\t<p class=\"p1\"><strong>Stages d&rsquo;art pour d\u00e9butants et confirm\u00e9s &#8211; 37 Bis Villa d\u2019Al\u00e9sia 75014 Paris (Atelier Al\u00e9sia)<\/strong><\/p><p>Nous proposons r\u00e9guli\u00e8rement des stages courts aux ateliers <strong>Terre &amp; Feu Paris 3, Paris 14 et Paris 17.<\/strong> Les stages portent sur diff\u00e9rentes disciplines comme <strong>la sculpture, la peinture ou la taille de pierre<\/strong>.<br \/>Rendez-vous sur cette page r\u00e9guli\u00e8rement pour y d\u00e9couvrir nos stages.<br \/>A bient\u00f4t !<\/p><p>Pour les renseignements et pour les inscriptions<br \/><strong>Contact : HUBERT BEJUI <\/strong><br \/><strong>T\u00e9l : 01 45 77 10 10<\/strong><br \/>ou par Mail :\u00a0<a href=\"mailto:paris@terre-et-feu.com\">paris@terre-et-feu.com<\/a><\/p>\t\t\t\t\t\t\t\t<\/div>\n\t\t\t\t<\/div>\n\t\t\t\t<div class=\"elementor-element elementor-element-54e23e7 elementor-hidden-phone elementor-widget elementor-widget-text-editor\" data-id=\"54e23e7\" data-element_type=\"widget\" data-e-type=\"widget\" data-widget_type=\"text-editor.default\">\n\t\t\t\t<div class=\"elementor-widget-container\">\n\t\t\t\t\t\t\t\t\t<p class=\"p1\">Nous proposons r\u00e9guli\u00e8rement des stages courts aux ateliers <strong>Terre &amp; Feu Paris 3, Paris 14 et Paris 17.<\/strong> Les stages portent sur diff\u00e9rentes disciplines comme <strong>la sculpture, la peinture ou la taille de pierre<\/strong>.<br \/>Rendez-vous sur cette page r\u00e9guli\u00e8rement pour y d\u00e9couvrir nos stages.<br \/>A bient\u00f4t !<\/p><p>Pour les renseignements et pour les inscriptions<br \/><strong>Contact : HUBERT BEJUI <\/strong><br \/><strong>T\u00e9l : 01 45 77 10 10<\/strong><br \/>ou par Mail :\u00a0<a href=\"mailto:paris@terre-et-feu.com\">paris@terre-et-feu.com<\/a><\/p>\t\t\t\t\t\t\t\t<\/div>\n\t\t\t\t<\/div>\n\t\t\t\t\t<\/div>\n\t\t<\/div>\n\t\t\t\t\t<\/div>\n\t\t<\/section>\n\t\t\t\t\t<\/div>\n\t\t<\/div>\n\t\t\t\t\t<\/div>\n\t\t<\/section>\n\t\t\t\t<\/div>\n\t\t","protected":false},"excerpt":{"rendered":"<p>STAGES D&rsquo;ART \u00e0 Paris 14e STAGES de peinture, sculpture, taille de pierre, dessin&#8230; STAGES de peinture, sculpture, taille de pierre, dessin&#8230; Stages d&rsquo;art pour d\u00e9butants et confirm\u00e9s &#8211; 37 Bis Villa d\u2019Al\u00e9sia 75014 Paris (Atelier Al\u00e9sia) AllC\u00e9ramiqueDessin Stage Dessin-BD-Manga pour Enfants &#038; Ados Dessin Stage Dessin-BD-Manga pour Enfants &#038; Ados DessinStage de Dessin-BD-Manga pour Enfants [&hellip;]<\/p>\n","protected":false},"author":1,"featured_media":0,"parent":0,"menu_order":0,"comment_status":"closed","ping_status":"closed","template":"","meta":{"footnotes":""},"class_list":["post-23","page","type-page","status-publish","hentry"],"aioseo_notices":[],"_links":{"self":[{"href":"https:\/\/www.terre-et-feu.com\/paris-14\/wp-json\/wp\/v2\/pages\/23","targetHints":{"allow":["GET"]}}],"collection":[{"href":"https:\/\/www.terre-et-feu.com\/paris-14\/wp-json\/wp\/v2\/pages"}],"about":[{"href":"https:\/\/www.terre-et-feu.com\/paris-14\/wp-json\/wp\/v2\/types\/page"}],"author":[{"embeddable":true,"href":"https:\/\/www.terre-et-feu.com\/paris-14\/wp-json\/wp\/v2\/users\/1"}],"replies":[{"embeddable":true,"href":"https:\/\/www.terre-et-feu.com\/paris-14\/wp-json\/wp\/v2\/comments?post=23"}],"version-history":[{"count":7,"href":"https:\/\/www.terre-et-feu.com\/paris-14\/wp-json\/wp\/v2\/pages\/23\/revisions"}],"predecessor-version":[{"id":561,"href":"https:\/\/www.terre-et-feu.com\/paris-14\/wp-json\/wp\/v2\/pages\/23\/revisions\/561"}],"wp:attachment":[{"href":"https:\/\/www.terre-et-feu.com\/paris-14\/wp-json\/wp\/v2\/media?parent=23"}],"curies":[{"name":"wp","href":"https:\/\/api.w.org\/{rel}","templated":true}]}}