{"id":101,"date":"2020-02-14T17:40:48","date_gmt":"2020-02-14T16:40:48","guid":{"rendered":"https:\/\/www.terre-et-feu.com\/paris\/?page_id=101"},"modified":"2022-06-08T12:53:12","modified_gmt":"2022-06-08T10:53:12","slug":"dessin-pastel-pourquoi-opter-pour-le-pastel","status":"publish","type":"page","link":"https:\/\/www.terre-et-feu.com\/paris\/dessin-pastel-pourquoi-opter-pour-le-pastel\/","title":{"rendered":"Dessin Pastel : Pourquoi opter pour le Pastel ?"},"content":{"rendered":"\t\t<div data-elementor-type=\"wp-page\" data-elementor-id=\"101\" class=\"elementor elementor-101\" data-elementor-settings=\"{&quot;element_pack_global_tooltip_width&quot;:{&quot;unit&quot;:&quot;px&quot;,&quot;size&quot;:&quot;&quot;,&quot;sizes&quot;:[]},&quot;element_pack_global_tooltip_width_tablet&quot;:{&quot;unit&quot;:&quot;px&quot;,&quot;size&quot;:&quot;&quot;,&quot;sizes&quot;:[]},&quot;element_pack_global_tooltip_width_mobile&quot;:{&quot;unit&quot;:&quot;px&quot;,&quot;size&quot;:&quot;&quot;,&quot;sizes&quot;:[]},&quot;element_pack_global_tooltip_padding&quot;:{&quot;unit&quot;:&quot;px&quot;,&quot;top&quot;:&quot;&quot;,&quot;right&quot;:&quot;&quot;,&quot;bottom&quot;:&quot;&quot;,&quot;left&quot;:&quot;&quot;,&quot;isLinked&quot;:true},&quot;element_pack_global_tooltip_padding_tablet&quot;:{&quot;unit&quot;:&quot;px&quot;,&quot;top&quot;:&quot;&quot;,&quot;right&quot;:&quot;&quot;,&quot;bottom&quot;:&quot;&quot;,&quot;left&quot;:&quot;&quot;,&quot;isLinked&quot;:true},&quot;element_pack_global_tooltip_padding_mobile&quot;:{&quot;unit&quot;:&quot;px&quot;,&quot;top&quot;:&quot;&quot;,&quot;right&quot;:&quot;&quot;,&quot;bottom&quot;:&quot;&quot;,&quot;left&quot;:&quot;&quot;,&quot;isLinked&quot;:true},&quot;element_pack_global_tooltip_border_radius&quot;:{&quot;unit&quot;:&quot;px&quot;,&quot;top&quot;:&quot;&quot;,&quot;right&quot;:&quot;&quot;,&quot;bottom&quot;:&quot;&quot;,&quot;left&quot;:&quot;&quot;,&quot;isLinked&quot;:true},&quot;element_pack_global_tooltip_border_radius_tablet&quot;:{&quot;unit&quot;:&quot;px&quot;,&quot;top&quot;:&quot;&quot;,&quot;right&quot;:&quot;&quot;,&quot;bottom&quot;:&quot;&quot;,&quot;left&quot;:&quot;&quot;,&quot;isLinked&quot;:true},&quot;element_pack_global_tooltip_border_radius_mobile&quot;:{&quot;unit&quot;:&quot;px&quot;,&quot;top&quot;:&quot;&quot;,&quot;right&quot;:&quot;&quot;,&quot;bottom&quot;:&quot;&quot;,&quot;left&quot;:&quot;&quot;,&quot;isLinked&quot;:true}}\" data-elementor-post-type=\"page\">\n\t\t\t\t\t\t<section class=\"elementor-section elementor-top-section elementor-element elementor-element-04e51b0 elementor-hidden-phone elementor-hidden-desktop elementor-section-boxed elementor-section-height-default elementor-section-height-default\" data-id=\"04e51b0\" data-element_type=\"section\" data-e-type=\"section\">\n\t\t\t\t\t\t<div class=\"elementor-container elementor-column-gap-default\">\n\t\t\t\t\t<div class=\"elementor-column elementor-col-100 elementor-top-column elementor-element elementor-element-2ff4033\" data-id=\"2ff4033\" data-element_type=\"column\" data-e-type=\"column\">\n\t\t\t<div class=\"elementor-widget-wrap elementor-element-populated\">\n\t\t\t\t\t\t<div class=\"elementor-element elementor-element-a60204f elementor-widget elementor-widget-spacer\" data-id=\"a60204f\" data-element_type=\"widget\" data-e-type=\"widget\" data-widget_type=\"spacer.default\">\n\t\t\t\t<div class=\"elementor-widget-container\">\n\t\t\t\t\t\t\t<div class=\"elementor-spacer\">\n\t\t\t<div class=\"elementor-spacer-inner\"><\/div>\n\t\t<\/div>\n\t\t\t\t\t\t<\/div>\n\t\t\t\t<\/div>\n\t\t\t\t\t<\/div>\n\t\t<\/div>\n\t\t\t\t\t<\/div>\n\t\t<\/section>\n\t\t\t\t<section class=\"elementor-section elementor-top-section elementor-element elementor-element-ee05ab7 elementor-hidden-tablet elementor-hidden-phone elementor-section-boxed elementor-section-height-default elementor-section-height-default\" data-id=\"ee05ab7\" data-element_type=\"section\" data-e-type=\"section\" data-settings=\"{&quot;background_background&quot;:&quot;classic&quot;}\">\n\t\t\t\t\t\t<div class=\"elementor-container elementor-column-gap-default\">\n\t\t\t\t\t<div class=\"elementor-column elementor-col-33 elementor-top-column elementor-element elementor-element-3ef695a\" data-id=\"3ef695a\" data-element_type=\"column\" data-e-type=\"column\">\n\t\t\t<div class=\"elementor-widget-wrap\">\n\t\t\t\t\t\t\t<\/div>\n\t\t<\/div>\n\t\t\t\t<div class=\"elementor-column elementor-col-33 elementor-top-column elementor-element elementor-element-15b5556\" data-id=\"15b5556\" data-element_type=\"column\" data-e-type=\"column\" data-settings=\"{&quot;background_background&quot;:&quot;classic&quot;}\">\n\t\t\t<div class=\"elementor-widget-wrap elementor-element-populated\">\n\t\t\t\t\t\t<div class=\"elementor-element elementor-element-fb74890 elementor-widget elementor-widget-spacer\" data-id=\"fb74890\" data-element_type=\"widget\" data-e-type=\"widget\" data-widget_type=\"spacer.default\">\n\t\t\t\t<div class=\"elementor-widget-container\">\n\t\t\t\t\t\t\t<div class=\"elementor-spacer\">\n\t\t\t<div class=\"elementor-spacer-inner\"><\/div>\n\t\t<\/div>\n\t\t\t\t\t\t<\/div>\n\t\t\t\t<\/div>\n\t\t\t\t<div class=\"elementor-element elementor-element-9bc302e elementor-widget elementor-widget-heading\" data-id=\"9bc302e\" data-element_type=\"widget\" data-e-type=\"widget\" data-widget_type=\"heading.default\">\n\t\t\t\t<div class=\"elementor-widget-container\">\n\t\t\t\t\t<h1 class=\"elementor-heading-title elementor-size-default\">Dessin pastel : Pourquoi opter pour le pastel<\/h1>\t\t\t\t<\/div>\n\t\t\t\t<\/div>\n\t\t\t\t<div class=\"elementor-element elementor-element-23ea026 elementor-widget elementor-widget-spacer\" data-id=\"23ea026\" data-element_type=\"widget\" data-e-type=\"widget\" data-widget_type=\"spacer.default\">\n\t\t\t\t<div class=\"elementor-widget-container\">\n\t\t\t\t\t\t\t<div class=\"elementor-spacer\">\n\t\t\t<div class=\"elementor-spacer-inner\"><\/div>\n\t\t<\/div>\n\t\t\t\t\t\t<\/div>\n\t\t\t\t<\/div>\n\t\t\t\t\t<\/div>\n\t\t<\/div>\n\t\t\t\t<div class=\"elementor-column elementor-col-33 elementor-top-column elementor-element elementor-element-154dd9e\" data-id=\"154dd9e\" data-element_type=\"column\" data-e-type=\"column\">\n\t\t\t<div class=\"elementor-widget-wrap\">\n\t\t\t\t\t\t\t<\/div>\n\t\t<\/div>\n\t\t\t\t\t<\/div>\n\t\t<\/section>\n\t\t\t\t<section class=\"elementor-section elementor-top-section elementor-element elementor-element-32ea33d elementor-section-boxed elementor-section-height-default elementor-section-height-default\" data-id=\"32ea33d\" data-element_type=\"section\" data-e-type=\"section\">\n\t\t\t\t\t\t<div class=\"elementor-container elementor-column-gap-default\">\n\t\t\t\t\t<div class=\"elementor-column elementor-col-33 elementor-top-column elementor-element elementor-element-d184314\" data-id=\"d184314\" data-element_type=\"column\" data-e-type=\"column\">\n\t\t\t<div class=\"elementor-widget-wrap\">\n\t\t\t\t\t\t\t<\/div>\n\t\t<\/div>\n\t\t\t\t<div class=\"elementor-column elementor-col-33 elementor-top-column elementor-element elementor-element-8f59a3d\" data-id=\"8f59a3d\" data-element_type=\"column\" data-e-type=\"column\">\n\t\t\t<div class=\"elementor-widget-wrap elementor-element-populated\">\n\t\t\t\t\t\t<div class=\"elementor-element elementor-element-5a7fc38 elementor-hidden-desktop elementor-hidden-tablet elementor-widget elementor-widget-heading\" data-id=\"5a7fc38\" data-element_type=\"widget\" data-e-type=\"widget\" data-widget_type=\"heading.default\">\n\t\t\t\t<div class=\"elementor-widget-container\">\n\t\t\t\t\t<h1 class=\"elementor-heading-title elementor-size-medium\">Dessin pastel : Pourquoi opter pour le pastel<\/h1>\t\t\t\t<\/div>\n\t\t\t\t<\/div>\n\t\t\t\t<div class=\"elementor-element elementor-element-976c770 elementor-hidden-phone elementor-widget elementor-widget-heading\" data-id=\"976c770\" data-element_type=\"widget\" data-e-type=\"widget\" data-widget_type=\"heading.default\">\n\t\t\t\t<div class=\"elementor-widget-container\">\n\t\t\t\t\t<h1 class=\"elementor-heading-title elementor-size-medium\">Dessin pastel : Pourquoi opter pour le pastel<\/h1>\t\t\t\t<\/div>\n\t\t\t\t<\/div>\n\t\t\t\t<div class=\"elementor-element elementor-element-fc8439a elementor-widget elementor-widget-text-editor\" data-id=\"fc8439a\" data-element_type=\"widget\" data-e-type=\"widget\" data-widget_type=\"text-editor.default\">\n\t\t\t\t<div class=\"elementor-widget-container\">\n\t\t\t\t\t\t\t\t\t<strong>Le dessin au pastel vous s\u00e9duit ? Il faut dire que cette technique est assez tendance et la demande est bien l\u00e0 ! Le pastel, malgr\u00e9 quelques inconv\u00e9nients, pr\u00e9sente de nombreux avantages non n\u00e9gligeables. Alors si vous h\u00e9sitez encore, voici les bonnes raisons de vous y mettre !<\/strong>\t\t\t\t\t\t\t\t<\/div>\n\t\t\t\t<\/div>\n\t\t\t\t<div class=\"elementor-element elementor-element-e85e50c elementor-widget elementor-widget-heading\" data-id=\"e85e50c\" data-element_type=\"widget\" data-e-type=\"widget\" data-widget_type=\"heading.default\">\n\t\t\t\t<div class=\"elementor-widget-container\">\n\t\t\t\t\t<h2 class=\"elementor-heading-title elementor-size-medium\">Le pastel qu\u2019est-ce que c\u2019est ?<\/h2>\t\t\t\t<\/div>\n\t\t\t\t<\/div>\n\t\t\t\t<div class=\"elementor-element elementor-element-c549d71 elementor-widget elementor-widget-text-editor\" data-id=\"c549d71\" data-element_type=\"widget\" data-e-type=\"widget\" data-widget_type=\"text-editor.default\">\n\t\t\t\t<div class=\"elementor-widget-container\">\n\t\t\t\t\t\t\t\t\t<p>Ce ne sont pas des crayons de couleur mais \u00e7a y ressemble ! Les pastels sont des b\u00e2tonnets de diff\u00e9rentes couleurs, compos\u00e9s de pigments, d\u2019une charge et d\u2019un liant. On peut en trouver de diff\u00e9rentes marques mais aussi de caract\u00e9ristiques, puisqu\u2019il y a les pastels secs, les pastels gras, \u00e0 l\u2019huile et \u00e0 la cire. Donc avant de vous aventurer, ce choix est primordial quant \u00e0 la technique \u00e0 adopter et le r\u00e9sultat souhait\u00e9.<\/p>\t\t\t\t\t\t\t\t<\/div>\n\t\t\t\t<\/div>\n\t\t\t\t<div class=\"elementor-element elementor-element-71d638e elementor-widget elementor-widget-heading\" data-id=\"71d638e\" data-element_type=\"widget\" data-e-type=\"widget\" data-widget_type=\"heading.default\">\n\t\t\t\t<div class=\"elementor-widget-container\">\n\t\t\t\t\t<h2 class=\"elementor-heading-title elementor-size-medium\">Pourquoi opter pour le pastel ?<\/h2>\t\t\t\t<\/div>\n\t\t\t\t<\/div>\n\t\t\t\t<div class=\"elementor-element elementor-element-0eb9a2a elementor-widget elementor-widget-text-editor\" data-id=\"0eb9a2a\" data-element_type=\"widget\" data-e-type=\"widget\" data-widget_type=\"text-editor.default\">\n\t\t\t\t<div class=\"elementor-widget-container\">\n\t\t\t\t\t\t\t\t\t<p>Opter pour le pastel permet d\u2019avoir un r\u00e9sultat entre dessin classique et peinture. Cela permet r\u00e9ellement une vraie cr\u00e9ativit\u00e9. Ce qui s\u00e9duit beaucoup avec le dessin au pastel c\u2019est qu\u2019on peut superposer les couches sans diluer les couleurs ! Puis on peut varier les effets rien qu\u2019en taillant la pointe ! Les pastels sont surtout appr\u00e9ci\u00e9s pour la force et la luminosit\u00e9 des couleurs. Essayez le paysage au pastel, vous serez \u00e9tonn\u00e9 de votre talent !<\/p>\t\t\t\t\t\t\t\t<\/div>\n\t\t\t\t<\/div>\n\t\t\t\t<div class=\"elementor-element elementor-element-b30e44a elementor-widget elementor-widget-heading\" data-id=\"b30e44a\" data-element_type=\"widget\" data-e-type=\"widget\" data-widget_type=\"heading.default\">\n\t\t\t\t<div class=\"elementor-widget-container\">\n\t\t\t\t\t<h2 class=\"elementor-heading-title elementor-size-medium\">Mais pas toujours simple<\/h2>\t\t\t\t<\/div>\n\t\t\t\t<\/div>\n\t\t\t\t<div class=\"elementor-element elementor-element-405a47d elementor-widget elementor-widget-text-editor\" data-id=\"405a47d\" data-element_type=\"widget\" data-e-type=\"widget\" data-widget_type=\"text-editor.default\">\n\t\t\t\t<div class=\"elementor-widget-container\">\n\t\t\t\t\t\t\t\t\t<p>Dessiner au pastel est un vrai plaisir et offre des r\u00e9sultats \u00e9poustouflants quand vous avez une bonne ma\u00eetrise. Malheureusement le choix des pastels est souvent d\u00e9licat. Il faut vraiment trouver le pastel qui vous va et qui r\u00e9pond \u00e0 vos attentes !<\/p>\t\t\t\t\t\t\t\t<\/div>\n\t\t\t\t<\/div>\n\t\t\t\t\t<\/div>\n\t\t<\/div>\n\t\t\t\t<div class=\"elementor-column elementor-col-33 elementor-top-column elementor-element elementor-element-5cd08cc\" data-id=\"5cd08cc\" data-element_type=\"column\" data-e-type=\"column\">\n\t\t\t<div class=\"elementor-widget-wrap\">\n\t\t\t\t\t\t\t<\/div>\n\t\t<\/div>\n\t\t\t\t\t<\/div>\n\t\t<\/section>\n\t\t\t\t<section class=\"elementor-section elementor-top-section elementor-element elementor-element-a26615e elementor-section-boxed elementor-section-height-default elementor-section-height-default\" data-id=\"a26615e\" data-element_type=\"section\" data-e-type=\"section\" data-settings=\"{&quot;background_background&quot;:&quot;classic&quot;}\">\n\t\t\t\t\t\t<div class=\"elementor-container elementor-column-gap-default\">\n\t\t\t\t\t<div class=\"elementor-column elementor-col-33 elementor-top-column elementor-element elementor-element-6e44703\" data-id=\"6e44703\" data-element_type=\"column\" data-e-type=\"column\">\n\t\t\t<div class=\"elementor-widget-wrap\">\n\t\t\t\t\t\t\t<\/div>\n\t\t<\/div>\n\t\t\t\t<div class=\"elementor-column elementor-col-33 elementor-top-column elementor-element elementor-element-de8ec56\" data-id=\"de8ec56\" data-element_type=\"column\" data-e-type=\"column\" data-settings=\"{&quot;background_background&quot;:&quot;classic&quot;}\">\n\t\t\t<div class=\"elementor-widget-wrap elementor-element-populated\">\n\t\t\t\t\t\t<div class=\"elementor-element elementor-element-4d25c46 elementor-widget elementor-widget-heading\" data-id=\"4d25c46\" data-element_type=\"widget\" data-e-type=\"widget\" data-widget_type=\"heading.default\">\n\t\t\t\t<div class=\"elementor-widget-container\">\n\t\t\t\t\t<h1 class=\"elementor-heading-title elementor-size-medium\">Guide Terre &amp; Feu<\/h1>\t\t\t\t<\/div>\n\t\t\t\t<\/div>\n\t\t\t\t<div class=\"elementor-element elementor-element-4035240 elementor-widget elementor-widget-text-editor\" data-id=\"4035240\" data-element_type=\"widget\" data-e-type=\"widget\" data-widget_type=\"text-editor.default\">\n\t\t\t\t<div class=\"elementor-widget-container\">\n\t\t\t\t\t\t\t\t\t<p>D\u00e9couvrez les trucs et astuces en arts plastiques des ateliers Terre &amp; Feu :<\/p>\t\t\t\t\t\t\t\t<\/div>\n\t\t\t\t<\/div>\n\t\t\t\t<section class=\"elementor-section elementor-inner-section elementor-element elementor-element-4419bd7 elementor-section-boxed elementor-section-height-default elementor-section-height-default\" data-id=\"4419bd7\" data-element_type=\"section\" data-e-type=\"section\">\n\t\t\t\t\t\t<div class=\"elementor-container elementor-column-gap-default\">\n\t\t\t\t\t<div class=\"elementor-column elementor-col-50 elementor-inner-column elementor-element elementor-element-08fc743\" data-id=\"08fc743\" data-element_type=\"column\" data-e-type=\"column\">\n\t\t\t<div class=\"elementor-widget-wrap elementor-element-populated\">\n\t\t\t\t\t\t<div class=\"elementor-element elementor-element-f780a30 elementor-widget elementor-widget-text-editor\" data-id=\"f780a30\" data-element_type=\"widget\" data-e-type=\"widget\" data-widget_type=\"text-editor.default\">\n\t\t\t\t<div class=\"elementor-widget-container\">\n\t\t\t\t\t\t\t\t\t<p><strong><a href=\"https:\/\/www.terre-et-feu.com\/paris\/dessin-pastel-pourquoi-opter-pour-le-pastel\/\">&gt;<\/a> <a href=\"https:\/\/www.terre-et-feu.com\/paris\/dessin-pastel-pourquoi-opter-pour-le-pastel\/\">Dessin pastel : Pourquoi opter pour le pastel<\/a><\/strong><br \/><strong><a href=\"https:\/\/www.terre-et-feu.com\/paris\/aquarelle-facile-comment-devenir-un-pro-rapidement\/\">&gt; Aquarelle facile : comment devenir un pro rapidement<\/a><\/strong><br \/><a href=\"https:\/\/www.terre-et-feu.com\/paris\/apprendre-le-dessin-les-astuces\/\"><strong>&gt; Apprendre le dessin : Les astuces<\/strong><\/a><br \/><a href=\"https:\/\/www.terre-et-feu.com\/paris\/laquarelle-pas-a-pas\/\"><strong>&gt; L\u2019aquarelle pas \u00e0 pas<\/strong><\/a><br \/><a href=\"https:\/\/www.terre-et-feu.com\/paris\/conseils-pour-apprendre-a-dessiner-des-animaux\/\"><strong>&gt; Conseils pour apprendre \u00e0 dessiner des animaux<\/strong><\/a><br \/><a href=\"https:\/\/www.terre-et-feu.com\/paris\/dessiner-facilement-grace-aux-meilleures-astuces\/\"><strong>&gt; Dessiner facilement gr\u00e2ce aux meilleures astuces<\/strong><\/a><br \/><a href=\"https:\/\/www.terre-et-feu.com\/paris\/technique-peinture-acrylique-que-faut-il-savoir\/\"><strong>&gt; Technique peinture acrylique : Que faut-il savoir<\/strong><\/a><br \/><a href=\"https:\/\/www.terre-et-feu.com\/paris\/formation-artistique-quapprend-on-exactement\/\"><strong>&gt; Formation artistique : Qu\u2019apprend-on exactement ?<\/strong><\/a><\/p>\t\t\t\t\t\t\t\t<\/div>\n\t\t\t\t<\/div>\n\t\t\t\t\t<\/div>\n\t\t<\/div>\n\t\t\t\t<div class=\"elementor-column elementor-col-50 elementor-inner-column elementor-element elementor-element-d05044c\" data-id=\"d05044c\" data-element_type=\"column\" data-e-type=\"column\">\n\t\t\t<div class=\"elementor-widget-wrap elementor-element-populated\">\n\t\t\t\t\t\t<div class=\"elementor-element elementor-element-50021dc elementor-widget elementor-widget-text-editor\" data-id=\"50021dc\" data-element_type=\"widget\" data-e-type=\"widget\" data-widget_type=\"text-editor.default\">\n\t\t\t\t<div class=\"elementor-widget-container\">\n\t\t\t\t\t\t\t\t\t<p><a href=\"https:\/\/www.terre-et-feu.com\/paris\/apprendre-le-dessin\/\"><strong>&gt; Apprendre le dessin : Les \u00e9tapes \u00e0 suivre pour un portrait<\/strong><\/a><br \/><a href=\"https:\/\/www.terre-et-feu.com\/paris\/peinture-acrylique-sur-toile-conseil-pour-reussir\/\"><strong>&gt; Peinture acrylique sur toile : Conseil pour r\u00e9ussir<\/strong><\/a><br \/><a href=\"https:\/\/www.terre-et-feu.com\/paris\/enfant-apprendre-dessiner\/\"><strong>&gt; Enfant : apprendre \u00e0 dessiner en 3 \u00e9tapes<\/strong><\/a><br \/><a href=\"https:\/\/www.terre-et-feu.com\/paris\/reussir-un-dessin-au-pastel\/\"><strong>&gt; Conseils pour r\u00e9ussir un dessin au pastel<\/strong><\/a><br \/><a href=\"https:\/\/www.terre-et-feu.com\/paris\/dessiner-un-corps-humain\/\"><strong>&gt; Dessiner un corps humain<\/strong><\/a><br \/><a href=\"https:\/\/www.terre-et-feu.com\/paris\/formation-en-dessin-contenu\/\"><strong>&gt; Formation en dessin : quel est le contenu<\/strong><\/a><br \/><a href=\"https:\/\/www.terre-et-feu.com\/paris\/metiers-artistiques-comment-choisir-sa-formation\/\"><strong>&gt; M\u00e9tiers artistiques : Comment choisir sa formation<\/strong><\/a><\/p>\t\t\t\t\t\t\t\t<\/div>\n\t\t\t\t<\/div>\n\t\t\t\t\t<\/div>\n\t\t<\/div>\n\t\t\t\t\t<\/div>\n\t\t<\/section>\n\t\t\t\t\t<\/div>\n\t\t<\/div>\n\t\t\t\t<div class=\"elementor-column elementor-col-33 elementor-top-column elementor-element elementor-element-da5a2b2\" data-id=\"da5a2b2\" data-element_type=\"column\" data-e-type=\"column\">\n\t\t\t<div class=\"elementor-widget-wrap\">\n\t\t\t\t\t\t\t<\/div>\n\t\t<\/div>\n\t\t\t\t\t<\/div>\n\t\t<\/section>\n\t\t\t\t<\/div>\n\t\t","protected":false},"excerpt":{"rendered":"<p>Dessin pastel : Pourquoi opter pour le pastel Dessin pastel : Pourquoi opter pour le pastel Dessin pastel : Pourquoi opter pour le pastel Le dessin au pastel vous s\u00e9duit ? Il faut dire que cette technique est assez tendance et la demande est bien l\u00e0 ! Le pastel, malgr\u00e9 quelques inconv\u00e9nients, pr\u00e9sente de nombreux [&hellip;]<\/p>\n","protected":false},"author":1,"featured_media":0,"parent":0,"menu_order":0,"comment_status":"closed","ping_status":"closed","template":"elementor_header_footer","meta":{"_acf_changed":false,"footnotes":""},"class_list":["post-101","page","type-page","status-publish","hentry"],"acf":[],"aioseo_notices":[],"_links":{"self":[{"href":"https:\/\/www.terre-et-feu.com\/paris\/wp-json\/wp\/v2\/pages\/101","targetHints":{"allow":["GET"]}}],"collection":[{"href":"https:\/\/www.terre-et-feu.com\/paris\/wp-json\/wp\/v2\/pages"}],"about":[{"href":"https:\/\/www.terre-et-feu.com\/paris\/wp-json\/wp\/v2\/types\/page"}],"author":[{"embeddable":true,"href":"https:\/\/www.terre-et-feu.com\/paris\/wp-json\/wp\/v2\/users\/1"}],"replies":[{"embeddable":true,"href":"https:\/\/www.terre-et-feu.com\/paris\/wp-json\/wp\/v2\/comments?post=101"}],"version-history":[{"count":0,"href":"https:\/\/www.terre-et-feu.com\/paris\/wp-json\/wp\/v2\/pages\/101\/revisions"}],"wp:attachment":[{"href":"https:\/\/www.terre-et-feu.com\/paris\/wp-json\/wp\/v2\/media?parent=101"}],"curies":[{"name":"wp","href":"https:\/\/api.w.org\/{rel}","templated":true}]}}