{"id":113,"date":"2020-02-14T17:46:32","date_gmt":"2020-02-14T16:46:32","guid":{"rendered":"https:\/\/www.terre-et-feu.com\/paris\/?page_id=113"},"modified":"2022-06-08T12:56:28","modified_gmt":"2022-06-08T10:56:28","slug":"laquarelle-pas-a-pas","status":"publish","type":"page","link":"https:\/\/www.terre-et-feu.com\/paris\/laquarelle-pas-a-pas\/","title":{"rendered":"L&rsquo;Aquarelle pas \u00e0 pas"},"content":{"rendered":"\t\t<div data-elementor-type=\"wp-page\" data-elementor-id=\"113\" class=\"elementor elementor-113\" data-elementor-settings=\"{&quot;element_pack_global_tooltip_width&quot;:{&quot;unit&quot;:&quot;px&quot;,&quot;size&quot;:&quot;&quot;,&quot;sizes&quot;:[]},&quot;element_pack_global_tooltip_width_tablet&quot;:{&quot;unit&quot;:&quot;px&quot;,&quot;size&quot;:&quot;&quot;,&quot;sizes&quot;:[]},&quot;element_pack_global_tooltip_width_mobile&quot;:{&quot;unit&quot;:&quot;px&quot;,&quot;size&quot;:&quot;&quot;,&quot;sizes&quot;:[]},&quot;element_pack_global_tooltip_padding&quot;:{&quot;unit&quot;:&quot;px&quot;,&quot;top&quot;:&quot;&quot;,&quot;right&quot;:&quot;&quot;,&quot;bottom&quot;:&quot;&quot;,&quot;left&quot;:&quot;&quot;,&quot;isLinked&quot;:true},&quot;element_pack_global_tooltip_padding_tablet&quot;:{&quot;unit&quot;:&quot;px&quot;,&quot;top&quot;:&quot;&quot;,&quot;right&quot;:&quot;&quot;,&quot;bottom&quot;:&quot;&quot;,&quot;left&quot;:&quot;&quot;,&quot;isLinked&quot;:true},&quot;element_pack_global_tooltip_padding_mobile&quot;:{&quot;unit&quot;:&quot;px&quot;,&quot;top&quot;:&quot;&quot;,&quot;right&quot;:&quot;&quot;,&quot;bottom&quot;:&quot;&quot;,&quot;left&quot;:&quot;&quot;,&quot;isLinked&quot;:true},&quot;element_pack_global_tooltip_border_radius&quot;:{&quot;unit&quot;:&quot;px&quot;,&quot;top&quot;:&quot;&quot;,&quot;right&quot;:&quot;&quot;,&quot;bottom&quot;:&quot;&quot;,&quot;left&quot;:&quot;&quot;,&quot;isLinked&quot;:true},&quot;element_pack_global_tooltip_border_radius_tablet&quot;:{&quot;unit&quot;:&quot;px&quot;,&quot;top&quot;:&quot;&quot;,&quot;right&quot;:&quot;&quot;,&quot;bottom&quot;:&quot;&quot;,&quot;left&quot;:&quot;&quot;,&quot;isLinked&quot;:true},&quot;element_pack_global_tooltip_border_radius_mobile&quot;:{&quot;unit&quot;:&quot;px&quot;,&quot;top&quot;:&quot;&quot;,&quot;right&quot;:&quot;&quot;,&quot;bottom&quot;:&quot;&quot;,&quot;left&quot;:&quot;&quot;,&quot;isLinked&quot;:true}}\" data-elementor-post-type=\"page\">\n\t\t\t\t\t\t<section class=\"elementor-section elementor-top-section elementor-element elementor-element-62f7e9e elementor-hidden-phone elementor-hidden-desktop elementor-section-boxed elementor-section-height-default elementor-section-height-default\" data-id=\"62f7e9e\" data-element_type=\"section\" data-e-type=\"section\">\n\t\t\t\t\t\t<div class=\"elementor-container elementor-column-gap-default\">\n\t\t\t\t\t<div class=\"elementor-column elementor-col-100 elementor-top-column elementor-element elementor-element-a6e37f7\" data-id=\"a6e37f7\" data-element_type=\"column\" data-e-type=\"column\">\n\t\t\t<div class=\"elementor-widget-wrap elementor-element-populated\">\n\t\t\t\t\t\t<div class=\"elementor-element elementor-element-8fed0ab elementor-widget elementor-widget-spacer\" data-id=\"8fed0ab\" data-element_type=\"widget\" data-e-type=\"widget\" data-widget_type=\"spacer.default\">\n\t\t\t\t<div class=\"elementor-widget-container\">\n\t\t\t\t\t\t\t<div class=\"elementor-spacer\">\n\t\t\t<div class=\"elementor-spacer-inner\"><\/div>\n\t\t<\/div>\n\t\t\t\t\t\t<\/div>\n\t\t\t\t<\/div>\n\t\t\t\t\t<\/div>\n\t\t<\/div>\n\t\t\t\t\t<\/div>\n\t\t<\/section>\n\t\t\t\t<section class=\"elementor-section elementor-top-section elementor-element elementor-element-3b747ce elementor-hidden-tablet elementor-hidden-phone elementor-section-boxed elementor-section-height-default elementor-section-height-default\" data-id=\"3b747ce\" data-element_type=\"section\" data-e-type=\"section\" data-settings=\"{&quot;background_background&quot;:&quot;classic&quot;}\">\n\t\t\t\t\t\t<div class=\"elementor-container elementor-column-gap-default\">\n\t\t\t\t\t<div class=\"elementor-column elementor-col-33 elementor-top-column elementor-element elementor-element-973c488\" data-id=\"973c488\" data-element_type=\"column\" data-e-type=\"column\">\n\t\t\t<div class=\"elementor-widget-wrap\">\n\t\t\t\t\t\t\t<\/div>\n\t\t<\/div>\n\t\t\t\t<div class=\"elementor-column elementor-col-33 elementor-top-column elementor-element elementor-element-d5be8dc\" data-id=\"d5be8dc\" data-element_type=\"column\" data-e-type=\"column\" data-settings=\"{&quot;background_background&quot;:&quot;classic&quot;}\">\n\t\t\t<div class=\"elementor-widget-wrap elementor-element-populated\">\n\t\t\t\t\t\t<div class=\"elementor-element elementor-element-a9a4aae elementor-widget elementor-widget-spacer\" data-id=\"a9a4aae\" data-element_type=\"widget\" data-e-type=\"widget\" data-widget_type=\"spacer.default\">\n\t\t\t\t<div class=\"elementor-widget-container\">\n\t\t\t\t\t\t\t<div class=\"elementor-spacer\">\n\t\t\t<div class=\"elementor-spacer-inner\"><\/div>\n\t\t<\/div>\n\t\t\t\t\t\t<\/div>\n\t\t\t\t<\/div>\n\t\t\t\t<div class=\"elementor-element elementor-element-30f7889 elementor-widget elementor-widget-heading\" data-id=\"30f7889\" data-element_type=\"widget\" data-e-type=\"widget\" data-widget_type=\"heading.default\">\n\t\t\t\t<div class=\"elementor-widget-container\">\n\t\t\t\t\t<h1 class=\"elementor-heading-title elementor-size-default\">\nL\u2019aquarelle pas \u00e0 pas\n<\/h1>\t\t\t\t<\/div>\n\t\t\t\t<\/div>\n\t\t\t\t<div class=\"elementor-element elementor-element-7561bfa elementor-widget elementor-widget-spacer\" data-id=\"7561bfa\" data-element_type=\"widget\" data-e-type=\"widget\" data-widget_type=\"spacer.default\">\n\t\t\t\t<div class=\"elementor-widget-container\">\n\t\t\t\t\t\t\t<div class=\"elementor-spacer\">\n\t\t\t<div class=\"elementor-spacer-inner\"><\/div>\n\t\t<\/div>\n\t\t\t\t\t\t<\/div>\n\t\t\t\t<\/div>\n\t\t\t\t\t<\/div>\n\t\t<\/div>\n\t\t\t\t<div class=\"elementor-column elementor-col-33 elementor-top-column elementor-element elementor-element-97479f9\" data-id=\"97479f9\" data-element_type=\"column\" data-e-type=\"column\">\n\t\t\t<div class=\"elementor-widget-wrap\">\n\t\t\t\t\t\t\t<\/div>\n\t\t<\/div>\n\t\t\t\t\t<\/div>\n\t\t<\/section>\n\t\t\t\t<section class=\"elementor-section elementor-top-section elementor-element elementor-element-28e6ed4 elementor-section-boxed elementor-section-height-default elementor-section-height-default\" data-id=\"28e6ed4\" data-element_type=\"section\" data-e-type=\"section\">\n\t\t\t\t\t\t<div class=\"elementor-container elementor-column-gap-default\">\n\t\t\t\t\t<div class=\"elementor-column elementor-col-33 elementor-top-column elementor-element elementor-element-06d805c\" data-id=\"06d805c\" data-element_type=\"column\" data-e-type=\"column\">\n\t\t\t<div class=\"elementor-widget-wrap\">\n\t\t\t\t\t\t\t<\/div>\n\t\t<\/div>\n\t\t\t\t<div class=\"elementor-column elementor-col-33 elementor-top-column elementor-element elementor-element-3d058a5\" data-id=\"3d058a5\" data-element_type=\"column\" data-e-type=\"column\">\n\t\t\t<div class=\"elementor-widget-wrap elementor-element-populated\">\n\t\t\t\t\t\t<div class=\"elementor-element elementor-element-5985566 elementor-hidden-desktop elementor-hidden-tablet elementor-widget elementor-widget-heading\" data-id=\"5985566\" data-element_type=\"widget\" data-e-type=\"widget\" data-widget_type=\"heading.default\">\n\t\t\t\t<div class=\"elementor-widget-container\">\n\t\t\t\t\t<h1 class=\"elementor-heading-title elementor-size-medium\">L\u2019aquarelle pas \u00e0 pas\n<\/h1>\t\t\t\t<\/div>\n\t\t\t\t<\/div>\n\t\t\t\t<div class=\"elementor-element elementor-element-6d961b0 elementor-hidden-phone elementor-widget elementor-widget-heading\" data-id=\"6d961b0\" data-element_type=\"widget\" data-e-type=\"widget\" data-widget_type=\"heading.default\">\n\t\t\t\t<div class=\"elementor-widget-container\">\n\t\t\t\t\t<h1 class=\"elementor-heading-title elementor-size-medium\">L\u2019aquarelle pas \u00e0 pas<\/h1>\t\t\t\t<\/div>\n\t\t\t\t<\/div>\n\t\t\t\t<div class=\"elementor-element elementor-element-46db87e elementor-widget elementor-widget-text-editor\" data-id=\"46db87e\" data-element_type=\"widget\" data-e-type=\"widget\" data-widget_type=\"text-editor.default\">\n\t\t\t\t<div class=\"elementor-widget-container\">\n\t\t\t\t\t\t\t\t\t<strong>Pour r\u00e9aliser une aquarelle pas \u00e0 pas, il faut de la patience, mais si vous \u00eates un passionn\u00e9, vous allez adorer voir votre dessin prendre vie sous vos mains. Voici quelques \u00e9tapes obligatoires pour r\u00e9aliser un dessin \u00e0 l\u2019aquarelle<\/strong>\t\t\t\t\t\t\t\t<\/div>\n\t\t\t\t<\/div>\n\t\t\t\t<div class=\"elementor-element elementor-element-6760af9 elementor-widget elementor-widget-heading\" data-id=\"6760af9\" data-element_type=\"widget\" data-e-type=\"widget\" data-widget_type=\"heading.default\">\n\t\t\t\t<div class=\"elementor-widget-container\">\n\t\t\t\t\t<h2 class=\"elementor-heading-title elementor-size-medium\">Le choix du sujet<\/h2>\t\t\t\t<\/div>\n\t\t\t\t<\/div>\n\t\t\t\t<div class=\"elementor-element elementor-element-9319489 elementor-widget elementor-widget-text-editor\" data-id=\"9319489\" data-element_type=\"widget\" data-e-type=\"widget\" data-widget_type=\"text-editor.default\">\n\t\t\t\t<div class=\"elementor-widget-container\">\n\t\t\t\t\t\t\t\t\t<p>Le choix du sujet est important car il d\u00e9terminera la complexit\u00e9 de votre dessin aquarelle. Si vous d\u00e9butez, optez pour un mod\u00e8le simple. Commencez par un mod\u00e8le r\u00e9el avant d\u2019attaquer un mod\u00e8le abstrait<\/p>\t\t\t\t\t\t\t\t<\/div>\n\t\t\t\t<\/div>\n\t\t\t\t<div class=\"elementor-element elementor-element-83226cb elementor-widget elementor-widget-heading\" data-id=\"83226cb\" data-element_type=\"widget\" data-e-type=\"widget\" data-widget_type=\"heading.default\">\n\t\t\t\t<div class=\"elementor-widget-container\">\n\t\t\t\t\t<h2 class=\"elementor-heading-title elementor-size-medium\">Observez<\/h2>\t\t\t\t<\/div>\n\t\t\t\t<\/div>\n\t\t\t\t<div class=\"elementor-element elementor-element-3d5bf8c elementor-widget elementor-widget-text-editor\" data-id=\"3d5bf8c\" data-element_type=\"widget\" data-e-type=\"widget\" data-widget_type=\"text-editor.default\">\n\t\t\t\t<div class=\"elementor-widget-container\">\n\t\t\t\t\t\t\t\t\t<p>La r\u00e9flexion a toute sa place dans le dessin aquarelle, car vous devez cr\u00e9er des jeux de couleurs qui feront la diff\u00e9rence et offriront cr\u00e9ativit\u00e9 \u00e0 votre dessin. Vous devez \u00e0 ce stade, \u00eatre en mesure de savoir quelle impression g\u00e9n\u00e9rale cherchez-vous \u00e0 retranscrire ?<\/p>\t\t\t\t\t\t\t\t<\/div>\n\t\t\t\t<\/div>\n\t\t\t\t<div class=\"elementor-element elementor-element-79b0c07 elementor-widget elementor-widget-heading\" data-id=\"79b0c07\" data-element_type=\"widget\" data-e-type=\"widget\" data-widget_type=\"heading.default\">\n\t\t\t\t<div class=\"elementor-widget-container\">\n\t\t\t\t\t<h2 class=\"elementor-heading-title elementor-size-medium\">La composition du tableau<\/h2>\t\t\t\t<\/div>\n\t\t\t\t<\/div>\n\t\t\t\t<div class=\"elementor-element elementor-element-e6eb13f elementor-widget elementor-widget-text-editor\" data-id=\"e6eb13f\" data-element_type=\"widget\" data-e-type=\"widget\" data-widget_type=\"text-editor.default\">\n\t\t\t\t<div class=\"elementor-widget-container\">\n\t\t\t\t\t\t\t\t\t<p>Arriv\u00e9 \u00e0 cette \u00e9tape, vous savez \u00e0 peu pr\u00e8s ce que vous souhaitez peindre \u00e0 l\u2019aquarelle. Mais cela ne signifie pas que votre mise en page est claire. Pensez \u00e0 inclure les ombres port\u00e9es : placez votre sujet de telle mani\u00e8re \u00e0 animer le tableau sans d\u00e9s\u00e9quilibrer la composition. Ne cherchez pas \u00e0 remplir \u00e0 tout prix votre surface de papier.<\/p>\t\t\t\t\t\t\t\t<\/div>\n\t\t\t\t<\/div>\n\t\t\t\t<div class=\"elementor-element elementor-element-7805e2c elementor-widget elementor-widget-heading\" data-id=\"7805e2c\" data-element_type=\"widget\" data-e-type=\"widget\" data-widget_type=\"heading.default\">\n\t\t\t\t<div class=\"elementor-widget-container\">\n\t\t\t\t\t<h2 class=\"elementor-heading-title elementor-size-medium\">La mise en couleurs<\/h2>\t\t\t\t<\/div>\n\t\t\t\t<\/div>\n\t\t\t\t<div class=\"elementor-element elementor-element-daf5abd elementor-widget elementor-widget-text-editor\" data-id=\"daf5abd\" data-element_type=\"widget\" data-e-type=\"widget\" data-widget_type=\"text-editor.default\">\n\t\t\t\t<div class=\"elementor-widget-container\">\n\t\t\t\t\t\t\t\t\t<p>La technique humide exige que le maniement du pinceau soit le plus s\u00fbr possible, les erreurs \u00e9tant d\u00e9licates \u00e0 rattraper. Ayez le geste ferme et travaillez rapidement, car l\u2019aquarelle s\u00e8che vite.<\/p>\t\t\t\t\t\t\t\t<\/div>\n\t\t\t\t<\/div>\n\t\t\t\t\t<\/div>\n\t\t<\/div>\n\t\t\t\t<div class=\"elementor-column elementor-col-33 elementor-top-column elementor-element elementor-element-4251ebb\" data-id=\"4251ebb\" data-element_type=\"column\" data-e-type=\"column\">\n\t\t\t<div class=\"elementor-widget-wrap\">\n\t\t\t\t\t\t\t<\/div>\n\t\t<\/div>\n\t\t\t\t\t<\/div>\n\t\t<\/section>\n\t\t\t\t<section class=\"elementor-section elementor-top-section elementor-element elementor-element-1be06d8 elementor-section-boxed elementor-section-height-default elementor-section-height-default\" data-id=\"1be06d8\" data-element_type=\"section\" data-e-type=\"section\" data-settings=\"{&quot;background_background&quot;:&quot;classic&quot;}\">\n\t\t\t\t\t\t<div class=\"elementor-container elementor-column-gap-default\">\n\t\t\t\t\t<div class=\"elementor-column elementor-col-33 elementor-top-column elementor-element elementor-element-0affa29\" data-id=\"0affa29\" data-element_type=\"column\" data-e-type=\"column\">\n\t\t\t<div class=\"elementor-widget-wrap\">\n\t\t\t\t\t\t\t<\/div>\n\t\t<\/div>\n\t\t\t\t<div class=\"elementor-column elementor-col-33 elementor-top-column elementor-element elementor-element-35375ac\" data-id=\"35375ac\" data-element_type=\"column\" data-e-type=\"column\" data-settings=\"{&quot;background_background&quot;:&quot;classic&quot;}\">\n\t\t\t<div class=\"elementor-widget-wrap elementor-element-populated\">\n\t\t\t\t\t\t<div class=\"elementor-element elementor-element-65159e5 elementor-widget elementor-widget-heading\" data-id=\"65159e5\" data-element_type=\"widget\" data-e-type=\"widget\" data-widget_type=\"heading.default\">\n\t\t\t\t<div class=\"elementor-widget-container\">\n\t\t\t\t\t<h1 class=\"elementor-heading-title elementor-size-medium\">Guide Terre &amp; Feu<\/h1>\t\t\t\t<\/div>\n\t\t\t\t<\/div>\n\t\t\t\t<div class=\"elementor-element elementor-element-0f602d2 elementor-widget elementor-widget-text-editor\" data-id=\"0f602d2\" data-element_type=\"widget\" data-e-type=\"widget\" data-widget_type=\"text-editor.default\">\n\t\t\t\t<div class=\"elementor-widget-container\">\n\t\t\t\t\t\t\t\t\t<p>D\u00e9couvrez les trucs et astuces en arts plastiques des ateliers Terre &amp; Feu :<\/p>\t\t\t\t\t\t\t\t<\/div>\n\t\t\t\t<\/div>\n\t\t\t\t<section class=\"elementor-section elementor-inner-section elementor-element elementor-element-606b0b2 elementor-section-boxed elementor-section-height-default elementor-section-height-default\" data-id=\"606b0b2\" data-element_type=\"section\" data-e-type=\"section\">\n\t\t\t\t\t\t<div class=\"elementor-container elementor-column-gap-default\">\n\t\t\t\t\t<div class=\"elementor-column elementor-col-50 elementor-inner-column elementor-element elementor-element-fd54822\" data-id=\"fd54822\" data-element_type=\"column\" data-e-type=\"column\">\n\t\t\t<div class=\"elementor-widget-wrap elementor-element-populated\">\n\t\t\t\t\t\t<div class=\"elementor-element elementor-element-0def98c elementor-widget elementor-widget-text-editor\" data-id=\"0def98c\" data-element_type=\"widget\" data-e-type=\"widget\" data-widget_type=\"text-editor.default\">\n\t\t\t\t<div class=\"elementor-widget-container\">\n\t\t\t\t\t\t\t\t\t<p><strong><a href=\"https:\/\/www.terre-et-feu.com\/paris\/dessin-pastel-pourquoi-opter-pour-le-pastel\/\">&gt;<\/a> <a href=\"https:\/\/www.terre-et-feu.com\/paris\/dessin-pastel-pourquoi-opter-pour-le-pastel\/\">Dessin pastel : Pourquoi opter pour le pastel<\/a><\/strong><br \/><strong><a href=\"https:\/\/www.terre-et-feu.com\/paris\/aquarelle-facile-comment-devenir-un-pro-rapidement\/\">&gt; Aquarelle facile : comment devenir un pro rapidement<\/a><\/strong><br \/><a href=\"https:\/\/www.terre-et-feu.com\/paris\/apprendre-le-dessin-les-astuces\/\"><strong>&gt; Apprendre le dessin : Les astuces<\/strong><\/a><br \/><a href=\"https:\/\/www.terre-et-feu.com\/paris\/laquarelle-pas-a-pas\/\"><strong>&gt; L\u2019aquarelle pas \u00e0 pas<\/strong><\/a><br \/><a href=\"https:\/\/www.terre-et-feu.com\/paris\/conseils-pour-apprendre-a-dessiner-des-animaux\/\"><strong>&gt; Conseils pour apprendre \u00e0 dessiner des animaux<\/strong><\/a><br \/><a href=\"https:\/\/www.terre-et-feu.com\/paris\/dessiner-facilement-grace-aux-meilleures-astuces\/\"><strong>&gt; Dessiner facilement gr\u00e2ce aux meilleures astuces<\/strong><\/a><br \/><a href=\"https:\/\/www.terre-et-feu.com\/paris\/technique-peinture-acrylique-que-faut-il-savoir\/\"><strong>&gt; Technique peinture acrylique : Que faut-il savoir<\/strong><\/a><br \/><a href=\"https:\/\/www.terre-et-feu.com\/paris\/formation-artistique-quapprend-on-exactement\/\"><strong>&gt; Formation artistique : Qu\u2019apprend-on exactement ?<\/strong><\/a><\/p>\t\t\t\t\t\t\t\t<\/div>\n\t\t\t\t<\/div>\n\t\t\t\t\t<\/div>\n\t\t<\/div>\n\t\t\t\t<div class=\"elementor-column elementor-col-50 elementor-inner-column elementor-element elementor-element-d97e5fe\" data-id=\"d97e5fe\" data-element_type=\"column\" data-e-type=\"column\">\n\t\t\t<div class=\"elementor-widget-wrap elementor-element-populated\">\n\t\t\t\t\t\t<div class=\"elementor-element elementor-element-2dea38c elementor-widget elementor-widget-text-editor\" data-id=\"2dea38c\" data-element_type=\"widget\" data-e-type=\"widget\" data-widget_type=\"text-editor.default\">\n\t\t\t\t<div class=\"elementor-widget-container\">\n\t\t\t\t\t\t\t\t\t<p><a href=\"https:\/\/www.terre-et-feu.com\/paris\/apprendre-le-dessin\/\"><strong>&gt; Apprendre le dessin : Les \u00e9tapes \u00e0 suivre pour un portrait<\/strong><\/a><br \/><a href=\"https:\/\/www.terre-et-feu.com\/paris\/peinture-acrylique-sur-toile-conseil-pour-reussir\/\"><strong>&gt; Peinture acrylique sur toile : Conseil pour r\u00e9ussir<\/strong><\/a><br \/><a href=\"https:\/\/www.terre-et-feu.com\/paris\/enfant-apprendre-dessiner\/\"><strong>&gt; Enfant : apprendre \u00e0 dessiner en 3 \u00e9tapes<\/strong><\/a><br \/><a href=\"https:\/\/www.terre-et-feu.com\/paris\/reussir-un-dessin-au-pastel\/\"><strong>&gt; Conseils pour r\u00e9ussir un dessin au pastel<\/strong><\/a><br \/><a href=\"https:\/\/www.terre-et-feu.com\/paris\/dessiner-un-corps-humain\/\"><strong>&gt; Dessiner un corps humain<\/strong><\/a><br \/><a href=\"https:\/\/www.terre-et-feu.com\/paris\/formation-en-dessin-contenu\/\"><strong>&gt; Formation en dessin : quel est le contenu<\/strong><\/a><br \/><a href=\"https:\/\/www.terre-et-feu.com\/paris\/metiers-artistiques-comment-choisir-sa-formation\/\"><strong>&gt; M\u00e9tiers artistiques : Comment choisir sa formation<\/strong><\/a><\/p>\t\t\t\t\t\t\t\t<\/div>\n\t\t\t\t<\/div>\n\t\t\t\t\t<\/div>\n\t\t<\/div>\n\t\t\t\t\t<\/div>\n\t\t<\/section>\n\t\t\t\t\t<\/div>\n\t\t<\/div>\n\t\t\t\t<div class=\"elementor-column elementor-col-33 elementor-top-column elementor-element elementor-element-7e2f66f\" data-id=\"7e2f66f\" data-element_type=\"column\" data-e-type=\"column\">\n\t\t\t<div class=\"elementor-widget-wrap\">\n\t\t\t\t\t\t\t<\/div>\n\t\t<\/div>\n\t\t\t\t\t<\/div>\n\t\t<\/section>\n\t\t\t\t<\/div>\n\t\t","protected":false},"excerpt":{"rendered":"<p>L\u2019aquarelle pas \u00e0 pas L\u2019aquarelle pas \u00e0 pas L\u2019aquarelle pas \u00e0 pas Pour r\u00e9aliser une aquarelle pas \u00e0 pas, il faut de la patience, mais si vous \u00eates un passionn\u00e9, vous allez adorer voir votre dessin prendre vie sous vos mains. Voici quelques \u00e9tapes obligatoires pour r\u00e9aliser un dessin \u00e0 l\u2019aquarelle Le choix du sujet [&hellip;]<\/p>\n","protected":false},"author":1,"featured_media":0,"parent":0,"menu_order":0,"comment_status":"closed","ping_status":"closed","template":"elementor_header_footer","meta":{"_acf_changed":false,"footnotes":""},"class_list":["post-113","page","type-page","status-publish","hentry"],"acf":[],"aioseo_notices":[],"_links":{"self":[{"href":"https:\/\/www.terre-et-feu.com\/paris\/wp-json\/wp\/v2\/pages\/113","targetHints":{"allow":["GET"]}}],"collection":[{"href":"https:\/\/www.terre-et-feu.com\/paris\/wp-json\/wp\/v2\/pages"}],"about":[{"href":"https:\/\/www.terre-et-feu.com\/paris\/wp-json\/wp\/v2\/types\/page"}],"author":[{"embeddable":true,"href":"https:\/\/www.terre-et-feu.com\/paris\/wp-json\/wp\/v2\/users\/1"}],"replies":[{"embeddable":true,"href":"https:\/\/www.terre-et-feu.com\/paris\/wp-json\/wp\/v2\/comments?post=113"}],"version-history":[{"count":0,"href":"https:\/\/www.terre-et-feu.com\/paris\/wp-json\/wp\/v2\/pages\/113\/revisions"}],"wp:attachment":[{"href":"https:\/\/www.terre-et-feu.com\/paris\/wp-json\/wp\/v2\/media?parent=113"}],"curies":[{"name":"wp","href":"https:\/\/api.w.org\/{rel}","templated":true}]}}