{"id":133,"date":"2020-02-14T18:12:05","date_gmt":"2020-02-14T17:12:05","guid":{"rendered":"https:\/\/www.terre-et-feu.com\/paris\/?page_id=133"},"modified":"2022-06-08T12:48:58","modified_gmt":"2022-06-08T10:48:58","slug":"apprendre-le-dessin","status":"publish","type":"page","link":"https:\/\/www.terre-et-feu.com\/paris\/apprendre-le-dessin\/","title":{"rendered":"Apprendre le dessin"},"content":{"rendered":"\t\t<div data-elementor-type=\"wp-page\" data-elementor-id=\"133\" class=\"elementor elementor-133\" data-elementor-settings=\"{&quot;element_pack_global_tooltip_width&quot;:{&quot;unit&quot;:&quot;px&quot;,&quot;size&quot;:&quot;&quot;,&quot;sizes&quot;:[]},&quot;element_pack_global_tooltip_width_tablet&quot;:{&quot;unit&quot;:&quot;px&quot;,&quot;size&quot;:&quot;&quot;,&quot;sizes&quot;:[]},&quot;element_pack_global_tooltip_width_mobile&quot;:{&quot;unit&quot;:&quot;px&quot;,&quot;size&quot;:&quot;&quot;,&quot;sizes&quot;:[]},&quot;element_pack_global_tooltip_padding&quot;:{&quot;unit&quot;:&quot;px&quot;,&quot;top&quot;:&quot;&quot;,&quot;right&quot;:&quot;&quot;,&quot;bottom&quot;:&quot;&quot;,&quot;left&quot;:&quot;&quot;,&quot;isLinked&quot;:true},&quot;element_pack_global_tooltip_padding_tablet&quot;:{&quot;unit&quot;:&quot;px&quot;,&quot;top&quot;:&quot;&quot;,&quot;right&quot;:&quot;&quot;,&quot;bottom&quot;:&quot;&quot;,&quot;left&quot;:&quot;&quot;,&quot;isLinked&quot;:true},&quot;element_pack_global_tooltip_padding_mobile&quot;:{&quot;unit&quot;:&quot;px&quot;,&quot;top&quot;:&quot;&quot;,&quot;right&quot;:&quot;&quot;,&quot;bottom&quot;:&quot;&quot;,&quot;left&quot;:&quot;&quot;,&quot;isLinked&quot;:true},&quot;element_pack_global_tooltip_border_radius&quot;:{&quot;unit&quot;:&quot;px&quot;,&quot;top&quot;:&quot;&quot;,&quot;right&quot;:&quot;&quot;,&quot;bottom&quot;:&quot;&quot;,&quot;left&quot;:&quot;&quot;,&quot;isLinked&quot;:true},&quot;element_pack_global_tooltip_border_radius_tablet&quot;:{&quot;unit&quot;:&quot;px&quot;,&quot;top&quot;:&quot;&quot;,&quot;right&quot;:&quot;&quot;,&quot;bottom&quot;:&quot;&quot;,&quot;left&quot;:&quot;&quot;,&quot;isLinked&quot;:true},&quot;element_pack_global_tooltip_border_radius_mobile&quot;:{&quot;unit&quot;:&quot;px&quot;,&quot;top&quot;:&quot;&quot;,&quot;right&quot;:&quot;&quot;,&quot;bottom&quot;:&quot;&quot;,&quot;left&quot;:&quot;&quot;,&quot;isLinked&quot;:true}}\" data-elementor-post-type=\"page\">\n\t\t\t\t\t\t<section class=\"elementor-section elementor-top-section elementor-element elementor-element-44a68c1 elementor-hidden-phone elementor-hidden-desktop elementor-section-boxed elementor-section-height-default elementor-section-height-default\" data-id=\"44a68c1\" data-element_type=\"section\" data-e-type=\"section\">\n\t\t\t\t\t\t<div class=\"elementor-container elementor-column-gap-default\">\n\t\t\t\t\t<div class=\"elementor-column elementor-col-100 elementor-top-column elementor-element elementor-element-909026f\" data-id=\"909026f\" data-element_type=\"column\" data-e-type=\"column\">\n\t\t\t<div class=\"elementor-widget-wrap elementor-element-populated\">\n\t\t\t\t\t\t<div class=\"elementor-element elementor-element-4051555 elementor-widget elementor-widget-spacer\" data-id=\"4051555\" data-element_type=\"widget\" data-e-type=\"widget\" data-widget_type=\"spacer.default\">\n\t\t\t\t<div class=\"elementor-widget-container\">\n\t\t\t\t\t\t\t<div class=\"elementor-spacer\">\n\t\t\t<div class=\"elementor-spacer-inner\"><\/div>\n\t\t<\/div>\n\t\t\t\t\t\t<\/div>\n\t\t\t\t<\/div>\n\t\t\t\t\t<\/div>\n\t\t<\/div>\n\t\t\t\t\t<\/div>\n\t\t<\/section>\n\t\t\t\t<section class=\"elementor-section elementor-top-section elementor-element elementor-element-54daaea elementor-hidden-tablet elementor-hidden-phone elementor-section-boxed elementor-section-height-default elementor-section-height-default\" data-id=\"54daaea\" data-element_type=\"section\" data-e-type=\"section\" data-settings=\"{&quot;background_background&quot;:&quot;classic&quot;}\">\n\t\t\t\t\t\t<div class=\"elementor-container elementor-column-gap-default\">\n\t\t\t\t\t<div class=\"elementor-column elementor-col-33 elementor-top-column elementor-element elementor-element-6a7b728\" data-id=\"6a7b728\" data-element_type=\"column\" data-e-type=\"column\">\n\t\t\t<div class=\"elementor-widget-wrap\">\n\t\t\t\t\t\t\t<\/div>\n\t\t<\/div>\n\t\t\t\t<div class=\"elementor-column elementor-col-33 elementor-top-column elementor-element elementor-element-0965a01\" data-id=\"0965a01\" data-element_type=\"column\" data-e-type=\"column\" data-settings=\"{&quot;background_background&quot;:&quot;classic&quot;}\">\n\t\t\t<div class=\"elementor-widget-wrap elementor-element-populated\">\n\t\t\t\t\t\t<div class=\"elementor-element elementor-element-5b711fa elementor-widget elementor-widget-spacer\" data-id=\"5b711fa\" data-element_type=\"widget\" data-e-type=\"widget\" data-widget_type=\"spacer.default\">\n\t\t\t\t<div class=\"elementor-widget-container\">\n\t\t\t\t\t\t\t<div class=\"elementor-spacer\">\n\t\t\t<div class=\"elementor-spacer-inner\"><\/div>\n\t\t<\/div>\n\t\t\t\t\t\t<\/div>\n\t\t\t\t<\/div>\n\t\t\t\t<div class=\"elementor-element elementor-element-4f4f35b elementor-widget elementor-widget-heading\" data-id=\"4f4f35b\" data-element_type=\"widget\" data-e-type=\"widget\" data-widget_type=\"heading.default\">\n\t\t\t\t<div class=\"elementor-widget-container\">\n\t\t\t\t\t<h1 class=\"elementor-heading-title elementor-size-default\">Apprendre le dessin<\/h1>\t\t\t\t<\/div>\n\t\t\t\t<\/div>\n\t\t\t\t<div class=\"elementor-element elementor-element-c1d063d elementor-widget elementor-widget-spacer\" data-id=\"c1d063d\" data-element_type=\"widget\" data-e-type=\"widget\" data-widget_type=\"spacer.default\">\n\t\t\t\t<div class=\"elementor-widget-container\">\n\t\t\t\t\t\t\t<div class=\"elementor-spacer\">\n\t\t\t<div class=\"elementor-spacer-inner\"><\/div>\n\t\t<\/div>\n\t\t\t\t\t\t<\/div>\n\t\t\t\t<\/div>\n\t\t\t\t\t<\/div>\n\t\t<\/div>\n\t\t\t\t<div class=\"elementor-column elementor-col-33 elementor-top-column elementor-element elementor-element-148f659\" data-id=\"148f659\" data-element_type=\"column\" data-e-type=\"column\">\n\t\t\t<div class=\"elementor-widget-wrap\">\n\t\t\t\t\t\t\t<\/div>\n\t\t<\/div>\n\t\t\t\t\t<\/div>\n\t\t<\/section>\n\t\t\t\t<section class=\"elementor-section elementor-top-section elementor-element elementor-element-c416e33 elementor-section-boxed elementor-section-height-default elementor-section-height-default\" data-id=\"c416e33\" data-element_type=\"section\" data-e-type=\"section\">\n\t\t\t\t\t\t<div class=\"elementor-container elementor-column-gap-default\">\n\t\t\t\t\t<div class=\"elementor-column elementor-col-33 elementor-top-column elementor-element elementor-element-103ff86\" data-id=\"103ff86\" data-element_type=\"column\" data-e-type=\"column\">\n\t\t\t<div class=\"elementor-widget-wrap\">\n\t\t\t\t\t\t\t<\/div>\n\t\t<\/div>\n\t\t\t\t<div class=\"elementor-column elementor-col-33 elementor-top-column elementor-element elementor-element-d46d406\" data-id=\"d46d406\" data-element_type=\"column\" data-e-type=\"column\">\n\t\t\t<div class=\"elementor-widget-wrap elementor-element-populated\">\n\t\t\t\t\t\t<div class=\"elementor-element elementor-element-69ce481 elementor-hidden-desktop elementor-hidden-tablet elementor-widget elementor-widget-heading\" data-id=\"69ce481\" data-element_type=\"widget\" data-e-type=\"widget\" data-widget_type=\"heading.default\">\n\t\t\t\t<div class=\"elementor-widget-container\">\n\t\t\t\t\t<h1 class=\"elementor-heading-title elementor-size-medium\">Apprendre le dessin : Les \u00e9tapes \u00e0 suivre pour un portrait<\/h1>\t\t\t\t<\/div>\n\t\t\t\t<\/div>\n\t\t\t\t<div class=\"elementor-element elementor-element-4e726bd elementor-hidden-phone elementor-widget elementor-widget-heading\" data-id=\"4e726bd\" data-element_type=\"widget\" data-e-type=\"widget\" data-widget_type=\"heading.default\">\n\t\t\t\t<div class=\"elementor-widget-container\">\n\t\t\t\t\t<h1 class=\"elementor-heading-title elementor-size-medium\">Apprendre le dessin : Les \u00e9tapes \u00e0 suivre pour un portrait<\/h1>\t\t\t\t<\/div>\n\t\t\t\t<\/div>\n\t\t\t\t<div class=\"elementor-element elementor-element-df08fe3 elementor-widget elementor-widget-text-editor\" data-id=\"df08fe3\" data-element_type=\"widget\" data-e-type=\"widget\" data-widget_type=\"text-editor.default\">\n\t\t\t\t<div class=\"elementor-widget-container\">\n\t\t\t\t\t\t\t\t\t<strong>Pour apprendre \u00e0 dessiner un portrait cela demande de la patience \u00e9videmment, et beaucoup de temps. Mais il est important \u00e9galement d\u2019apprendre la technique et les diff\u00e9rentes \u00e9tapes obligatoires pour r\u00e9aliser le dessin de votre portrait.<\/strong>\n\t\t\t\t\t\t\t\t<\/div>\n\t\t\t\t<\/div>\n\t\t\t\t<div class=\"elementor-element elementor-element-69db931 elementor-widget elementor-widget-heading\" data-id=\"69db931\" data-element_type=\"widget\" data-e-type=\"widget\" data-widget_type=\"heading.default\">\n\t\t\t\t<div class=\"elementor-widget-container\">\n\t\t\t\t\t<h2 class=\"elementor-heading-title elementor-size-medium\">Le mod\u00e8le<\/h2>\t\t\t\t<\/div>\n\t\t\t\t<\/div>\n\t\t\t\t<div class=\"elementor-element elementor-element-a1acff3 elementor-widget elementor-widget-text-editor\" data-id=\"a1acff3\" data-element_type=\"widget\" data-e-type=\"widget\" data-widget_type=\"text-editor.default\">\n\t\t\t\t<div class=\"elementor-widget-container\">\n\t\t\t\t\t\t\t\t\t<p>Commencez par choisir votre mod\u00e8le, prenez une photo adapt\u00e9e pour la reproduire. Il faut bien choisir son mod\u00e8le. Ne pas prendre de photos trop sombres o\u00f9 les d\u00e9tails ne seront plus visibles ! Si vous d\u00e9butez il est conseill\u00e9 de prendre une photo de la taille de votre feuille et d\u2019\u00e9viter de l\u2019agrandir, vous aurez du mal \u00e0 respecter les proportions dans un premier temps.<\/p>\t\t\t\t\t\t\t\t<\/div>\n\t\t\t\t<\/div>\n\t\t\t\t<div class=\"elementor-element elementor-element-e01be35 elementor-widget elementor-widget-heading\" data-id=\"e01be35\" data-element_type=\"widget\" data-e-type=\"widget\" data-widget_type=\"heading.default\">\n\t\t\t\t<div class=\"elementor-widget-container\">\n\t\t\t\t\t<h2 class=\"elementor-heading-title elementor-size-medium\">L'esquisse<\/h2>\t\t\t\t<\/div>\n\t\t\t\t<\/div>\n\t\t\t\t<div class=\"elementor-element elementor-element-25583c9 elementor-widget elementor-widget-text-editor\" data-id=\"25583c9\" data-element_type=\"widget\" data-e-type=\"widget\" data-widget_type=\"text-editor.default\">\n\t\t\t\t<div class=\"elementor-widget-container\">\n\t\t\t\t\t\t\t\t\t<p>A ce stade, \u00e9quip\u00e9 d\u2019une feuille de dessin et d\u2019un crayon, vous allez dessiner tous les contours du portrait. Ne laissez aucun d\u00e9tail pensant qu\u2019il n\u2019a pas son importance. Ne vous concentrez pas sur les yeux ou les cheveux, vous y reviendrez plus tard, mais dessinez dans la globalit\u00e9 !<\/p>\t\t\t\t\t\t\t\t<\/div>\n\t\t\t\t<\/div>\n\t\t\t\t<div class=\"elementor-element elementor-element-391e39c elementor-widget elementor-widget-heading\" data-id=\"391e39c\" data-element_type=\"widget\" data-e-type=\"widget\" data-widget_type=\"heading.default\">\n\t\t\t\t<div class=\"elementor-widget-container\">\n\t\t\t\t\t<h2 class=\"elementor-heading-title elementor-size-medium\">Les yeux<\/h2>\t\t\t\t<\/div>\n\t\t\t\t<\/div>\n\t\t\t\t<div class=\"elementor-element elementor-element-ee134e2 elementor-widget elementor-widget-text-editor\" data-id=\"ee134e2\" data-element_type=\"widget\" data-e-type=\"widget\" data-widget_type=\"text-editor.default\">\n\t\t\t\t<div class=\"elementor-widget-container\">\n\t\t\t\t\t\t\t\t\t<p>A ce stade, il est temps de passer aux d\u00e9tails des yeux \u00e0 savoir les pupilles, les cils, les paupi\u00e8res,\u2026 qui sont tous tr\u00e8s importants, car il faut savoir que dans un portrait, si le regard n\u2019est pas le m\u00eame que sur le mod\u00e8le, votre dessin est rat\u00e9 !<\/p>\t\t\t\t\t\t\t\t<\/div>\n\t\t\t\t<\/div>\n\t\t\t\t<div class=\"elementor-element elementor-element-bb375c9 elementor-widget elementor-widget-heading\" data-id=\"bb375c9\" data-element_type=\"widget\" data-e-type=\"widget\" data-widget_type=\"heading.default\">\n\t\t\t\t<div class=\"elementor-widget-container\">\n\t\t\t\t\t<h2 class=\"elementor-heading-title elementor-size-medium\">La bouche, le nez<\/h2>\t\t\t\t<\/div>\n\t\t\t\t<\/div>\n\t\t\t\t<div class=\"elementor-element elementor-element-0aa7da8 elementor-widget elementor-widget-text-editor\" data-id=\"0aa7da8\" data-element_type=\"widget\" data-e-type=\"widget\" data-widget_type=\"text-editor.default\">\n\t\t\t\t<div class=\"elementor-widget-container\">\n\t\t\t\t\t\t\t\t\t<p>Ce sont deux parties tr\u00e8s importantes, bien qu\u2019on ne leur accorde pas assez de temps ! Vous devez juste retenir qu\u2019ils doivent \u00eatre un peu plus travaill\u00e9s que le reste du visage, et la complexit\u00e9 de l\u2019\u0153il montre des \u00e9l\u00e9ments difficiles \u00e0 r\u00e9aliser !<\/p>\t\t\t\t\t\t\t\t<\/div>\n\t\t\t\t<\/div>\n\t\t\t\t\t<\/div>\n\t\t<\/div>\n\t\t\t\t<div class=\"elementor-column elementor-col-33 elementor-top-column elementor-element elementor-element-bc12533\" data-id=\"bc12533\" data-element_type=\"column\" data-e-type=\"column\">\n\t\t\t<div class=\"elementor-widget-wrap\">\n\t\t\t\t\t\t\t<\/div>\n\t\t<\/div>\n\t\t\t\t\t<\/div>\n\t\t<\/section>\n\t\t\t\t<section class=\"elementor-section elementor-top-section elementor-element elementor-element-ee41770 elementor-section-boxed elementor-section-height-default elementor-section-height-default\" data-id=\"ee41770\" data-element_type=\"section\" data-e-type=\"section\" data-settings=\"{&quot;background_background&quot;:&quot;classic&quot;}\">\n\t\t\t\t\t\t<div class=\"elementor-container elementor-column-gap-default\">\n\t\t\t\t\t<div class=\"elementor-column elementor-col-33 elementor-top-column elementor-element elementor-element-8e70154\" data-id=\"8e70154\" data-element_type=\"column\" data-e-type=\"column\">\n\t\t\t<div class=\"elementor-widget-wrap\">\n\t\t\t\t\t\t\t<\/div>\n\t\t<\/div>\n\t\t\t\t<div class=\"elementor-column elementor-col-33 elementor-top-column elementor-element elementor-element-2495aba\" data-id=\"2495aba\" data-element_type=\"column\" data-e-type=\"column\" data-settings=\"{&quot;background_background&quot;:&quot;classic&quot;}\">\n\t\t\t<div class=\"elementor-widget-wrap elementor-element-populated\">\n\t\t\t\t\t\t<div class=\"elementor-element elementor-element-3b61de9 elementor-widget elementor-widget-heading\" data-id=\"3b61de9\" data-element_type=\"widget\" data-e-type=\"widget\" data-widget_type=\"heading.default\">\n\t\t\t\t<div class=\"elementor-widget-container\">\n\t\t\t\t\t<h1 class=\"elementor-heading-title elementor-size-medium\">Guide Terre &amp; Feu<\/h1>\t\t\t\t<\/div>\n\t\t\t\t<\/div>\n\t\t\t\t<div class=\"elementor-element elementor-element-eb4852b elementor-widget elementor-widget-text-editor\" data-id=\"eb4852b\" data-element_type=\"widget\" data-e-type=\"widget\" data-widget_type=\"text-editor.default\">\n\t\t\t\t<div class=\"elementor-widget-container\">\n\t\t\t\t\t\t\t\t\t<p>D\u00e9couvrez les trucs et astuces en arts plastiques des ateliers Terre &amp; Feu :<\/p>\t\t\t\t\t\t\t\t<\/div>\n\t\t\t\t<\/div>\n\t\t\t\t<section class=\"elementor-section elementor-inner-section elementor-element elementor-element-77a0234 elementor-section-boxed elementor-section-height-default elementor-section-height-default\" data-id=\"77a0234\" data-element_type=\"section\" data-e-type=\"section\">\n\t\t\t\t\t\t<div class=\"elementor-container elementor-column-gap-default\">\n\t\t\t\t\t<div class=\"elementor-column elementor-col-50 elementor-inner-column elementor-element elementor-element-2e8ce6f\" data-id=\"2e8ce6f\" data-element_type=\"column\" data-e-type=\"column\">\n\t\t\t<div class=\"elementor-widget-wrap elementor-element-populated\">\n\t\t\t\t\t\t<div class=\"elementor-element elementor-element-70614e7 elementor-widget elementor-widget-text-editor\" data-id=\"70614e7\" data-element_type=\"widget\" data-e-type=\"widget\" data-widget_type=\"text-editor.default\">\n\t\t\t\t<div class=\"elementor-widget-container\">\n\t\t\t\t\t\t\t\t\t<p><strong><a href=\"https:\/\/www.terre-et-feu.com\/paris\/dessin-pastel-pourquoi-opter-pour-le-pastel\/\">&gt;<\/a> <a href=\"https:\/\/www.terre-et-feu.com\/paris\/dessin-pastel-pourquoi-opter-pour-le-pastel\/\">Dessin pastel : Pourquoi opter pour le pastel<\/a><\/strong><br \/><strong><a href=\"https:\/\/www.terre-et-feu.com\/paris\/aquarelle-facile-comment-devenir-un-pro-rapidement\/\">&gt; Aquarelle facile : comment devenir un pro rapidement<\/a><\/strong><br \/><a href=\"https:\/\/www.terre-et-feu.com\/paris\/apprendre-le-dessin-les-astuces\/\"><strong>&gt; Apprendre le dessin : Les astuces<\/strong><\/a><br \/><a href=\"https:\/\/www.terre-et-feu.com\/paris\/laquarelle-pas-a-pas\/\"><strong>&gt; L\u2019aquarelle pas \u00e0 pas<\/strong><\/a><br \/><a href=\"https:\/\/www.terre-et-feu.com\/paris\/conseils-pour-apprendre-a-dessiner-des-animaux\/\"><strong>&gt; Conseils pour apprendre \u00e0 dessiner des animaux<\/strong><\/a><br \/><a href=\"https:\/\/www.terre-et-feu.com\/paris\/dessiner-facilement-grace-aux-meilleures-astuces\/\"><strong>&gt; Dessiner facilement gr\u00e2ce aux meilleures astuces<\/strong><\/a><br \/><a href=\"https:\/\/www.terre-et-feu.com\/paris\/technique-peinture-acrylique-que-faut-il-savoir\/\"><strong>&gt; Technique peinture acrylique : Que faut-il savoir<\/strong><\/a><br \/><a href=\"https:\/\/www.terre-et-feu.com\/paris\/formation-artistique-quapprend-on-exactement\/\"><strong>&gt; Formation artistique : Qu\u2019apprend-on exactement ?<\/strong><\/a><\/p>\t\t\t\t\t\t\t\t<\/div>\n\t\t\t\t<\/div>\n\t\t\t\t\t<\/div>\n\t\t<\/div>\n\t\t\t\t<div class=\"elementor-column elementor-col-50 elementor-inner-column elementor-element elementor-element-c9cfc0c\" data-id=\"c9cfc0c\" data-element_type=\"column\" data-e-type=\"column\">\n\t\t\t<div class=\"elementor-widget-wrap elementor-element-populated\">\n\t\t\t\t\t\t<div class=\"elementor-element elementor-element-9b407ef elementor-widget elementor-widget-text-editor\" data-id=\"9b407ef\" data-element_type=\"widget\" data-e-type=\"widget\" data-widget_type=\"text-editor.default\">\n\t\t\t\t<div class=\"elementor-widget-container\">\n\t\t\t\t\t\t\t\t\t<p><a href=\"https:\/\/www.terre-et-feu.com\/paris\/apprendre-le-dessin\/\"><strong>&gt; Apprendre le dessin : Les \u00e9tapes \u00e0 suivre pour un portrait<\/strong><\/a><br \/><a href=\"https:\/\/www.terre-et-feu.com\/paris\/peinture-acrylique-sur-toile-conseil-pour-reussir\/\"><strong>&gt; Peinture acrylique sur toile : Conseil pour r\u00e9ussir<\/strong><\/a><br \/><a href=\"https:\/\/www.terre-et-feu.com\/paris\/enfant-apprendre-dessiner\/\"><strong>&gt; Enfant : apprendre \u00e0 dessiner en 3 \u00e9tapes<\/strong><\/a><br \/><a href=\"https:\/\/www.terre-et-feu.com\/paris\/reussir-un-dessin-au-pastel\/\"><strong>&gt; Conseils pour r\u00e9ussir un dessin au pastel<\/strong><\/a><br \/><a href=\"https:\/\/www.terre-et-feu.com\/paris\/dessiner-un-corps-humain\/\"><strong>&gt; Dessiner un corps humain<\/strong><\/a><br \/><a href=\"https:\/\/www.terre-et-feu.com\/paris\/formation-en-dessin-contenu\/\"><strong>&gt; Formation en dessin : quel est le contenu<\/strong><\/a><br \/><a href=\"https:\/\/www.terre-et-feu.com\/paris\/metiers-artistiques-comment-choisir-sa-formation\/\"><strong>&gt; M\u00e9tiers artistiques : Comment choisir sa formation<\/strong><\/a><\/p>\t\t\t\t\t\t\t\t<\/div>\n\t\t\t\t<\/div>\n\t\t\t\t\t<\/div>\n\t\t<\/div>\n\t\t\t\t\t<\/div>\n\t\t<\/section>\n\t\t\t\t\t<\/div>\n\t\t<\/div>\n\t\t\t\t<div class=\"elementor-column elementor-col-33 elementor-top-column elementor-element elementor-element-7ac2f5d\" data-id=\"7ac2f5d\" data-element_type=\"column\" data-e-type=\"column\">\n\t\t\t<div class=\"elementor-widget-wrap\">\n\t\t\t\t\t\t\t<\/div>\n\t\t<\/div>\n\t\t\t\t\t<\/div>\n\t\t<\/section>\n\t\t\t\t<\/div>\n\t\t","protected":false},"excerpt":{"rendered":"<p>Apprendre le dessin Apprendre le dessin : Les \u00e9tapes \u00e0 suivre pour un portrait Apprendre le dessin : Les \u00e9tapes \u00e0 suivre pour un portrait Pour apprendre \u00e0 dessiner un portrait cela demande de la patience \u00e9videmment, et beaucoup de temps. Mais il est important \u00e9galement d\u2019apprendre la technique et les diff\u00e9rentes \u00e9tapes obligatoires pour [&hellip;]<\/p>\n","protected":false},"author":1,"featured_media":0,"parent":0,"menu_order":0,"comment_status":"closed","ping_status":"closed","template":"elementor_header_footer","meta":{"_acf_changed":false,"footnotes":""},"class_list":["post-133","page","type-page","status-publish","hentry"],"acf":[],"aioseo_notices":[],"_links":{"self":[{"href":"https:\/\/www.terre-et-feu.com\/paris\/wp-json\/wp\/v2\/pages\/133","targetHints":{"allow":["GET"]}}],"collection":[{"href":"https:\/\/www.terre-et-feu.com\/paris\/wp-json\/wp\/v2\/pages"}],"about":[{"href":"https:\/\/www.terre-et-feu.com\/paris\/wp-json\/wp\/v2\/types\/page"}],"author":[{"embeddable":true,"href":"https:\/\/www.terre-et-feu.com\/paris\/wp-json\/wp\/v2\/users\/1"}],"replies":[{"embeddable":true,"href":"https:\/\/www.terre-et-feu.com\/paris\/wp-json\/wp\/v2\/comments?post=133"}],"version-history":[{"count":1,"href":"https:\/\/www.terre-et-feu.com\/paris\/wp-json\/wp\/v2\/pages\/133\/revisions"}],"predecessor-version":[{"id":3060,"href":"https:\/\/www.terre-et-feu.com\/paris\/wp-json\/wp\/v2\/pages\/133\/revisions\/3060"}],"wp:attachment":[{"href":"https:\/\/www.terre-et-feu.com\/paris\/wp-json\/wp\/v2\/media?parent=133"}],"curies":[{"name":"wp","href":"https:\/\/api.w.org\/{rel}","templated":true}]}}