{"id":137,"date":"2020-02-14T18:12:53","date_gmt":"2020-02-14T17:12:53","guid":{"rendered":"https:\/\/www.terre-et-feu.com\/paris\/?page_id=137"},"modified":"2022-06-08T12:56:28","modified_gmt":"2022-06-08T10:56:28","slug":"peinture-acrylique-sur-toile-conseil-pour-reussir","status":"publish","type":"page","link":"https:\/\/www.terre-et-feu.com\/paris\/peinture-acrylique-sur-toile-conseil-pour-reussir\/","title":{"rendered":"Peinture acrylique sur toile : conseil pour r\u00e9ussir"},"content":{"rendered":"\t\t<div data-elementor-type=\"wp-page\" data-elementor-id=\"137\" class=\"elementor elementor-137\" data-elementor-settings=\"{&quot;element_pack_global_tooltip_width&quot;:{&quot;unit&quot;:&quot;px&quot;,&quot;size&quot;:&quot;&quot;,&quot;sizes&quot;:[]},&quot;element_pack_global_tooltip_width_tablet&quot;:{&quot;unit&quot;:&quot;px&quot;,&quot;size&quot;:&quot;&quot;,&quot;sizes&quot;:[]},&quot;element_pack_global_tooltip_width_mobile&quot;:{&quot;unit&quot;:&quot;px&quot;,&quot;size&quot;:&quot;&quot;,&quot;sizes&quot;:[]},&quot;element_pack_global_tooltip_padding&quot;:{&quot;unit&quot;:&quot;px&quot;,&quot;top&quot;:&quot;&quot;,&quot;right&quot;:&quot;&quot;,&quot;bottom&quot;:&quot;&quot;,&quot;left&quot;:&quot;&quot;,&quot;isLinked&quot;:true},&quot;element_pack_global_tooltip_padding_tablet&quot;:{&quot;unit&quot;:&quot;px&quot;,&quot;top&quot;:&quot;&quot;,&quot;right&quot;:&quot;&quot;,&quot;bottom&quot;:&quot;&quot;,&quot;left&quot;:&quot;&quot;,&quot;isLinked&quot;:true},&quot;element_pack_global_tooltip_padding_mobile&quot;:{&quot;unit&quot;:&quot;px&quot;,&quot;top&quot;:&quot;&quot;,&quot;right&quot;:&quot;&quot;,&quot;bottom&quot;:&quot;&quot;,&quot;left&quot;:&quot;&quot;,&quot;isLinked&quot;:true},&quot;element_pack_global_tooltip_border_radius&quot;:{&quot;unit&quot;:&quot;px&quot;,&quot;top&quot;:&quot;&quot;,&quot;right&quot;:&quot;&quot;,&quot;bottom&quot;:&quot;&quot;,&quot;left&quot;:&quot;&quot;,&quot;isLinked&quot;:true},&quot;element_pack_global_tooltip_border_radius_tablet&quot;:{&quot;unit&quot;:&quot;px&quot;,&quot;top&quot;:&quot;&quot;,&quot;right&quot;:&quot;&quot;,&quot;bottom&quot;:&quot;&quot;,&quot;left&quot;:&quot;&quot;,&quot;isLinked&quot;:true},&quot;element_pack_global_tooltip_border_radius_mobile&quot;:{&quot;unit&quot;:&quot;px&quot;,&quot;top&quot;:&quot;&quot;,&quot;right&quot;:&quot;&quot;,&quot;bottom&quot;:&quot;&quot;,&quot;left&quot;:&quot;&quot;,&quot;isLinked&quot;:true}}\" data-elementor-post-type=\"page\">\n\t\t\t\t\t\t<section class=\"elementor-section elementor-top-section elementor-element elementor-element-0ce67bc elementor-hidden-phone elementor-hidden-desktop elementor-section-boxed elementor-section-height-default elementor-section-height-default\" data-id=\"0ce67bc\" data-element_type=\"section\" data-e-type=\"section\">\n\t\t\t\t\t\t<div class=\"elementor-container elementor-column-gap-default\">\n\t\t\t\t\t<div class=\"elementor-column elementor-col-100 elementor-top-column elementor-element elementor-element-00d3e12\" data-id=\"00d3e12\" data-element_type=\"column\" data-e-type=\"column\">\n\t\t\t<div class=\"elementor-widget-wrap elementor-element-populated\">\n\t\t\t\t\t\t<div class=\"elementor-element elementor-element-0e77103 elementor-widget elementor-widget-spacer\" data-id=\"0e77103\" data-element_type=\"widget\" data-e-type=\"widget\" data-widget_type=\"spacer.default\">\n\t\t\t\t<div class=\"elementor-widget-container\">\n\t\t\t\t\t\t\t<div class=\"elementor-spacer\">\n\t\t\t<div class=\"elementor-spacer-inner\"><\/div>\n\t\t<\/div>\n\t\t\t\t\t\t<\/div>\n\t\t\t\t<\/div>\n\t\t\t\t\t<\/div>\n\t\t<\/div>\n\t\t\t\t\t<\/div>\n\t\t<\/section>\n\t\t\t\t<section class=\"elementor-section elementor-top-section elementor-element elementor-element-98ecfb4 elementor-hidden-tablet elementor-hidden-phone elementor-section-boxed elementor-section-height-default elementor-section-height-default\" data-id=\"98ecfb4\" data-element_type=\"section\" data-e-type=\"section\" data-settings=\"{&quot;background_background&quot;:&quot;classic&quot;}\">\n\t\t\t\t\t\t<div class=\"elementor-container elementor-column-gap-default\">\n\t\t\t\t\t<div class=\"elementor-column elementor-col-33 elementor-top-column elementor-element elementor-element-fcad4c6\" data-id=\"fcad4c6\" data-element_type=\"column\" data-e-type=\"column\">\n\t\t\t<div class=\"elementor-widget-wrap\">\n\t\t\t\t\t\t\t<\/div>\n\t\t<\/div>\n\t\t\t\t<div class=\"elementor-column elementor-col-33 elementor-top-column elementor-element elementor-element-0cc0530\" data-id=\"0cc0530\" data-element_type=\"column\" data-e-type=\"column\" data-settings=\"{&quot;background_background&quot;:&quot;classic&quot;}\">\n\t\t\t<div class=\"elementor-widget-wrap elementor-element-populated\">\n\t\t\t\t\t\t<div class=\"elementor-element elementor-element-e6366f6 elementor-widget elementor-widget-spacer\" data-id=\"e6366f6\" data-element_type=\"widget\" data-e-type=\"widget\" data-widget_type=\"spacer.default\">\n\t\t\t\t<div class=\"elementor-widget-container\">\n\t\t\t\t\t\t\t<div class=\"elementor-spacer\">\n\t\t\t<div class=\"elementor-spacer-inner\"><\/div>\n\t\t<\/div>\n\t\t\t\t\t\t<\/div>\n\t\t\t\t<\/div>\n\t\t\t\t<div class=\"elementor-element elementor-element-91d25da elementor-widget elementor-widget-heading\" data-id=\"91d25da\" data-element_type=\"widget\" data-e-type=\"widget\" data-widget_type=\"heading.default\">\n\t\t\t\t<div class=\"elementor-widget-container\">\n\t\t\t\t\t<h1 class=\"elementor-heading-title elementor-size-default\">Peinture acrylique sur toile :<br> Conseil pour r\u00e9ussir<\/h1>\t\t\t\t<\/div>\n\t\t\t\t<\/div>\n\t\t\t\t<div class=\"elementor-element elementor-element-f73dfee elementor-widget elementor-widget-spacer\" data-id=\"f73dfee\" data-element_type=\"widget\" data-e-type=\"widget\" data-widget_type=\"spacer.default\">\n\t\t\t\t<div class=\"elementor-widget-container\">\n\t\t\t\t\t\t\t<div class=\"elementor-spacer\">\n\t\t\t<div class=\"elementor-spacer-inner\"><\/div>\n\t\t<\/div>\n\t\t\t\t\t\t<\/div>\n\t\t\t\t<\/div>\n\t\t\t\t\t<\/div>\n\t\t<\/div>\n\t\t\t\t<div class=\"elementor-column elementor-col-33 elementor-top-column elementor-element elementor-element-36dd369\" data-id=\"36dd369\" data-element_type=\"column\" data-e-type=\"column\">\n\t\t\t<div class=\"elementor-widget-wrap\">\n\t\t\t\t\t\t\t<\/div>\n\t\t<\/div>\n\t\t\t\t\t<\/div>\n\t\t<\/section>\n\t\t\t\t<section class=\"elementor-section elementor-top-section elementor-element elementor-element-b748166 elementor-section-boxed elementor-section-height-default elementor-section-height-default\" data-id=\"b748166\" data-element_type=\"section\" data-e-type=\"section\">\n\t\t\t\t\t\t<div class=\"elementor-container elementor-column-gap-default\">\n\t\t\t\t\t<div class=\"elementor-column elementor-col-33 elementor-top-column elementor-element elementor-element-5c3bc6f\" data-id=\"5c3bc6f\" data-element_type=\"column\" data-e-type=\"column\">\n\t\t\t<div class=\"elementor-widget-wrap\">\n\t\t\t\t\t\t\t<\/div>\n\t\t<\/div>\n\t\t\t\t<div class=\"elementor-column elementor-col-33 elementor-top-column elementor-element elementor-element-f982707\" data-id=\"f982707\" data-element_type=\"column\" data-e-type=\"column\">\n\t\t\t<div class=\"elementor-widget-wrap elementor-element-populated\">\n\t\t\t\t\t\t<div class=\"elementor-element elementor-element-31781cd elementor-hidden-desktop elementor-hidden-tablet elementor-widget elementor-widget-heading\" data-id=\"31781cd\" data-element_type=\"widget\" data-e-type=\"widget\" data-widget_type=\"heading.default\">\n\t\t\t\t<div class=\"elementor-widget-container\">\n\t\t\t\t\t<h1 class=\"elementor-heading-title elementor-size-medium\">Peinture acrylique sur toile : Conseil pour r\u00e9ussir<\/h1>\t\t\t\t<\/div>\n\t\t\t\t<\/div>\n\t\t\t\t<div class=\"elementor-element elementor-element-5bc8a14 elementor-hidden-phone elementor-widget elementor-widget-heading\" data-id=\"5bc8a14\" data-element_type=\"widget\" data-e-type=\"widget\" data-widget_type=\"heading.default\">\n\t\t\t\t<div class=\"elementor-widget-container\">\n\t\t\t\t\t<h1 class=\"elementor-heading-title elementor-size-medium\">Peinture acrylique sur toile : Conseil pour r\u00e9ussir<\/h1>\t\t\t\t<\/div>\n\t\t\t\t<\/div>\n\t\t\t\t<div class=\"elementor-element elementor-element-86ae1ac elementor-widget elementor-widget-text-editor\" data-id=\"86ae1ac\" data-element_type=\"widget\" data-e-type=\"widget\" data-widget_type=\"text-editor.default\">\n\t\t\t\t<div class=\"elementor-widget-container\">\n\t\t\t\t\t\t\t\t\t<strong>Recommand\u00e9e aux d\u00e9butants, la peinture acrylique sur toile est facile d\u2019emploi. Elle s\u00e9duit pour sa facilit\u00e9 d\u2019utilisation et permet de progresser rapidement. Tr\u00e8s \u00e9conomique, elle convient parfaitement aux petits budgets qui souhaitent s\u2019adonner \u00e0 une activit\u00e9 artistique. Voici quelques conseils simples \u00e0 suivre pour r\u00e9ussir dans la peinture acrylique sur toile.<\/strong>\t\t\t\t\t\t\t\t<\/div>\n\t\t\t\t<\/div>\n\t\t\t\t<div class=\"elementor-element elementor-element-c9e661f elementor-widget elementor-widget-heading\" data-id=\"c9e661f\" data-element_type=\"widget\" data-e-type=\"widget\" data-widget_type=\"heading.default\">\n\t\t\t\t<div class=\"elementor-widget-container\">\n\t\t\t\t\t<h2 class=\"elementor-heading-title elementor-size-medium\">Le mat\u00e9riel \u00e0 acqu\u00e9rir<\/h2>\t\t\t\t<\/div>\n\t\t\t\t<\/div>\n\t\t\t\t<div class=\"elementor-element elementor-element-aa02eaf elementor-widget elementor-widget-text-editor\" data-id=\"aa02eaf\" data-element_type=\"widget\" data-e-type=\"widget\" data-widget_type=\"text-editor.default\">\n\t\t\t\t<div class=\"elementor-widget-container\">\n\t\t\t\t\t\t\t\t\t<p>Qu\u2019on se le dise une bonne fois pour toute, si vous souhaitez progresser, vous devez mettre tous les moyens de votre c\u00f4t\u00e9 et cela passe aussi par le mat\u00e9riel. Cela ne veut pas dire que vous allez vous ruiner en achetant de tout mais bien vous \u00e9quiper des indispensables. Equipez-vous d\u2019une toile vierge, pas tr\u00e8s grande quand on est d\u00e9butant, souvent un format A3 suffit<br \/>Un lot de pinceaux pointus de diff\u00e9rentes tailles et un lot de pinceaux plats assortis vous permettent de donner du relief et du caract\u00e8re \u00e0 votre toile. Evidemment, inutile de mentionner mais r\u00e9servez une bo\u00eete d\u2019assortiment de peinture acrylique, c\u2019est un minimum. Et du vernis incolore brillant, servant \u00e9galement de m\u00e9dium pour diluer la peinture<\/p>\t\t\t\t\t\t\t\t<\/div>\n\t\t\t\t<\/div>\n\t\t\t\t<div class=\"elementor-element elementor-element-d7a8ebd elementor-widget elementor-widget-heading\" data-id=\"d7a8ebd\" data-element_type=\"widget\" data-e-type=\"widget\" data-widget_type=\"heading.default\">\n\t\t\t\t<div class=\"elementor-widget-container\">\n\t\t\t\t\t<h2 class=\"elementor-heading-title elementor-size-medium\">La peinture de fond<\/h2>\t\t\t\t<\/div>\n\t\t\t\t<\/div>\n\t\t\t\t<div class=\"elementor-element elementor-element-a7cd7bd elementor-widget elementor-widget-text-editor\" data-id=\"a7cd7bd\" data-element_type=\"widget\" data-e-type=\"widget\" data-widget_type=\"text-editor.default\">\n\t\t\t\t<div class=\"elementor-widget-container\">\n\t\t\t\t\t\t\t\t\t<p>Etape trop souvent n\u00e9glig\u00e9e, c\u2019est pourtant \u00e0 ce stade, que vous pouvez esp\u00e9rer donner de la profondeur \u00e0 votre dessin. Pour pr\u00e9parer la toile, et l\u2019unifier, vous devez r\u00e9aliser un fond neutre, on peut opter pour du blanc, ou tr\u00e8s l\u00e9g\u00e8rement teint\u00e9 dans la teinte dominante du tableau. Une fois la peinture de fond bien s\u00e8che, il est temps de r\u00e9fl\u00e9chir \u00e0 comment attaquer le dessin et quel mod\u00e8le choisir<\/p>\t\t\t\t\t\t\t\t<\/div>\n\t\t\t\t<\/div>\n\t\t\t\t<div class=\"elementor-element elementor-element-c115ba7 elementor-widget elementor-widget-heading\" data-id=\"c115ba7\" data-element_type=\"widget\" data-e-type=\"widget\" data-widget_type=\"heading.default\">\n\t\t\t\t<div class=\"elementor-widget-container\">\n\t\t\t\t\t<h2 class=\"elementor-heading-title elementor-size-medium\">Le dessin<\/h2>\t\t\t\t<\/div>\n\t\t\t\t<\/div>\n\t\t\t\t<div class=\"elementor-element elementor-element-2ac1c81 elementor-widget elementor-widget-text-editor\" data-id=\"2ac1c81\" data-element_type=\"widget\" data-e-type=\"widget\" data-widget_type=\"text-editor.default\">\n\t\t\t\t<div class=\"elementor-widget-container\">\n\t\t\t\t\t\t\t\t\t<p>Si vous d\u00e9butez et que vous \u00eates \u00e0 vos premi\u00e8res toiles en peinture acrylique, nous vous conseillons de copier un tableau existant, mais lorsque vous serez plus exp\u00e9riment\u00e9, la r\u00e9alisation d\u2019\u0153uvres originales sera possible. Pour le dessin, reproduire les \u00e9l\u00e9ments avec un crayon fin. Pensez \u00e0 bien effacer les erreurs, car avec la peinture, vous n\u2019avez pas le droit \u00e0 l\u2019erreur.<\/p>\t\t\t\t\t\t\t\t<\/div>\n\t\t\t\t<\/div>\n\t\t\t\t<div class=\"elementor-element elementor-element-a9e4b33 elementor-widget elementor-widget-heading\" data-id=\"a9e4b33\" data-element_type=\"widget\" data-e-type=\"widget\" data-widget_type=\"heading.default\">\n\t\t\t\t<div class=\"elementor-widget-container\">\n\t\t\t\t\t<h2 class=\"elementor-heading-title elementor-size-medium\">La peinture<\/h2>\t\t\t\t<\/div>\n\t\t\t\t<\/div>\n\t\t\t\t<div class=\"elementor-element elementor-element-582fd5b elementor-widget elementor-widget-text-editor\" data-id=\"582fd5b\" data-element_type=\"widget\" data-e-type=\"widget\" data-widget_type=\"text-editor.default\">\n\t\t\t\t<div class=\"elementor-widget-container\">\n\t\t\t\t\t\t\t\t\t<p>Pour peindre votre dessin, il faut commencer par les \u00e9l\u00e9ments les plus \u00e9loign\u00e9s avant de vous rapprocher peu \u00e0 peu du premier plan. Cette fa\u00e7on de peindre permet de cr\u00e9er des plans diff\u00e9rents, et une perspective optique. Ne vous \u00e9tonnez pas si chacun de vos amis voit certaines choses.<\/p>\t\t\t\t\t\t\t\t<\/div>\n\t\t\t\t<\/div>\n\t\t\t\t\t<\/div>\n\t\t<\/div>\n\t\t\t\t<div class=\"elementor-column elementor-col-33 elementor-top-column elementor-element elementor-element-4e27d6d\" data-id=\"4e27d6d\" data-element_type=\"column\" data-e-type=\"column\">\n\t\t\t<div class=\"elementor-widget-wrap\">\n\t\t\t\t\t\t\t<\/div>\n\t\t<\/div>\n\t\t\t\t\t<\/div>\n\t\t<\/section>\n\t\t\t\t<section class=\"elementor-section elementor-top-section elementor-element elementor-element-3e9e10e elementor-section-boxed elementor-section-height-default elementor-section-height-default\" data-id=\"3e9e10e\" data-element_type=\"section\" data-e-type=\"section\" data-settings=\"{&quot;background_background&quot;:&quot;classic&quot;}\">\n\t\t\t\t\t\t<div class=\"elementor-container elementor-column-gap-default\">\n\t\t\t\t\t<div class=\"elementor-column elementor-col-33 elementor-top-column elementor-element elementor-element-00879cc\" data-id=\"00879cc\" data-element_type=\"column\" data-e-type=\"column\">\n\t\t\t<div class=\"elementor-widget-wrap\">\n\t\t\t\t\t\t\t<\/div>\n\t\t<\/div>\n\t\t\t\t<div class=\"elementor-column elementor-col-33 elementor-top-column elementor-element elementor-element-50082de\" data-id=\"50082de\" data-element_type=\"column\" data-e-type=\"column\" data-settings=\"{&quot;background_background&quot;:&quot;classic&quot;}\">\n\t\t\t<div class=\"elementor-widget-wrap elementor-element-populated\">\n\t\t\t\t\t\t<div class=\"elementor-element elementor-element-ec52c5e elementor-widget elementor-widget-heading\" data-id=\"ec52c5e\" data-element_type=\"widget\" data-e-type=\"widget\" data-widget_type=\"heading.default\">\n\t\t\t\t<div class=\"elementor-widget-container\">\n\t\t\t\t\t<h1 class=\"elementor-heading-title elementor-size-medium\">Guide Terre &amp; Feu<\/h1>\t\t\t\t<\/div>\n\t\t\t\t<\/div>\n\t\t\t\t<div class=\"elementor-element elementor-element-8fd8bd0 elementor-widget elementor-widget-text-editor\" data-id=\"8fd8bd0\" data-element_type=\"widget\" data-e-type=\"widget\" data-widget_type=\"text-editor.default\">\n\t\t\t\t<div class=\"elementor-widget-container\">\n\t\t\t\t\t\t\t\t\t<p>D\u00e9couvrez les trucs et astuces en arts plastiques des ateliers Terre &amp; Feu :<\/p>\t\t\t\t\t\t\t\t<\/div>\n\t\t\t\t<\/div>\n\t\t\t\t<section class=\"elementor-section elementor-inner-section elementor-element elementor-element-cfb0aa5 elementor-section-boxed elementor-section-height-default elementor-section-height-default\" data-id=\"cfb0aa5\" data-element_type=\"section\" data-e-type=\"section\">\n\t\t\t\t\t\t<div class=\"elementor-container elementor-column-gap-default\">\n\t\t\t\t\t<div class=\"elementor-column elementor-col-50 elementor-inner-column elementor-element elementor-element-b9f16cf\" data-id=\"b9f16cf\" data-element_type=\"column\" data-e-type=\"column\">\n\t\t\t<div class=\"elementor-widget-wrap elementor-element-populated\">\n\t\t\t\t\t\t<div class=\"elementor-element elementor-element-481bc22 elementor-widget elementor-widget-text-editor\" data-id=\"481bc22\" data-element_type=\"widget\" data-e-type=\"widget\" data-widget_type=\"text-editor.default\">\n\t\t\t\t<div class=\"elementor-widget-container\">\n\t\t\t\t\t\t\t\t\t<p><strong><a href=\"https:\/\/www.terre-et-feu.com\/paris\/dessin-pastel-pourquoi-opter-pour-le-pastel\/\">&gt;<\/a> <a href=\"https:\/\/www.terre-et-feu.com\/paris\/dessin-pastel-pourquoi-opter-pour-le-pastel\/\">Dessin pastel : Pourquoi opter pour le pastel<\/a><\/strong><br \/><strong><a href=\"https:\/\/www.terre-et-feu.com\/paris\/aquarelle-facile-comment-devenir-un-pro-rapidement\/\">&gt; Aquarelle facile : comment devenir un pro rapidement<\/a><\/strong><br \/><a href=\"https:\/\/www.terre-et-feu.com\/paris\/apprendre-le-dessin-les-astuces\/\"><strong>&gt; Apprendre le dessin : Les astuces<\/strong><\/a><br \/><a href=\"https:\/\/www.terre-et-feu.com\/paris\/laquarelle-pas-a-pas\/\"><strong>&gt; L\u2019aquarelle pas \u00e0 pas<\/strong><\/a><br \/><a href=\"https:\/\/www.terre-et-feu.com\/paris\/conseils-pour-apprendre-a-dessiner-des-animaux\/\"><strong>&gt; Conseils pour apprendre \u00e0 dessiner des animaux<\/strong><\/a><br \/><a href=\"https:\/\/www.terre-et-feu.com\/paris\/dessiner-facilement-grace-aux-meilleures-astuces\/\"><strong>&gt; Dessiner facilement gr\u00e2ce aux meilleures astuces<\/strong><\/a><br \/><a href=\"https:\/\/www.terre-et-feu.com\/paris\/technique-peinture-acrylique-que-faut-il-savoir\/\"><strong>&gt; Technique peinture acrylique : Que faut-il savoir<\/strong><\/a><br \/><a href=\"https:\/\/www.terre-et-feu.com\/paris\/formation-artistique-quapprend-on-exactement\/\"><strong>&gt; Formation artistique : Qu\u2019apprend-on exactement ?<\/strong><\/a><\/p>\t\t\t\t\t\t\t\t<\/div>\n\t\t\t\t<\/div>\n\t\t\t\t\t<\/div>\n\t\t<\/div>\n\t\t\t\t<div class=\"elementor-column elementor-col-50 elementor-inner-column elementor-element elementor-element-05c9c28\" data-id=\"05c9c28\" data-element_type=\"column\" data-e-type=\"column\">\n\t\t\t<div class=\"elementor-widget-wrap elementor-element-populated\">\n\t\t\t\t\t\t<div class=\"elementor-element elementor-element-a18a3c6 elementor-widget elementor-widget-text-editor\" data-id=\"a18a3c6\" data-element_type=\"widget\" data-e-type=\"widget\" data-widget_type=\"text-editor.default\">\n\t\t\t\t<div class=\"elementor-widget-container\">\n\t\t\t\t\t\t\t\t\t<p><a href=\"https:\/\/www.terre-et-feu.com\/paris\/apprendre-le-dessin\/\"><strong>&gt; Apprendre le dessin : Les \u00e9tapes \u00e0 suivre pour un portrait<\/strong><\/a><br \/><a href=\"https:\/\/www.terre-et-feu.com\/paris\/peinture-acrylique-sur-toile-conseil-pour-reussir\/\"><strong>&gt; Peinture acrylique sur toile : Conseil pour r\u00e9ussir<\/strong><\/a><br \/><a href=\"https:\/\/www.terre-et-feu.com\/paris\/enfant-apprendre-dessiner\/\"><strong>&gt; Enfant : apprendre \u00e0 dessiner en 3 \u00e9tapes<\/strong><\/a><br \/><a href=\"https:\/\/www.terre-et-feu.com\/paris\/reussir-un-dessin-au-pastel\/\"><strong>&gt; Conseils pour r\u00e9ussir un dessin au pastel<\/strong><\/a><br \/><a href=\"https:\/\/www.terre-et-feu.com\/paris\/dessiner-un-corps-humain\/\"><strong>&gt; Dessiner un corps humain<\/strong><\/a><br \/><a href=\"https:\/\/www.terre-et-feu.com\/paris\/formation-en-dessin-contenu\/\"><strong>&gt; Formation en dessin : quel est le contenu<\/strong><\/a><br \/><a href=\"https:\/\/www.terre-et-feu.com\/paris\/metiers-artistiques-comment-choisir-sa-formation\/\"><strong>&gt; M\u00e9tiers artistiques : Comment choisir sa formation<\/strong><\/a><\/p>\t\t\t\t\t\t\t\t<\/div>\n\t\t\t\t<\/div>\n\t\t\t\t\t<\/div>\n\t\t<\/div>\n\t\t\t\t\t<\/div>\n\t\t<\/section>\n\t\t\t\t\t<\/div>\n\t\t<\/div>\n\t\t\t\t<div class=\"elementor-column elementor-col-33 elementor-top-column elementor-element elementor-element-1a04261\" data-id=\"1a04261\" data-element_type=\"column\" data-e-type=\"column\">\n\t\t\t<div class=\"elementor-widget-wrap\">\n\t\t\t\t\t\t\t<\/div>\n\t\t<\/div>\n\t\t\t\t\t<\/div>\n\t\t<\/section>\n\t\t\t\t<\/div>\n\t\t","protected":false},"excerpt":{"rendered":"<p>Peinture acrylique sur toile : Conseil pour r\u00e9ussir Peinture acrylique sur toile : Conseil pour r\u00e9ussir Peinture acrylique sur toile : Conseil pour r\u00e9ussir Recommand\u00e9e aux d\u00e9butants, la peinture acrylique sur toile est facile d\u2019emploi. Elle s\u00e9duit pour sa facilit\u00e9 d\u2019utilisation et permet de progresser rapidement. Tr\u00e8s \u00e9conomique, elle convient parfaitement aux petits budgets qui [&hellip;]<\/p>\n","protected":false},"author":1,"featured_media":0,"parent":0,"menu_order":0,"comment_status":"closed","ping_status":"closed","template":"elementor_header_footer","meta":{"_acf_changed":false,"footnotes":""},"class_list":["post-137","page","type-page","status-publish","hentry"],"acf":[],"aioseo_notices":[],"_links":{"self":[{"href":"https:\/\/www.terre-et-feu.com\/paris\/wp-json\/wp\/v2\/pages\/137","targetHints":{"allow":["GET"]}}],"collection":[{"href":"https:\/\/www.terre-et-feu.com\/paris\/wp-json\/wp\/v2\/pages"}],"about":[{"href":"https:\/\/www.terre-et-feu.com\/paris\/wp-json\/wp\/v2\/types\/page"}],"author":[{"embeddable":true,"href":"https:\/\/www.terre-et-feu.com\/paris\/wp-json\/wp\/v2\/users\/1"}],"replies":[{"embeddable":true,"href":"https:\/\/www.terre-et-feu.com\/paris\/wp-json\/wp\/v2\/comments?post=137"}],"version-history":[{"count":0,"href":"https:\/\/www.terre-et-feu.com\/paris\/wp-json\/wp\/v2\/pages\/137\/revisions"}],"wp:attachment":[{"href":"https:\/\/www.terre-et-feu.com\/paris\/wp-json\/wp\/v2\/media?parent=137"}],"curies":[{"name":"wp","href":"https:\/\/api.w.org\/{rel}","templated":true}]}}