{"id":141,"date":"2020-02-14T18:13:39","date_gmt":"2020-02-14T17:13:39","guid":{"rendered":"https:\/\/www.terre-et-feu.com\/paris\/?page_id=141"},"modified":"2022-06-08T12:53:43","modified_gmt":"2022-06-08T10:53:43","slug":"enfant-apprendre-dessiner","status":"publish","type":"page","link":"https:\/\/www.terre-et-feu.com\/paris\/enfant-apprendre-dessiner\/","title":{"rendered":"Enfant : apprendre \u00e0 dessiner en 3 \u00e9tapes"},"content":{"rendered":"\t\t<div data-elementor-type=\"wp-page\" data-elementor-id=\"141\" class=\"elementor elementor-141\" data-elementor-settings=\"{&quot;element_pack_global_tooltip_width&quot;:{&quot;unit&quot;:&quot;px&quot;,&quot;size&quot;:&quot;&quot;,&quot;sizes&quot;:[]},&quot;element_pack_global_tooltip_width_tablet&quot;:{&quot;unit&quot;:&quot;px&quot;,&quot;size&quot;:&quot;&quot;,&quot;sizes&quot;:[]},&quot;element_pack_global_tooltip_width_mobile&quot;:{&quot;unit&quot;:&quot;px&quot;,&quot;size&quot;:&quot;&quot;,&quot;sizes&quot;:[]},&quot;element_pack_global_tooltip_padding&quot;:{&quot;unit&quot;:&quot;px&quot;,&quot;top&quot;:&quot;&quot;,&quot;right&quot;:&quot;&quot;,&quot;bottom&quot;:&quot;&quot;,&quot;left&quot;:&quot;&quot;,&quot;isLinked&quot;:true},&quot;element_pack_global_tooltip_padding_tablet&quot;:{&quot;unit&quot;:&quot;px&quot;,&quot;top&quot;:&quot;&quot;,&quot;right&quot;:&quot;&quot;,&quot;bottom&quot;:&quot;&quot;,&quot;left&quot;:&quot;&quot;,&quot;isLinked&quot;:true},&quot;element_pack_global_tooltip_padding_mobile&quot;:{&quot;unit&quot;:&quot;px&quot;,&quot;top&quot;:&quot;&quot;,&quot;right&quot;:&quot;&quot;,&quot;bottom&quot;:&quot;&quot;,&quot;left&quot;:&quot;&quot;,&quot;isLinked&quot;:true},&quot;element_pack_global_tooltip_border_radius&quot;:{&quot;unit&quot;:&quot;px&quot;,&quot;top&quot;:&quot;&quot;,&quot;right&quot;:&quot;&quot;,&quot;bottom&quot;:&quot;&quot;,&quot;left&quot;:&quot;&quot;,&quot;isLinked&quot;:true},&quot;element_pack_global_tooltip_border_radius_tablet&quot;:{&quot;unit&quot;:&quot;px&quot;,&quot;top&quot;:&quot;&quot;,&quot;right&quot;:&quot;&quot;,&quot;bottom&quot;:&quot;&quot;,&quot;left&quot;:&quot;&quot;,&quot;isLinked&quot;:true},&quot;element_pack_global_tooltip_border_radius_mobile&quot;:{&quot;unit&quot;:&quot;px&quot;,&quot;top&quot;:&quot;&quot;,&quot;right&quot;:&quot;&quot;,&quot;bottom&quot;:&quot;&quot;,&quot;left&quot;:&quot;&quot;,&quot;isLinked&quot;:true}}\" data-elementor-post-type=\"page\">\n\t\t\t\t\t\t<section class=\"elementor-section elementor-top-section elementor-element elementor-element-ea04e04 elementor-hidden-phone elementor-hidden-desktop elementor-section-boxed elementor-section-height-default elementor-section-height-default\" data-id=\"ea04e04\" data-element_type=\"section\" data-e-type=\"section\">\n\t\t\t\t\t\t<div class=\"elementor-container elementor-column-gap-default\">\n\t\t\t\t\t<div class=\"elementor-column elementor-col-100 elementor-top-column elementor-element elementor-element-d5c59e6\" data-id=\"d5c59e6\" data-element_type=\"column\" data-e-type=\"column\">\n\t\t\t<div class=\"elementor-widget-wrap elementor-element-populated\">\n\t\t\t\t\t\t<div class=\"elementor-element elementor-element-02ace97 elementor-widget elementor-widget-spacer\" data-id=\"02ace97\" data-element_type=\"widget\" data-e-type=\"widget\" data-widget_type=\"spacer.default\">\n\t\t\t\t<div class=\"elementor-widget-container\">\n\t\t\t\t\t\t\t<div class=\"elementor-spacer\">\n\t\t\t<div class=\"elementor-spacer-inner\"><\/div>\n\t\t<\/div>\n\t\t\t\t\t\t<\/div>\n\t\t\t\t<\/div>\n\t\t\t\t\t<\/div>\n\t\t<\/div>\n\t\t\t\t\t<\/div>\n\t\t<\/section>\n\t\t\t\t<section class=\"elementor-section elementor-top-section elementor-element elementor-element-687e34d elementor-hidden-tablet elementor-hidden-phone elementor-section-boxed elementor-section-height-default elementor-section-height-default\" data-id=\"687e34d\" data-element_type=\"section\" data-e-type=\"section\" data-settings=\"{&quot;background_background&quot;:&quot;classic&quot;}\">\n\t\t\t\t\t\t<div class=\"elementor-container elementor-column-gap-default\">\n\t\t\t\t\t<div class=\"elementor-column elementor-col-33 elementor-top-column elementor-element elementor-element-646027c\" data-id=\"646027c\" data-element_type=\"column\" data-e-type=\"column\">\n\t\t\t<div class=\"elementor-widget-wrap\">\n\t\t\t\t\t\t\t<\/div>\n\t\t<\/div>\n\t\t\t\t<div class=\"elementor-column elementor-col-33 elementor-top-column elementor-element elementor-element-56383ae\" data-id=\"56383ae\" data-element_type=\"column\" data-e-type=\"column\" data-settings=\"{&quot;background_background&quot;:&quot;classic&quot;}\">\n\t\t\t<div class=\"elementor-widget-wrap elementor-element-populated\">\n\t\t\t\t\t\t<div class=\"elementor-element elementor-element-1413352 elementor-widget elementor-widget-spacer\" data-id=\"1413352\" data-element_type=\"widget\" data-e-type=\"widget\" data-widget_type=\"spacer.default\">\n\t\t\t\t<div class=\"elementor-widget-container\">\n\t\t\t\t\t\t\t<div class=\"elementor-spacer\">\n\t\t\t<div class=\"elementor-spacer-inner\"><\/div>\n\t\t<\/div>\n\t\t\t\t\t\t<\/div>\n\t\t\t\t<\/div>\n\t\t\t\t<div class=\"elementor-element elementor-element-6f05218 elementor-widget elementor-widget-heading\" data-id=\"6f05218\" data-element_type=\"widget\" data-e-type=\"widget\" data-widget_type=\"heading.default\">\n\t\t\t\t<div class=\"elementor-widget-container\">\n\t\t\t\t\t<h1 class=\"elementor-heading-title elementor-size-default\">Enfant : apprendre \u00e0 dessiner en 3 \u00e9tapes<\/h1>\t\t\t\t<\/div>\n\t\t\t\t<\/div>\n\t\t\t\t<div class=\"elementor-element elementor-element-e28092f elementor-widget elementor-widget-spacer\" data-id=\"e28092f\" data-element_type=\"widget\" data-e-type=\"widget\" data-widget_type=\"spacer.default\">\n\t\t\t\t<div class=\"elementor-widget-container\">\n\t\t\t\t\t\t\t<div class=\"elementor-spacer\">\n\t\t\t<div class=\"elementor-spacer-inner\"><\/div>\n\t\t<\/div>\n\t\t\t\t\t\t<\/div>\n\t\t\t\t<\/div>\n\t\t\t\t\t<\/div>\n\t\t<\/div>\n\t\t\t\t<div class=\"elementor-column elementor-col-33 elementor-top-column elementor-element elementor-element-34ff1c7\" data-id=\"34ff1c7\" data-element_type=\"column\" data-e-type=\"column\">\n\t\t\t<div class=\"elementor-widget-wrap\">\n\t\t\t\t\t\t\t<\/div>\n\t\t<\/div>\n\t\t\t\t\t<\/div>\n\t\t<\/section>\n\t\t\t\t<section class=\"elementor-section elementor-top-section elementor-element elementor-element-4a29e2c elementor-section-boxed elementor-section-height-default elementor-section-height-default\" data-id=\"4a29e2c\" data-element_type=\"section\" data-e-type=\"section\">\n\t\t\t\t\t\t<div class=\"elementor-container elementor-column-gap-default\">\n\t\t\t\t\t<div class=\"elementor-column elementor-col-33 elementor-top-column elementor-element elementor-element-da5cfe5\" data-id=\"da5cfe5\" data-element_type=\"column\" data-e-type=\"column\">\n\t\t\t<div class=\"elementor-widget-wrap\">\n\t\t\t\t\t\t\t<\/div>\n\t\t<\/div>\n\t\t\t\t<div class=\"elementor-column elementor-col-33 elementor-top-column elementor-element elementor-element-dbb6363\" data-id=\"dbb6363\" data-element_type=\"column\" data-e-type=\"column\">\n\t\t\t<div class=\"elementor-widget-wrap elementor-element-populated\">\n\t\t\t\t\t\t<div class=\"elementor-element elementor-element-8a26fc6 elementor-hidden-desktop elementor-hidden-tablet elementor-widget elementor-widget-heading\" data-id=\"8a26fc6\" data-element_type=\"widget\" data-e-type=\"widget\" data-widget_type=\"heading.default\">\n\t\t\t\t<div class=\"elementor-widget-container\">\n\t\t\t\t\t<h1 class=\"elementor-heading-title elementor-size-medium\">Enfant : apprendre \u00e0 dessiner en 3 \u00e9tapes<\/h1>\t\t\t\t<\/div>\n\t\t\t\t<\/div>\n\t\t\t\t<div class=\"elementor-element elementor-element-cf33d13 elementor-hidden-phone elementor-widget elementor-widget-heading\" data-id=\"cf33d13\" data-element_type=\"widget\" data-e-type=\"widget\" data-widget_type=\"heading.default\">\n\t\t\t\t<div class=\"elementor-widget-container\">\n\t\t\t\t\t<h1 class=\"elementor-heading-title elementor-size-medium\">Enfant : apprendre \u00e0 dessiner en 3 \u00e9tapes<\/h1>\t\t\t\t<\/div>\n\t\t\t\t<\/div>\n\t\t\t\t<div class=\"elementor-element elementor-element-f28d6a8 elementor-widget elementor-widget-text-editor\" data-id=\"f28d6a8\" data-element_type=\"widget\" data-e-type=\"widget\" data-widget_type=\"text-editor.default\">\n\t\t\t\t<div class=\"elementor-widget-container\">\n\t\t\t\t\t\t\t\t\t<strong>Dessiner comme un enfant signifie qu\u2019on ne sait pas vraiment dessiner. Pourtant certains enfants nous \u00e9tonnent vraiment et semblent \u00eatre bien dou\u00e9s. Voici 3 \u00e9tapes pour bien d\u00e9buter dans le dessin de personnage.<\/strong>\t\t\t\t\t\t\t\t<\/div>\n\t\t\t\t<\/div>\n\t\t\t\t<div class=\"elementor-element elementor-element-6d40de7 elementor-widget elementor-widget-heading\" data-id=\"6d40de7\" data-element_type=\"widget\" data-e-type=\"widget\" data-widget_type=\"heading.default\">\n\t\t\t\t<div class=\"elementor-widget-container\">\n\t\t\t\t\t<h2 class=\"elementor-heading-title elementor-size-medium\">Etape 1 : pensez b\u00e2tons<\/h2>\t\t\t\t<\/div>\n\t\t\t\t<\/div>\n\t\t\t\t<div class=\"elementor-element elementor-element-3ca44d5 elementor-widget elementor-widget-text-editor\" data-id=\"3ca44d5\" data-element_type=\"widget\" data-e-type=\"widget\" data-widget_type=\"text-editor.default\">\n\t\t\t\t<div class=\"elementor-widget-container\">\n\t\t\t\t\t\t\t\t\t<p>Les enfants dessinent instinctivement des bonhommes en b\u00e2tons. C\u2019est d\u00e9j\u00e0 un tr\u00e8s bon d\u00e9part ! En effet, pour r\u00e9ussir \u00e0 dessiner un personnage, votre enfant doit tout d\u2019abord penser \u00ab b\u00e2ton \u00bb. Il r\u00e9alise ce qu\u2019on appelle un squelette d\u2019animation. Attention, \u00e0 ce stade, pensez \u00e0 bien respecter les proportions de chaque membre repr\u00e9sent\u00e9 par un b\u00e2ton<\/p>\t\t\t\t\t\t\t\t<\/div>\n\t\t\t\t<\/div>\n\t\t\t\t<div class=\"elementor-element elementor-element-0f6415f elementor-widget elementor-widget-heading\" data-id=\"0f6415f\" data-element_type=\"widget\" data-e-type=\"widget\" data-widget_type=\"heading.default\">\n\t\t\t\t<div class=\"elementor-widget-container\">\n\t\t\t\t\t<h2 class=\"elementor-heading-title elementor-size-medium\">Etape 2 : donnez du volume<\/h2>\t\t\t\t<\/div>\n\t\t\t\t<\/div>\n\t\t\t\t<div class=\"elementor-element elementor-element-2c24cf6 elementor-widget elementor-widget-text-editor\" data-id=\"2c24cf6\" data-element_type=\"widget\" data-e-type=\"widget\" data-widget_type=\"text-editor.default\">\n\t\t\t\t<div class=\"elementor-widget-container\">\n\t\t\t\t\t\t\t\t\t<p>Votre personnage n\u2019est pas un squelette mais il faudra donner du volume et surtout marquer ses traits pour lui donner du caract\u00e8re. A ce niveau, avez-vous pens\u00e9 \u00e0 avoir un mod\u00e8le. Pour un enfant, il est difficile de se projeter, il doit trouver ses r\u00e9f\u00e9rences devant lui.<br \/>N\u2019h\u00e9sitez pas \u00e0 lui sortir une image de son personnage pr\u00e9f\u00e9r\u00e9 d\u2019internet pour qu\u2019il le dessine. Commencez alors par les articulations, les \u00e9paules, les genoux, tout en gardant vos traits bien visibles ? Faites alors des formes simples pour repr\u00e9senter toutes les parties. Par exemple, le thorax par un cylindre plus large en bas ou la t\u00eate par une sph\u00e8re.<\/p>\t\t\t\t\t\t\t\t<\/div>\n\t\t\t\t<\/div>\n\t\t\t\t<div class=\"elementor-element elementor-element-074fd5c elementor-widget elementor-widget-heading\" data-id=\"074fd5c\" data-element_type=\"widget\" data-e-type=\"widget\" data-widget_type=\"heading.default\">\n\t\t\t\t<div class=\"elementor-widget-container\">\n\t\t\t\t\t<h2 class=\"elementor-heading-title elementor-size-medium\">Etape 3 : s'amuser !<\/h2>\t\t\t\t<\/div>\n\t\t\t\t<\/div>\n\t\t\t\t<div class=\"elementor-element elementor-element-48165c8 elementor-widget elementor-widget-text-editor\" data-id=\"48165c8\" data-element_type=\"widget\" data-e-type=\"widget\" data-widget_type=\"text-editor.default\">\n\t\t\t\t<div class=\"elementor-widget-container\">\n\t\t\t\t\t\t\t\t\t<p>Parce qu\u2019un enfant dessine avant tout pour s\u2019amuser, il fait lui apprendre \u00e0 se donner la libert\u00e9 d\u2019imaginer son dessin comme il le sent. Permettez-lui d\u2019y mettre sa note et posez-lui des questions.<\/p>\t\t\t\t\t\t\t\t<\/div>\n\t\t\t\t<\/div>\n\t\t\t\t\t<\/div>\n\t\t<\/div>\n\t\t\t\t<div class=\"elementor-column elementor-col-33 elementor-top-column elementor-element elementor-element-60a7372\" data-id=\"60a7372\" data-element_type=\"column\" data-e-type=\"column\">\n\t\t\t<div class=\"elementor-widget-wrap\">\n\t\t\t\t\t\t\t<\/div>\n\t\t<\/div>\n\t\t\t\t\t<\/div>\n\t\t<\/section>\n\t\t\t\t<section class=\"elementor-section elementor-top-section elementor-element elementor-element-bbfc7da elementor-section-boxed elementor-section-height-default elementor-section-height-default\" data-id=\"bbfc7da\" data-element_type=\"section\" data-e-type=\"section\" data-settings=\"{&quot;background_background&quot;:&quot;classic&quot;}\">\n\t\t\t\t\t\t<div class=\"elementor-container elementor-column-gap-default\">\n\t\t\t\t\t<div class=\"elementor-column elementor-col-33 elementor-top-column elementor-element elementor-element-f2e6244\" data-id=\"f2e6244\" data-element_type=\"column\" data-e-type=\"column\">\n\t\t\t<div class=\"elementor-widget-wrap\">\n\t\t\t\t\t\t\t<\/div>\n\t\t<\/div>\n\t\t\t\t<div class=\"elementor-column elementor-col-33 elementor-top-column elementor-element elementor-element-4c27955\" data-id=\"4c27955\" data-element_type=\"column\" data-e-type=\"column\" data-settings=\"{&quot;background_background&quot;:&quot;classic&quot;}\">\n\t\t\t<div class=\"elementor-widget-wrap elementor-element-populated\">\n\t\t\t\t\t\t<div class=\"elementor-element elementor-element-7fe42f1 elementor-widget elementor-widget-heading\" data-id=\"7fe42f1\" data-element_type=\"widget\" data-e-type=\"widget\" data-widget_type=\"heading.default\">\n\t\t\t\t<div class=\"elementor-widget-container\">\n\t\t\t\t\t<h1 class=\"elementor-heading-title elementor-size-medium\">Guide Terre &amp; Feu<\/h1>\t\t\t\t<\/div>\n\t\t\t\t<\/div>\n\t\t\t\t<div class=\"elementor-element elementor-element-8049f1b elementor-widget elementor-widget-text-editor\" data-id=\"8049f1b\" data-element_type=\"widget\" data-e-type=\"widget\" data-widget_type=\"text-editor.default\">\n\t\t\t\t<div class=\"elementor-widget-container\">\n\t\t\t\t\t\t\t\t\t<p>D\u00e9couvrez les trucs et astuces en arts plastiques des ateliers Terre &amp; Feu :<\/p>\t\t\t\t\t\t\t\t<\/div>\n\t\t\t\t<\/div>\n\t\t\t\t<section class=\"elementor-section elementor-inner-section elementor-element elementor-element-720898a elementor-section-boxed elementor-section-height-default elementor-section-height-default\" data-id=\"720898a\" data-element_type=\"section\" data-e-type=\"section\">\n\t\t\t\t\t\t<div class=\"elementor-container elementor-column-gap-default\">\n\t\t\t\t\t<div class=\"elementor-column elementor-col-50 elementor-inner-column elementor-element elementor-element-0cf1980\" data-id=\"0cf1980\" data-element_type=\"column\" data-e-type=\"column\">\n\t\t\t<div class=\"elementor-widget-wrap elementor-element-populated\">\n\t\t\t\t\t\t<div class=\"elementor-element elementor-element-fdca152 elementor-widget elementor-widget-text-editor\" data-id=\"fdca152\" data-element_type=\"widget\" data-e-type=\"widget\" data-widget_type=\"text-editor.default\">\n\t\t\t\t<div class=\"elementor-widget-container\">\n\t\t\t\t\t\t\t\t\t<p><strong><a href=\"https:\/\/www.terre-et-feu.com\/paris\/dessin-pastel-pourquoi-opter-pour-le-pastel\/\">&gt;<\/a> <a href=\"https:\/\/www.terre-et-feu.com\/paris\/dessin-pastel-pourquoi-opter-pour-le-pastel\/\">Dessin pastel : Pourquoi opter pour le pastel<\/a><\/strong><br \/><strong><a href=\"https:\/\/www.terre-et-feu.com\/paris\/aquarelle-facile-comment-devenir-un-pro-rapidement\/\">&gt; Aquarelle facile : comment devenir un pro rapidement<\/a><\/strong><br \/><a href=\"https:\/\/www.terre-et-feu.com\/paris\/apprendre-le-dessin-les-astuces\/\"><strong>&gt; Apprendre le dessin : Les astuces<\/strong><\/a><br \/><a href=\"https:\/\/www.terre-et-feu.com\/paris\/laquarelle-pas-a-pas\/\"><strong>&gt; L\u2019aquarelle pas \u00e0 pas<\/strong><\/a><br \/><a href=\"https:\/\/www.terre-et-feu.com\/paris\/conseils-pour-apprendre-a-dessiner-des-animaux\/\"><strong>&gt; Conseils pour apprendre \u00e0 dessiner des animaux<\/strong><\/a><br \/><a href=\"https:\/\/www.terre-et-feu.com\/paris\/dessiner-facilement-grace-aux-meilleures-astuces\/\"><strong>&gt; Dessiner facilement gr\u00e2ce aux meilleures astuces<\/strong><\/a><br \/><a href=\"https:\/\/www.terre-et-feu.com\/paris\/technique-peinture-acrylique-que-faut-il-savoir\/\"><strong>&gt; Technique peinture acrylique : Que faut-il savoir<\/strong><\/a><br \/><a href=\"https:\/\/www.terre-et-feu.com\/paris\/formation-artistique-quapprend-on-exactement\/\"><strong>&gt; Formation artistique : Qu\u2019apprend-on exactement ?<\/strong><\/a><\/p>\t\t\t\t\t\t\t\t<\/div>\n\t\t\t\t<\/div>\n\t\t\t\t\t<\/div>\n\t\t<\/div>\n\t\t\t\t<div class=\"elementor-column elementor-col-50 elementor-inner-column elementor-element elementor-element-efa6f49\" data-id=\"efa6f49\" data-element_type=\"column\" data-e-type=\"column\">\n\t\t\t<div class=\"elementor-widget-wrap elementor-element-populated\">\n\t\t\t\t\t\t<div class=\"elementor-element elementor-element-7e84793 elementor-widget elementor-widget-text-editor\" data-id=\"7e84793\" data-element_type=\"widget\" data-e-type=\"widget\" data-widget_type=\"text-editor.default\">\n\t\t\t\t<div class=\"elementor-widget-container\">\n\t\t\t\t\t\t\t\t\t<p><a href=\"https:\/\/www.terre-et-feu.com\/paris\/apprendre-le-dessin\/\"><strong>&gt; Apprendre le dessin : Les \u00e9tapes \u00e0 suivre pour un portrait<\/strong><\/a><br \/><a href=\"https:\/\/www.terre-et-feu.com\/paris\/peinture-acrylique-sur-toile-conseil-pour-reussir\/\"><strong>&gt; Peinture acrylique sur toile : Conseil pour r\u00e9ussir<\/strong><\/a><br \/><a href=\"https:\/\/www.terre-et-feu.com\/paris\/enfant-apprendre-dessiner\/\"><strong>&gt; Enfant : apprendre \u00e0 dessiner en 3 \u00e9tapes<\/strong><\/a><br \/><a href=\"https:\/\/www.terre-et-feu.com\/paris\/reussir-un-dessin-au-pastel\/\"><strong>&gt; Conseils pour r\u00e9ussir un dessin au pastel<\/strong><\/a><br \/><a href=\"https:\/\/www.terre-et-feu.com\/paris\/dessiner-un-corps-humain\/\"><strong>&gt; Dessiner un corps humain<\/strong><\/a><br \/><a href=\"https:\/\/www.terre-et-feu.com\/paris\/formation-en-dessin-contenu\/\"><strong>&gt; Formation en dessin : quel est le contenu<\/strong><\/a><br \/><a href=\"https:\/\/www.terre-et-feu.com\/paris\/metiers-artistiques-comment-choisir-sa-formation\/\"><strong>&gt; M\u00e9tiers artistiques : Comment choisir sa formation<\/strong><\/a><\/p>\t\t\t\t\t\t\t\t<\/div>\n\t\t\t\t<\/div>\n\t\t\t\t\t<\/div>\n\t\t<\/div>\n\t\t\t\t\t<\/div>\n\t\t<\/section>\n\t\t\t\t\t<\/div>\n\t\t<\/div>\n\t\t\t\t<div class=\"elementor-column elementor-col-33 elementor-top-column elementor-element elementor-element-449859d\" data-id=\"449859d\" data-element_type=\"column\" data-e-type=\"column\">\n\t\t\t<div class=\"elementor-widget-wrap\">\n\t\t\t\t\t\t\t<\/div>\n\t\t<\/div>\n\t\t\t\t\t<\/div>\n\t\t<\/section>\n\t\t\t\t<\/div>\n\t\t","protected":false},"excerpt":{"rendered":"<p>Enfant : apprendre \u00e0 dessiner en 3 \u00e9tapes Enfant : apprendre \u00e0 dessiner en 3 \u00e9tapes Enfant : apprendre \u00e0 dessiner en 3 \u00e9tapes Dessiner comme un enfant signifie qu\u2019on ne sait pas vraiment dessiner. Pourtant certains enfants nous \u00e9tonnent vraiment et semblent \u00eatre bien dou\u00e9s. Voici 3 \u00e9tapes pour bien d\u00e9buter dans le dessin [&hellip;]<\/p>\n","protected":false},"author":1,"featured_media":0,"parent":0,"menu_order":0,"comment_status":"closed","ping_status":"closed","template":"elementor_header_footer","meta":{"_acf_changed":false,"footnotes":""},"class_list":["post-141","page","type-page","status-publish","hentry"],"acf":[],"aioseo_notices":[],"_links":{"self":[{"href":"https:\/\/www.terre-et-feu.com\/paris\/wp-json\/wp\/v2\/pages\/141","targetHints":{"allow":["GET"]}}],"collection":[{"href":"https:\/\/www.terre-et-feu.com\/paris\/wp-json\/wp\/v2\/pages"}],"about":[{"href":"https:\/\/www.terre-et-feu.com\/paris\/wp-json\/wp\/v2\/types\/page"}],"author":[{"embeddable":true,"href":"https:\/\/www.terre-et-feu.com\/paris\/wp-json\/wp\/v2\/users\/1"}],"replies":[{"embeddable":true,"href":"https:\/\/www.terre-et-feu.com\/paris\/wp-json\/wp\/v2\/comments?post=141"}],"version-history":[{"count":0,"href":"https:\/\/www.terre-et-feu.com\/paris\/wp-json\/wp\/v2\/pages\/141\/revisions"}],"wp:attachment":[{"href":"https:\/\/www.terre-et-feu.com\/paris\/wp-json\/wp\/v2\/media?parent=141"}],"curies":[{"name":"wp","href":"https:\/\/api.w.org\/{rel}","templated":true}]}}