{"id":2168,"date":"2024-06-03T12:25:42","date_gmt":"2024-06-03T10:25:42","guid":{"rendered":"https:\/\/www.terre-et-feu.com\/paris\/?page_id=2168"},"modified":"2025-10-22T17:58:03","modified_gmt":"2025-10-22T15:58:03","slug":"atelier-de-modelage-paris","status":"publish","type":"page","link":"https:\/\/www.terre-et-feu.com\/paris\/atelier-de-modelage-paris\/","title":{"rendered":"Atelier de modelage Paris"},"content":{"rendered":"\t\t<div data-elementor-type=\"wp-page\" data-elementor-id=\"2168\" class=\"elementor elementor-2168\" data-elementor-settings=\"{&quot;element_pack_global_tooltip_width&quot;:{&quot;unit&quot;:&quot;px&quot;,&quot;size&quot;:&quot;&quot;,&quot;sizes&quot;:[]},&quot;element_pack_global_tooltip_width_tablet&quot;:{&quot;unit&quot;:&quot;px&quot;,&quot;size&quot;:&quot;&quot;,&quot;sizes&quot;:[]},&quot;element_pack_global_tooltip_width_mobile&quot;:{&quot;unit&quot;:&quot;px&quot;,&quot;size&quot;:&quot;&quot;,&quot;sizes&quot;:[]},&quot;element_pack_global_tooltip_padding&quot;:{&quot;unit&quot;:&quot;px&quot;,&quot;top&quot;:&quot;&quot;,&quot;right&quot;:&quot;&quot;,&quot;bottom&quot;:&quot;&quot;,&quot;left&quot;:&quot;&quot;,&quot;isLinked&quot;:true},&quot;element_pack_global_tooltip_padding_tablet&quot;:{&quot;unit&quot;:&quot;px&quot;,&quot;top&quot;:&quot;&quot;,&quot;right&quot;:&quot;&quot;,&quot;bottom&quot;:&quot;&quot;,&quot;left&quot;:&quot;&quot;,&quot;isLinked&quot;:true},&quot;element_pack_global_tooltip_padding_mobile&quot;:{&quot;unit&quot;:&quot;px&quot;,&quot;top&quot;:&quot;&quot;,&quot;right&quot;:&quot;&quot;,&quot;bottom&quot;:&quot;&quot;,&quot;left&quot;:&quot;&quot;,&quot;isLinked&quot;:true},&quot;element_pack_global_tooltip_border_radius&quot;:{&quot;unit&quot;:&quot;px&quot;,&quot;top&quot;:&quot;&quot;,&quot;right&quot;:&quot;&quot;,&quot;bottom&quot;:&quot;&quot;,&quot;left&quot;:&quot;&quot;,&quot;isLinked&quot;:true},&quot;element_pack_global_tooltip_border_radius_tablet&quot;:{&quot;unit&quot;:&quot;px&quot;,&quot;top&quot;:&quot;&quot;,&quot;right&quot;:&quot;&quot;,&quot;bottom&quot;:&quot;&quot;,&quot;left&quot;:&quot;&quot;,&quot;isLinked&quot;:true},&quot;element_pack_global_tooltip_border_radius_mobile&quot;:{&quot;unit&quot;:&quot;px&quot;,&quot;top&quot;:&quot;&quot;,&quot;right&quot;:&quot;&quot;,&quot;bottom&quot;:&quot;&quot;,&quot;left&quot;:&quot;&quot;,&quot;isLinked&quot;:true}}\" data-elementor-post-type=\"page\">\n\t\t\t\t\t\t<section class=\"elementor-section elementor-top-section elementor-element elementor-element-4313ca5 elementor-section-boxed elementor-section-height-default elementor-section-height-default\" data-id=\"4313ca5\" data-element_type=\"section\" data-e-type=\"section\">\n\t\t\t\t\t\t<div class=\"elementor-container elementor-column-gap-default\">\n\t\t\t\t\t<div class=\"elementor-column elementor-col-100 elementor-top-column elementor-element elementor-element-64910a2\" data-id=\"64910a2\" data-element_type=\"column\" data-e-type=\"column\">\n\t\t\t<div class=\"elementor-widget-wrap elementor-element-populated\">\n\t\t\t\t\t\t<div class=\"elementor-element elementor-element-d6a4a62 elementor-widget elementor-widget-image\" data-id=\"d6a4a62\" data-element_type=\"widget\" data-e-type=\"widget\" data-widget_type=\"image.default\">\n\t\t\t\t<div class=\"elementor-widget-container\">\n\t\t\t\t\t\t\t\t\t\t\t\t\t\t\t<img fetchpriority=\"high\" decoding=\"async\" width=\"2381\" height=\"396\" src=\"https:\/\/www.terre-et-feu.com\/paris\/wp-content\/uploads\/sites\/3\/2021\/03\/slide_sculpture_paris17.jpg\" class=\"attachment-full size-full wp-image-500\" alt=\"\" srcset=\"https:\/\/www.terre-et-feu.com\/paris\/wp-content\/uploads\/sites\/3\/2021\/03\/slide_sculpture_paris17.jpg 2381w, https:\/\/www.terre-et-feu.com\/paris\/wp-content\/uploads\/sites\/3\/2021\/03\/slide_sculpture_paris17-768x128.jpg 768w, https:\/\/www.terre-et-feu.com\/paris\/wp-content\/uploads\/sites\/3\/2021\/03\/slide_sculpture_paris17-1536x255.jpg 1536w, https:\/\/www.terre-et-feu.com\/paris\/wp-content\/uploads\/sites\/3\/2021\/03\/slide_sculpture_paris17-2048x341.jpg 2048w\" sizes=\"(max-width: 2381px) 100vw, 2381px\" \/>\t\t\t\t\t\t\t\t\t\t\t\t\t\t\t<\/div>\n\t\t\t\t<\/div>\n\t\t\t\t\t<\/div>\n\t\t<\/div>\n\t\t\t\t\t<\/div>\n\t\t<\/section>\n\t\t\t\t<section class=\"elementor-section elementor-top-section elementor-element elementor-element-707f264 elementor-section-boxed elementor-section-height-default elementor-section-height-default\" data-id=\"707f264\" data-element_type=\"section\" data-e-type=\"section\">\n\t\t\t\t\t\t<div class=\"elementor-container elementor-column-gap-default\">\n\t\t\t\t\t<div class=\"elementor-column elementor-col-33 elementor-top-column elementor-element elementor-element-4a163ab\" data-id=\"4a163ab\" data-element_type=\"column\" data-e-type=\"column\">\n\t\t\t<div class=\"elementor-widget-wrap\">\n\t\t\t\t\t\t\t<\/div>\n\t\t<\/div>\n\t\t\t\t<div class=\"elementor-column elementor-col-33 elementor-top-column elementor-element elementor-element-36c21e1\" data-id=\"36c21e1\" data-element_type=\"column\" data-e-type=\"column\">\n\t\t\t<div class=\"elementor-widget-wrap elementor-element-populated\">\n\t\t\t\t\t\t<div class=\"elementor-element elementor-element-5e6aa67 elementor-widget elementor-widget-heading\" data-id=\"5e6aa67\" data-element_type=\"widget\" data-e-type=\"widget\" data-widget_type=\"heading.default\">\n\t\t\t\t<div class=\"elementor-widget-container\">\n\t\t\t\t\t<h1 class=\"elementor-heading-title elementor-size-default\">Atelier de modelage \u00e0 Paris : une exp\u00e9rience artistique et technique <\/h1>\t\t\t\t<\/div>\n\t\t\t\t<\/div>\n\t\t\t\t<div class=\"elementor-element elementor-element-c158c1c elementor-widget elementor-widget-text-editor\" data-id=\"c158c1c\" data-element_type=\"widget\" data-e-type=\"widget\" data-widget_type=\"text-editor.default\">\n\t\t\t\t<div class=\"elementor-widget-container\">\n\t\t\t\t\t\t\t\t\t<p>D\u00e9couvrez les cours de sculpture et modelage pour adultes \u00e0 Paris, une exp\u00e9rience artistique enrichissante qui vous permet de d\u00e9velopper votre cr\u00e9ativit\u00e9 et d&rsquo;acqu\u00e9rir de nouvelles comp\u00e9tences. Nos ateliers Terre &amp; Feu offrent un environnement stimulant o\u00f9 vous pouvez explorer diff\u00e9rentes techniques et travailler avec divers types de terre, sous la direction de professeurs passionn\u00e9s et exp\u00e9riment\u00e9s. Que vous soyez d\u00e9butant ou confirm\u00e9, nos cours sont adapt\u00e9s \u00e0 tous les niveaux et vous invitent \u00e0 plonger dans l&rsquo;univers fascinant du modelage.<\/p><p>Terre et Feu est un atelier de peinture \u00e0 Paris, cr\u00e9\u00e9 il y a 20 ans et reconnu pour l\u2019excellence de son \u00e9quipe p\u00e9dagogique, et de ses cours de modelage.<br \/><strong>Vous pourrez choisir entre nos 3 ateliers de\u00a0<a href=\"https:\/\/www.terre-et-feu.com\/paris-3\/\">Paris 3e R\u00e9publique<\/a>,\u00a0<a href=\"https:\/\/www.terre-et-feu.com\/paris-14\/\">Paris 14e Al\u00e9sia<\/a>,\u00a0<a href=\"https:\/\/www.terre-et-feu.com\/paris-17\/\">Paris 17e Villiers<\/a> con\u00e7us comme de v\u00e9ritables lieux de formation et de cr\u00e9ation artistique.<\/strong><\/p>\t\t\t\t\t\t\t\t<\/div>\n\t\t\t\t<\/div>\n\t\t\t\t<div class=\"elementor-element elementor-element-daf7430 elementor-widget elementor-widget-heading\" data-id=\"daf7430\" data-element_type=\"widget\" data-e-type=\"widget\" data-widget_type=\"heading.default\">\n\t\t\t\t<div class=\"elementor-widget-container\">\n\t\t\t\t\t<h2 class=\"elementor-heading-title elementor-size-default\">Le plaisir d'apprendre le modelage<\/h2>\t\t\t\t<\/div>\n\t\t\t\t<\/div>\n\t\t\t\t<div class=\"elementor-element elementor-element-bfc795b elementor-widget elementor-widget-text-editor\" data-id=\"bfc795b\" data-element_type=\"widget\" data-e-type=\"widget\" data-widget_type=\"text-editor.default\">\n\t\t\t\t<div class=\"elementor-widget-container\">\n\t\t\t\t\t\t\t\t\t<p>Le modelage est une forme d&rsquo;art ancien qui permet de <strong>fa\u00e7onner la terre pour cr\u00e9er des \u0153uvres tridimensionnelles.<\/strong> Ce processus cr\u00e9atif est \u00e0 la fois relaxant et gratifiant, offrant une \u00e9vasion bienvenue du stress quotidien. Travailler l&rsquo;argile avec vos mains stimule votre imagination et votre sens du toucher, tout en vous connectant avec une tradition artistique mill\u00e9naire.<\/p><p>Nos cours de modelage sont con\u00e7us pour offrir un <strong>apprentissage progressif et personnalis\u00e9<\/strong>. Chaque \u00e9l\u00e8ve avance \u00e0 son propre rythme, b\u00e9n\u00e9ficiant d&rsquo;une attention individuelle de la part de nos professeurs. Que vous souhaitiez <strong>r\u00e9aliser des sculptures figuratives, des objets utilitaires ou des \u0153uvres abstraites<\/strong>, vous recevrez les conseils n\u00e9cessaires pour atteindre vos objectifs artistiques.<\/p>\t\t\t\t\t\t\t\t<\/div>\n\t\t\t\t<\/div>\n\t\t\t\t<div class=\"elementor-element elementor-element-74eaae9 elementor-widget elementor-widget-heading\" data-id=\"74eaae9\" data-element_type=\"widget\" data-e-type=\"widget\" data-widget_type=\"heading.default\">\n\t\t\t\t<div class=\"elementor-widget-container\">\n\t\t\t\t\t<h2 class=\"elementor-heading-title elementor-size-default\">Modeler dans un environnement adapt\u00e9 et cr\u00e9atif<\/h2>\t\t\t\t<\/div>\n\t\t\t\t<\/div>\n\t\t\t\t<div class=\"elementor-element elementor-element-165c314 elementor-widget elementor-widget-text-editor\" data-id=\"165c314\" data-element_type=\"widget\" data-e-type=\"widget\" data-widget_type=\"text-editor.default\">\n\t\t\t\t<div class=\"elementor-widget-container\">\n\t\t\t\t\t\t\t\t\t<p>Le modelage offre une vari\u00e9t\u00e9 de techniques et de mat\u00e9riaux \u00e0 explorer. Vous apprendrez \u00e0 manipuler <strong>diff\u00e9rents types de terre \u2013 blanche, rouge et noire<\/strong> \u2013 chacune ayant ses propres caract\u00e9ristiques et applications. Nos cours couvrent \u00e9galement l&rsquo;utilisation de techniques sp\u00e9cifiques comme <strong>le modelage, le grattage, l&rsquo;\u00e9vidage et la patine<\/strong>, vous permettant d&rsquo;\u00e9largir votre palette cr\u00e9ative et de ma\u00eetriser chaque \u00e9tape du processus de cr\u00e9ation.<\/p><p>L&rsquo;atelier Terre &amp; Feu est un espace d\u00e9di\u00e9 \u00e0 la cr\u00e9ativit\u00e9 et \u00e0 l&rsquo;expression artistique. Travailler dans un environnement convivial et stimulant avec d&rsquo;autres passionn\u00e9s d&rsquo;art favorise les \u00e9changes et l&rsquo;inspiration mutuelle. Nos cours se d\u00e9roulent en petits groupes, ce qui permet \u00e0 chacun de b\u00e9n\u00e9ficier d&rsquo;un suivi personnalis\u00e9 tout en profitant de l&rsquo;esprit d&rsquo;entraide et de collaboration.<\/p>\t\t\t\t\t\t\t\t<\/div>\n\t\t\t\t<\/div>\n\t\t\t\t<div class=\"elementor-element elementor-element-bf830a2 elementor-widget elementor-widget-template\" data-id=\"bf830a2\" data-element_type=\"widget\" data-e-type=\"widget\" data-widget_type=\"template.default\">\n\t\t\t\t<div class=\"elementor-widget-container\">\n\t\t\t\t\t\t\t<div class=\"elementor-template\">\n\t\t\t\t\t<div data-elementor-type=\"container\" data-elementor-id=\"2300\" class=\"elementor elementor-2300\" data-elementor-post-type=\"elementor_library\">\n\t\t\t\t<div class=\"elementor-element elementor-element-0caa54f e-flex e-con-boxed e-con e-parent\" data-id=\"0caa54f\" data-element_type=\"container\" data-e-type=\"container\">\n\t\t\t\t\t<div class=\"e-con-inner\">\n\t\t<div class=\"elementor-element elementor-element-8ef6463 e-con-full e-flex e-con e-child\" data-id=\"8ef6463\" data-element_type=\"container\" data-e-type=\"container\">\n\t\t<div class=\"elementor-element elementor-element-1178feb e-con-full e-flex e-con e-child\" data-id=\"1178feb\" data-element_type=\"container\" data-e-type=\"container\">\n\t\t\t\t<div class=\"elementor-element elementor-element-dc50eaa elementor-widget elementor-widget-text-editor\" data-id=\"dc50eaa\" data-element_type=\"widget\" data-e-type=\"widget\" data-widget_type=\"text-editor.default\">\n\t\t\t\t<div class=\"elementor-widget-container\">\n\t\t\t\t\t\t\t\t\t<div class=\"cours-body\"><p>Le choix d\u2019une formation et du professeur est tr\u00e8s important. En tenant compte de vos souhaits et de vos disponibilit\u00e9s, nous vous guiderons dans votre choix.<br \/><strong>Il ne reste que quelques places disponibles, inscrivez-vous rapidement !\u00a0<\/strong><\/p><p><strong>Contact :<\/strong><strong>\u00a0<a class=\"btn_header_call\" style=\"color: #fcac23;\" href=\"tel:0145771010\" target=\"_blank\" rel=\"noopener\">01 45 77 10 10<\/a><\/strong><br \/>ou<\/p><\/div>\t\t\t\t\t\t\t\t<\/div>\n\t\t\t\t<\/div>\n\t\t\t\t<div class=\"elementor-element elementor-element-d2e2e58 elementor-align-center elementor-widget elementor-widget-button\" data-id=\"d2e2e58\" data-element_type=\"widget\" data-e-type=\"widget\" data-widget_type=\"button.default\">\n\t\t\t\t<div class=\"elementor-widget-container\">\n\t\t\t\t\t\t\t\t\t<div class=\"elementor-button-wrapper\">\n\t\t\t\t\t<a class=\"elementor-button elementor-button-link elementor-size-sm\" href=\"#elementor-action%3Aaction%3Dpopup%3Aopen%26settings%3DeyJpZCI6IjIyMTEiLCJ0b2dnbGUiOmZhbHNlfQ%3D%3D\">\n\t\t\t\t\t\t<span class=\"elementor-button-content-wrapper\">\n\t\t\t\t\t\t\t\t\t<span class=\"elementor-button-text\">DEMANDE DE CONTACT<\/span>\n\t\t\t\t\t<\/span>\n\t\t\t\t\t<\/a>\n\t\t\t\t<\/div>\n\t\t\t\t\t\t\t\t<\/div>\n\t\t\t\t<\/div>\n\t\t\t\t<\/div>\n\t\t\t\t<\/div>\n\t\t\t\t\t<\/div>\n\t\t\t\t<\/div>\n\t\t<div class=\"elementor-element elementor-element-2761248 e-flex e-con-boxed e-con e-parent\" data-id=\"2761248\" data-element_type=\"container\" data-e-type=\"container\">\n\t\t\t\t\t<div class=\"e-con-inner\">\n\t\t\t\t\t<\/div>\n\t\t\t\t<\/div>\n\t\t\t\t<\/div>\n\t\t\t\t<\/div>\n\t\t\t\t\t\t<\/div>\n\t\t\t\t<\/div>\n\t\t\t\t<div class=\"elementor-element elementor-element-d21b13f elementor-widget elementor-widget-text-editor\" data-id=\"d21b13f\" data-element_type=\"widget\" data-e-type=\"widget\" data-widget_type=\"text-editor.default\">\n\t\t\t\t<div class=\"elementor-widget-container\">\n\t\t\t\t\t\t\t\t\t<p><strong>Les cours de sculpture et modelage pour adultes \u00e0 Paris chez Terre &amp; Feu<\/strong> sont une invitation \u00e0 d\u00e9couvrir et \u00e0 approfondir votre passion pour l&rsquo;art. Que vous soyez d\u00e9butant ou artiste confirm\u00e9, nos ateliers vous offrent les outils et le soutien n\u00e9cessaires pour explorer votre cr\u00e9ativit\u00e9 et r\u00e9aliser des \u0153uvres uniques. Rejoignez-nous pour une aventure artistique inspirante et d\u00e9veloppez vos talents dans un environnement convivial et enrichissant.<\/p><p>Nous proposons aussi des <a href=\"https:\/\/www.terre-et-feu.com\/paris\/tournage\/\">cours de tournage<\/a> si vous souhaitez \u00e9galement d\u00e9couvrir cette technique sp\u00e9ficique de modelage.<\/p>\t\t\t\t\t\t\t\t<\/div>\n\t\t\t\t<\/div>\n\t\t\t\t\t<\/div>\n\t\t<\/div>\n\t\t\t\t<div class=\"elementor-column elementor-col-33 elementor-top-column elementor-element elementor-element-e2c66fd\" data-id=\"e2c66fd\" data-element_type=\"column\" data-e-type=\"column\">\n\t\t\t<div class=\"elementor-widget-wrap\">\n\t\t\t\t\t\t\t<\/div>\n\t\t<\/div>\n\t\t\t\t\t<\/div>\n\t\t<\/section>\n\t\t\t\t<section class=\"elementor-section elementor-top-section elementor-element elementor-element-a5265e8 elementor-section-boxed elementor-section-height-default elementor-section-height-default\" data-id=\"a5265e8\" data-element_type=\"section\" data-e-type=\"section\">\n\t\t\t\t\t\t<div class=\"elementor-container elementor-column-gap-default\">\n\t\t\t\t\t<div class=\"elementor-column elementor-col-100 elementor-top-column elementor-element elementor-element-83a09af\" data-id=\"83a09af\" data-element_type=\"column\" data-e-type=\"column\">\n\t\t\t<div class=\"elementor-widget-wrap elementor-element-populated\">\n\t\t\t\t\t\t<div class=\"elementor-element elementor-element-cc98520 elementor-widget elementor-widget-heading\" data-id=\"cc98520\" data-element_type=\"widget\" data-e-type=\"widget\" data-widget_type=\"heading.default\">\n\t\t\t\t<div class=\"elementor-widget-container\">\n\t\t\t\t\t<h2 class=\"elementor-heading-title elementor-size-medium\">Notre atelier de modelage, \u00e0 Paris pour mieux r\u00e9pondre \u00e0 vos attentes\n<\/h2>\t\t\t\t<\/div>\n\t\t\t\t<\/div>\n\t\t\t\t<section class=\"elementor-section elementor-inner-section elementor-element elementor-element-d2ebf8a elementor-section-boxed elementor-section-height-default elementor-section-height-default\" data-id=\"d2ebf8a\" data-element_type=\"section\" data-e-type=\"section\">\n\t\t\t\t\t\t<div class=\"elementor-container elementor-column-gap-default\">\n\t\t\t\t\t<div class=\"elementor-column elementor-col-33 elementor-inner-column elementor-element elementor-element-b4d0b3b\" data-id=\"b4d0b3b\" data-element_type=\"column\" data-e-type=\"column\">\n\t\t\t<div class=\"elementor-widget-wrap elementor-element-populated\">\n\t\t\t\t\t\t<div class=\"elementor-element elementor-element-a137378 elementor-widget elementor-widget-heading\" data-id=\"a137378\" data-element_type=\"widget\" data-e-type=\"widget\" data-widget_type=\"heading.default\">\n\t\t\t\t<div class=\"elementor-widget-container\">\n\t\t\t\t\t<h2 class=\"elementor-heading-title elementor-size-default\"><a href=\"https:\/\/www.terre-et-feu.com\/paris-3\/\" target=\"_blank\">ATELIER<br>Paris 3e R\u00e9publique<\/a><\/h2>\t\t\t\t<\/div>\n\t\t\t\t<\/div>\n\t\t\t\t<div class=\"elementor-element elementor-element-3a66d65 elementor-widget elementor-widget-heading\" data-id=\"3a66d65\" data-element_type=\"widget\" data-e-type=\"widget\" data-widget_type=\"heading.default\">\n\t\t\t\t<div class=\"elementor-widget-container\">\n\t\t\t\t\t<h3 class=\"elementor-heading-title elementor-size-default\"><a href=\"https:\/\/www.terre-et-feu.com\/paris-3\/sculpture-et-modelage\/\" target=\"_blank\"><strong>Cours de Sculpture Modelage<\/strong><br>\n\u00e0 Paris 3e R\u00e9publique<\/a><\/h3>\t\t\t\t<\/div>\n\t\t\t\t<\/div>\n\t\t\t\t<div class=\"elementor-element elementor-element-d1299f5 elementor-widget elementor-widget-heading\" data-id=\"d1299f5\" data-element_type=\"widget\" data-e-type=\"widget\" data-widget_type=\"heading.default\">\n\t\t\t\t<div class=\"elementor-widget-container\">\n\t\t\t\t\t<h3 class=\"elementor-heading-title elementor-size-default\"><a href=\"https:\/\/www.terre-et-feu.com\/paris-3\/peinture-adultes\/\" target=\"_blank\"><strong>Cours de Mod\u00e8le Vivant<\/strong><br>\n\u00e0 Paris 3e R\u00e9publique<\/a><\/h3>\t\t\t\t<\/div>\n\t\t\t\t<\/div>\n\t\t\t\t<div class=\"elementor-element elementor-element-5a74a01 elementor-widget elementor-widget-heading\" data-id=\"5a74a01\" data-element_type=\"widget\" data-e-type=\"widget\" data-widget_type=\"heading.default\">\n\t\t\t\t<div class=\"elementor-widget-container\">\n\t\t\t\t\t<h2 class=\"elementor-heading-title elementor-size-default\"><strong>Programme Junior<\/strong><br>\n\u00e0 Paris 3e R\u00e9publique<\/h2>\t\t\t\t<\/div>\n\t\t\t\t<\/div>\n\t\t\t\t<div class=\"elementor-element elementor-element-249895f elementor-widget elementor-widget-heading\" data-id=\"249895f\" data-element_type=\"widget\" data-e-type=\"widget\" data-widget_type=\"heading.default\">\n\t\t\t\t<div class=\"elementor-widget-container\">\n\t\t\t\t\t<h3 class=\"elementor-heading-title elementor-size-default\"><a href=\"https:\/\/www.terre-et-feu.com\/paris-3\/modelage-peinture-enfants\/\" target=\"_blank\"><strong>Cours pour enfants<br \/>Poterie - C\u00e9ramique - Modelage<\/strong><br>\n\u00e0 Paris 3e R\u00e9publique<\/a><\/h3>\t\t\t\t<\/div>\n\t\t\t\t<\/div>\n\t\t\t\t\t<\/div>\n\t\t<\/div>\n\t\t\t\t<div class=\"elementor-column elementor-col-33 elementor-inner-column elementor-element elementor-element-7b2f624\" data-id=\"7b2f624\" data-element_type=\"column\" data-e-type=\"column\">\n\t\t\t<div class=\"elementor-widget-wrap elementor-element-populated\">\n\t\t\t\t\t\t<div class=\"elementor-element elementor-element-0f164a1 elementor-widget elementor-widget-heading\" data-id=\"0f164a1\" data-element_type=\"widget\" data-e-type=\"widget\" data-widget_type=\"heading.default\">\n\t\t\t\t<div class=\"elementor-widget-container\">\n\t\t\t\t\t<h2 class=\"elementor-heading-title elementor-size-default\"><a href=\"https:\/\/www.terre-et-feu.com\/paris-14\/\" target=\"_blank\">ATELIER<br>Paris 14e Al\u00e9sia<\/a><\/h2>\t\t\t\t<\/div>\n\t\t\t\t<\/div>\n\t\t\t\t<div class=\"elementor-element elementor-element-e390b92 elementor-widget elementor-widget-heading\" data-id=\"e390b92\" data-element_type=\"widget\" data-e-type=\"widget\" data-widget_type=\"heading.default\">\n\t\t\t\t<div class=\"elementor-widget-container\">\n\t\t\t\t\t<h3 class=\"elementor-heading-title elementor-size-default\"><a href=\"https:\/\/www.terre-et-feu.com\/paris-14\/sculpture-et-modelage-adultes\/\" target=\"_blank\"><strong>Cours de Sculpture Modelage<\/strong><br>\n\u00e0 Paris 14e Al\u00e9sia<\/a><\/h3>\t\t\t\t<\/div>\n\t\t\t\t<\/div>\n\t\t\t\t<div class=\"elementor-element elementor-element-2ab7823 elementor-widget elementor-widget-heading\" data-id=\"2ab7823\" data-element_type=\"widget\" data-e-type=\"widget\" data-widget_type=\"heading.default\">\n\t\t\t\t<div class=\"elementor-widget-container\">\n\t\t\t\t\t<h3 class=\"elementor-heading-title elementor-size-default\"><a href=\"https:\/\/www.terre-et-feu.com\/paris-14\/peinture-dessin-modele-vivant\/\" target=\"_blank\"><strong>Cours de Mod\u00e8le Vivant<\/strong><br>\n\u00e0 Paris 14e Al\u00e9sia<\/a><\/h3>\t\t\t\t<\/div>\n\t\t\t\t<\/div>\n\t\t\t\t<div class=\"elementor-element elementor-element-0dad9e6 elementor-widget elementor-widget-heading\" data-id=\"0dad9e6\" data-element_type=\"widget\" data-e-type=\"widget\" data-widget_type=\"heading.default\">\n\t\t\t\t<div class=\"elementor-widget-container\">\n\t\t\t\t\t<h2 class=\"elementor-heading-title elementor-size-default\"><strong>Programme Junior<\/strong><br>\n\u00e0 Paris 14e Al\u00e9sia<\/h2>\t\t\t\t<\/div>\n\t\t\t\t<\/div>\n\t\t\t\t<div class=\"elementor-element elementor-element-a77ea37 elementor-widget elementor-widget-heading\" data-id=\"a77ea37\" data-element_type=\"widget\" data-e-type=\"widget\" data-widget_type=\"heading.default\">\n\t\t\t\t<div class=\"elementor-widget-container\">\n\t\t\t\t\t<h3 class=\"elementor-heading-title elementor-size-default\"><a href=\"https:\/\/www.terre-et-feu.com\/paris-14\/modelage-peinture-enfants\/\" target=\"_blank\"><strong>Cours pour enfants<br \/>Poterie - C\u00e9ramique - Modelage - Peinture<\/strong><br>\n\u00e0 Paris 14e Al\u00e9sia<\/a><\/h3>\t\t\t\t<\/div>\n\t\t\t\t<\/div>\n\t\t\t\t\t<\/div>\n\t\t<\/div>\n\t\t\t\t<div class=\"elementor-column elementor-col-33 elementor-inner-column elementor-element elementor-element-b7c5cd7\" data-id=\"b7c5cd7\" data-element_type=\"column\" data-e-type=\"column\">\n\t\t\t<div class=\"elementor-widget-wrap elementor-element-populated\">\n\t\t\t\t\t\t<div class=\"elementor-element elementor-element-3002e45 elementor-widget elementor-widget-heading\" data-id=\"3002e45\" data-element_type=\"widget\" data-e-type=\"widget\" data-widget_type=\"heading.default\">\n\t\t\t\t<div class=\"elementor-widget-container\">\n\t\t\t\t\t<h2 class=\"elementor-heading-title elementor-size-default\"><a href=\"https:\/\/www.terre-et-feu.com\/paris-17\/\" target=\"_blank\">ATELIER<br>Paris 17e Villiers<\/a><\/h2>\t\t\t\t<\/div>\n\t\t\t\t<\/div>\n\t\t\t\t<div class=\"elementor-element elementor-element-33c5096 elementor-widget elementor-widget-heading\" data-id=\"33c5096\" data-element_type=\"widget\" data-e-type=\"widget\" data-widget_type=\"heading.default\">\n\t\t\t\t<div class=\"elementor-widget-container\">\n\t\t\t\t\t<h3 class=\"elementor-heading-title elementor-size-default\"><a href=\"https:\/\/www.terre-et-feu.com\/paris-17\/sculpture-et-modelage-adultes\/\" target=\"_blank\"><strong>Cours de Sculpture Modelage<\/strong><br>\n\u00e0 Paris 17e Villiers<\/a><\/h3>\t\t\t\t<\/div>\n\t\t\t\t<\/div>\n\t\t\t\t<div class=\"elementor-element elementor-element-50a6ba5 elementor-widget elementor-widget-heading\" data-id=\"50a6ba5\" data-element_type=\"widget\" data-e-type=\"widget\" data-widget_type=\"heading.default\">\n\t\t\t\t<div class=\"elementor-widget-container\">\n\t\t\t\t\t<h3 class=\"elementor-heading-title elementor-size-default\"><a href=\"https:\/\/www.terre-et-feu.com\/paris-17\/cours-modele-vivant\/\" target=\"_blank\"><strong>Cours de Mod\u00e8le Vivant<\/strong><br>\n\u00e0 Paris 17e Villiers<\/a><\/h3>\t\t\t\t<\/div>\n\t\t\t\t<\/div>\n\t\t\t\t<div class=\"elementor-element elementor-element-fccc1ff elementor-widget elementor-widget-heading\" data-id=\"fccc1ff\" data-element_type=\"widget\" data-e-type=\"widget\" data-widget_type=\"heading.default\">\n\t\t\t\t<div class=\"elementor-widget-container\">\n\t\t\t\t\t<h2 class=\"elementor-heading-title elementor-size-default\"><strong>Programme Junior<\/strong><br>\n\u00e0 Paris 17e Villiers<\/h2>\t\t\t\t<\/div>\n\t\t\t\t<\/div>\n\t\t\t\t<div class=\"elementor-element elementor-element-cd64ccc elementor-widget elementor-widget-heading\" data-id=\"cd64ccc\" data-element_type=\"widget\" data-e-type=\"widget\" data-widget_type=\"heading.default\">\n\t\t\t\t<div class=\"elementor-widget-container\">\n\t\t\t\t\t<h3 class=\"elementor-heading-title elementor-size-default\"><a href=\"https:\/\/www.terre-et-feu.com\/paris-17\/peinture-modelage-ados\/\" target=\"_blank\"><strong>Cours pour enfants<br \/>Poterie - C\u00e9ramique - Modelage - Peinture<\/strong><br>\n\u00e0 Paris 17e Villiers<\/a><\/h3>\t\t\t\t<\/div>\n\t\t\t\t<\/div>\n\t\t\t\t\t<\/div>\n\t\t<\/div>\n\t\t\t\t\t<\/div>\n\t\t<\/section>\n\t\t\t\t\t<\/div>\n\t\t<\/div>\n\t\t\t\t\t<\/div>\n\t\t<\/section>\n\t\t\t\t<\/div>\n\t\t","protected":false},"excerpt":{"rendered":"<p>Atelier de modelage \u00e0 Paris : une exp\u00e9rience artistique et technique D\u00e9couvrez les cours de sculpture et modelage pour adultes \u00e0 Paris, une exp\u00e9rience artistique enrichissante qui vous permet de d\u00e9velopper votre cr\u00e9ativit\u00e9 et d&rsquo;acqu\u00e9rir de nouvelles comp\u00e9tences. Nos ateliers Terre &amp; Feu offrent un environnement stimulant o\u00f9 vous pouvez explorer diff\u00e9rentes techniques et travailler [&hellip;]<\/p>\n","protected":false},"author":1,"featured_media":0,"parent":0,"menu_order":0,"comment_status":"closed","ping_status":"closed","template":"elementor_header_footer","meta":{"_acf_changed":false,"footnotes":""},"class_list":["post-2168","page","type-page","status-publish","hentry"],"acf":[],"aioseo_notices":[],"_links":{"self":[{"href":"https:\/\/www.terre-et-feu.com\/paris\/wp-json\/wp\/v2\/pages\/2168","targetHints":{"allow":["GET"]}}],"collection":[{"href":"https:\/\/www.terre-et-feu.com\/paris\/wp-json\/wp\/v2\/pages"}],"about":[{"href":"https:\/\/www.terre-et-feu.com\/paris\/wp-json\/wp\/v2\/types\/page"}],"author":[{"embeddable":true,"href":"https:\/\/www.terre-et-feu.com\/paris\/wp-json\/wp\/v2\/users\/1"}],"replies":[{"embeddable":true,"href":"https:\/\/www.terre-et-feu.com\/paris\/wp-json\/wp\/v2\/comments?post=2168"}],"version-history":[{"count":16,"href":"https:\/\/www.terre-et-feu.com\/paris\/wp-json\/wp\/v2\/pages\/2168\/revisions"}],"predecessor-version":[{"id":3455,"href":"https:\/\/www.terre-et-feu.com\/paris\/wp-json\/wp\/v2\/pages\/2168\/revisions\/3455"}],"wp:attachment":[{"href":"https:\/\/www.terre-et-feu.com\/paris\/wp-json\/wp\/v2\/media?parent=2168"}],"curies":[{"name":"wp","href":"https:\/\/api.w.org\/{rel}","templated":true}]}}