{"id":3643,"date":"2026-02-24T15:34:44","date_gmt":"2026-02-24T14:34:44","guid":{"rendered":"https:\/\/www.terre-et-feu.com\/paris\/?page_id=3643"},"modified":"2026-02-24T15:36:43","modified_gmt":"2026-02-24T14:36:43","slug":"conditions-generales-de-ventes-2","status":"publish","type":"page","link":"https:\/\/www.terre-et-feu.com\/paris\/conditions-generales-de-ventes-2\/","title":{"rendered":"Conditions G\u00e9n\u00e9rales de Ventes"},"content":{"rendered":"\t\t<div data-elementor-type=\"wp-page\" data-elementor-id=\"3643\" class=\"elementor elementor-3643\" data-elementor-settings=\"{&quot;element_pack_global_tooltip_width&quot;:{&quot;unit&quot;:&quot;px&quot;,&quot;size&quot;:&quot;&quot;,&quot;sizes&quot;:[]},&quot;element_pack_global_tooltip_width_tablet&quot;:{&quot;unit&quot;:&quot;px&quot;,&quot;size&quot;:&quot;&quot;,&quot;sizes&quot;:[]},&quot;element_pack_global_tooltip_width_mobile&quot;:{&quot;unit&quot;:&quot;px&quot;,&quot;size&quot;:&quot;&quot;,&quot;sizes&quot;:[]},&quot;element_pack_global_tooltip_padding&quot;:{&quot;unit&quot;:&quot;px&quot;,&quot;top&quot;:&quot;&quot;,&quot;right&quot;:&quot;&quot;,&quot;bottom&quot;:&quot;&quot;,&quot;left&quot;:&quot;&quot;,&quot;isLinked&quot;:true},&quot;element_pack_global_tooltip_padding_tablet&quot;:{&quot;unit&quot;:&quot;px&quot;,&quot;top&quot;:&quot;&quot;,&quot;right&quot;:&quot;&quot;,&quot;bottom&quot;:&quot;&quot;,&quot;left&quot;:&quot;&quot;,&quot;isLinked&quot;:true},&quot;element_pack_global_tooltip_padding_mobile&quot;:{&quot;unit&quot;:&quot;px&quot;,&quot;top&quot;:&quot;&quot;,&quot;right&quot;:&quot;&quot;,&quot;bottom&quot;:&quot;&quot;,&quot;left&quot;:&quot;&quot;,&quot;isLinked&quot;:true},&quot;element_pack_global_tooltip_border_radius&quot;:{&quot;unit&quot;:&quot;px&quot;,&quot;top&quot;:&quot;&quot;,&quot;right&quot;:&quot;&quot;,&quot;bottom&quot;:&quot;&quot;,&quot;left&quot;:&quot;&quot;,&quot;isLinked&quot;:true},&quot;element_pack_global_tooltip_border_radius_tablet&quot;:{&quot;unit&quot;:&quot;px&quot;,&quot;top&quot;:&quot;&quot;,&quot;right&quot;:&quot;&quot;,&quot;bottom&quot;:&quot;&quot;,&quot;left&quot;:&quot;&quot;,&quot;isLinked&quot;:true},&quot;element_pack_global_tooltip_border_radius_mobile&quot;:{&quot;unit&quot;:&quot;px&quot;,&quot;top&quot;:&quot;&quot;,&quot;right&quot;:&quot;&quot;,&quot;bottom&quot;:&quot;&quot;,&quot;left&quot;:&quot;&quot;,&quot;isLinked&quot;:true}}\" data-elementor-post-type=\"page\">\n\t\t\t\t\t\t<section class=\"elementor-section elementor-top-section elementor-element elementor-element-8c124f5 elementor-section-boxed elementor-section-height-default elementor-section-height-default\" data-id=\"8c124f5\" data-element_type=\"section\" data-e-type=\"section\">\n\t\t\t\t\t\t<div class=\"elementor-container elementor-column-gap-default\">\n\t\t\t\t\t<div class=\"elementor-column elementor-col-33 elementor-top-column elementor-element elementor-element-132614d\" data-id=\"132614d\" data-element_type=\"column\" data-e-type=\"column\">\n\t\t\t<div class=\"elementor-widget-wrap\">\n\t\t\t\t\t\t\t<\/div>\n\t\t<\/div>\n\t\t\t\t<div class=\"elementor-column elementor-col-33 elementor-top-column elementor-element elementor-element-680b5fe\" data-id=\"680b5fe\" data-element_type=\"column\" data-e-type=\"column\">\n\t\t\t<div class=\"elementor-widget-wrap elementor-element-populated\">\n\t\t\t\t\t\t<div class=\"elementor-element elementor-element-599a484 elementor-widget elementor-widget-heading\" data-id=\"599a484\" data-element_type=\"widget\" data-e-type=\"widget\" data-widget_type=\"heading.default\">\n\t\t\t\t<div class=\"elementor-widget-container\">\n\t\t\t\t\t<h1 class=\"elementor-heading-title elementor-size-default\">Conditions G\u00e9n\u00e9rales de Vente<\/h1>\t\t\t\t<\/div>\n\t\t\t\t<\/div>\n\t\t\t\t<div class=\"elementor-element elementor-element-d447482 elementor-widget elementor-widget-text-editor\" data-id=\"d447482\" data-element_type=\"widget\" data-e-type=\"widget\" data-widget_type=\"text-editor.default\">\n\t\t\t\t<div class=\"elementor-widget-container\">\n\t\t\t\t\t\t\t\t\t<h3><b style=\"font-family: -apple-system, BlinkMacSystemFont, 'Segoe UI', Roboto, 'Helvetica Neue', Arial, 'Noto Sans', sans-serif, 'Apple Color Emoji', 'Segoe UI Emoji', 'Segoe UI Symbol', 'Noto Color Emoji';font-size: 1rem\">SAS JUNE \u2013 Terre &amp; Feu<\/b><\/h3><p><b style=\"font-family: -apple-system, BlinkMacSystemFont, 'Segoe UI', Roboto, 'Helvetica Neue', Arial, 'Noto Sans', sans-serif, 'Apple Color Emoji', 'Segoe UI Emoji', 'Segoe UI Symbol', 'Noto Color Emoji';font-size: 1rem\">\u00a0<\/b><\/p><h2><b>Article 1 \u2013 Identification de l\u2019organisme<\/b><\/h2><p><span style=\"font-family: -apple-system, BlinkMacSystemFont, 'Segoe UI', Roboto, 'Helvetica Neue', Arial, 'Noto Sans', sans-serif, 'Apple Color Emoji', 'Segoe UI Emoji', 'Segoe UI Symbol', 'Noto Color Emoji';font-size: 1rem\">Les pr\u00e9sentes Conditions G\u00e9n\u00e9rales de Vente (CGV) r\u00e9gissent les prestations propos\u00e9es par :\u00a0<\/span><\/p><p><span style=\"font-weight: 400\">\u00a0<\/span><\/p><p><b>SAS JUNE<\/b><\/p><p><span style=\"font-weight: 400\">SIREN : 978 100 311<\/span><\/p><p><span style=\"font-weight: 400\">Si\u00e8ge social : 3 Rue Guy Baillereau, 37540 Saint-Cyr-sur-Loire<\/span><\/p><p><span style=\"font-weight: 400\">Organisme de formation d\u00e9clar\u00e9 sous le num\u00e9ro 24370487437 aupr\u00e8s du pr\u00e9fet de r\u00e9gion Centre-Val de Loire<\/span><\/p><p><span style=\"font-weight: 400\">Marque exploit\u00e9e : <\/span><b>Terre &amp; Feu<\/b><\/p><p><span style=\"font-weight: 400\">Site internet : <\/span><span style=\"font-weight: 400\">www.terre-et-feu.com<\/span><\/p><p><span style=\"font-weight: 400\">Les formations sont dispens\u00e9es notamment au :\u00a0<\/span><span style=\"font-family: -apple-system, BlinkMacSystemFont, 'Segoe UI', Roboto, 'Helvetica Neue', Arial, 'Noto Sans', sans-serif, 'Apple Color Emoji', 'Segoe UI Emoji', 'Segoe UI Symbol', 'Noto Color Emoji';font-size: 1rem\">8 cit\u00e9 Dupetit-Thouars, 75003 Paris.<\/span><\/p><p><span style=\"font-weight: 400\">\u00a0<\/span><\/p><h2><b>Article 2 \u2013 Champ d\u2019application<\/b><\/h2><p><span style=\"font-weight: 400\">Les pr\u00e9sentes CGV s\u2019appliquent :<\/span><\/p><ul><li><span style=\"font-weight: 400\"> aux particuliers finan\u00e7ant leur formation (B2C)<\/span><\/li><li><span style=\"font-weight: 400\"> aux entreprises inscrivant un salari\u00e9 (B2B)<\/span><\/li><li><span style=\"font-weight: 400\"> aux formations financ\u00e9es par un OPCO<\/span><\/li><\/ul><div>\u00a0<\/div><p><span style=\"font-weight: 400\">Toute inscription ou paiement en ligne implique l\u2019acceptation pleine et enti\u00e8re des pr\u00e9sentes CGV.<\/span><\/p><p><span style=\"font-weight: 400\">\u00a0<\/span><\/p><h2><b>Article 3 \u2013 Nature des prestations<\/b><\/h2><p><span style=\"font-weight: 400\">Les formations rel\u00e8vent du domaine des arts plastiques (Cat\u00e9gorie 132 \u2013 Code du travail) et comprennent notamment :<\/span><\/p><ul><li><span style=\"font-weight: 400\"> Peinture \u2013 Dessin<\/span><\/li><li><span style=\"font-weight: 400\"> Illustration \u2013 BD \u2013 Manga<\/span><\/li><li><span style=\"font-weight: 400\"> C\u00e9ramique<\/span><\/li><li><span style=\"font-weight: 400\"> Sculpture \u2013 Modelage<\/span><\/li><li><span style=\"font-weight: 400\"> Ateliers de professionnalisation<\/span><\/li><\/ul><div>\u00a0<\/div><h2><b>Article 4 \u2013 Modalit\u00e9s d\u2019inscription et conclusion du contrat<\/b><\/h2><h5><b>4.1 Formation financ\u00e9e \u00e0 titre individuel<\/b><\/h5><p><span style=\"font-family: -apple-system, BlinkMacSystemFont, 'Segoe UI', Roboto, 'Helvetica Neue', Arial, 'Noto Sans', sans-serif, 'Apple Color Emoji', 'Segoe UI Emoji', 'Segoe UI Symbol', 'Noto Color Emoji';font-size: 1rem\">Un <\/span><b style=\"font-family: -apple-system, BlinkMacSystemFont, 'Segoe UI', Roboto, 'Helvetica Neue', Arial, 'Noto Sans', sans-serif, 'Apple Color Emoji', 'Segoe UI Emoji', 'Segoe UI Symbol', 'Noto Color Emoji';font-size: 1rem\">contrat de formation professionnelle<\/b><span style=\"font-family: -apple-system, BlinkMacSystemFont, 'Segoe UI', Roboto, 'Helvetica Neue', Arial, 'Noto Sans', sans-serif, 'Apple Color Emoji', 'Segoe UI Emoji', 'Segoe UI Symbol', 'Noto Color Emoji';font-size: 1rem\"> est \u00e9tabli conform\u00e9ment aux articles L6353-3 \u00e0 L6353-7 du Code du travail.<\/span><\/p><p><span style=\"font-weight: 400\">\u00a0<\/span><\/p><h5><b>4.2 Formation financ\u00e9e par une entreprise ou un OPCO<\/b><\/h5><p><span style=\"font-weight: 400\">Une <\/span><b>convention de formation professionnelle<\/b><span style=\"font-weight: 400\"> est \u00e9tablie conform\u00e9ment aux articles L6353-1 et suivants du Code du travail.<\/span><\/p><p><span style=\"font-weight: 400\">\u00a0<\/span><\/p><h5><b>4.3 Paiement en ligne<\/b><\/h5><p><span style=\"font-weight: 400\">Lorsque le paiement est effectu\u00e9 via Stripe :<\/span><\/p><ul><li><span style=\"font-weight: 400\"> le paiement vaut validation d\u00e9finitive de l\u2019inscription<\/span><\/li><li><span style=\"font-weight: 400\"> l\u2019acceptation pr\u00e9alable des pr\u00e9sentes CGV est obligatoire<\/span><\/li><li><span style=\"font-weight: 400\"> un email de confirmation formalise la conclusion du contrat<\/span><\/li><\/ul><div>\u00a0<\/div><h2><b>Article 5 \u2013 Prix et modalit\u00e9s financi\u00e8res<\/b><\/h2><p><span style=\"font-weight: 400\">Les prix sont indiqu\u00e9s en euros.<\/span><\/p><p><span style=\"font-weight: 400\">\u00a0<\/span><\/p><p><span style=\"font-weight: 400\">Le paiement peut \u00eatre :<\/span><\/p><ul><li><span style=\"font-weight: 400\"> en une fois<\/span><\/li><li><span style=\"font-weight: 400\"> \u00e9chelonn\u00e9 selon un calendrier contractuel<\/span><\/li><\/ul><p><span style=\"font-weight: 400\">\u00a0<\/span><\/p><p><span style=\"font-weight: 400\">Pour les contrats individuels :<\/span><\/p><ul><li><span style=\"font-weight: 400\"> aucun paiement ne peut intervenir avant l\u2019expiration du d\u00e9lai de r\u00e9tractation<\/span><\/li><li><span style=\"font-weight: 400\"> le premier versement ne peut exc\u00e9der 30 % du prix total<\/span><\/li><\/ul><div>\u00a0<\/div><h2><b>Article 6 \u2013 Droit de r\u00e9tractation (B2C)<\/b><\/h2><p><span style=\"font-weight: 400\">Conform\u00e9ment \u00e0 l\u2019article L6353-5 du Code du travail :<\/span><\/p><p><span style=\"font-weight: 400\">Le stagiaire dispose d\u2019un d\u00e9lai de <\/span><b>14 jours<\/b><span style=\"font-weight: 400\"> \u00e0 compter de la signature du contrat pour se r\u00e9tracter.<\/span><\/p><p><span style=\"font-weight: 400\">La r\u00e9tractation doit \u00eatre notifi\u00e9e par lettre recommand\u00e9e avec accus\u00e9 de r\u00e9ception.<\/span><\/p><p><span style=\"font-weight: 400\">Aucune somme ne peut \u00eatre exig\u00e9e avant l\u2019expiration de ce d\u00e9lai.<\/span><\/p><p><span style=\"font-weight: 400\">\u00a0<\/span><\/p><h2><b>Article 7 \u2013 Annulation, abandon et non-remboursement\u00a0<\/b><\/h2><h5><b style=\"font-family: inherit\">7.1 Principe<\/b><\/h5><p><span style=\"font-weight: 400\">Toute inscription engage le stagiaire pour la dur\u00e9e et le montant total de la formation, sauf exercice du droit de r\u00e9tractation.<\/span><\/p><p><span style=\"font-weight: 400\">Les sommes vers\u00e9es ne sont pas remboursables, sauf cas limitativement pr\u00e9vus.<\/span><\/p><p><span style=\"font-weight: 400\">\u00a0<\/span><\/p><h5><b>7.2 Force majeure<\/b><\/h5><p><span style=\"font-weight: 400\">En cas d\u2019\u00e9v\u00e9nement r\u00e9pondant aux crit\u00e8res de l\u2019article 1218 du Code civil (ext\u00e9rieur, impr\u00e9visible, irr\u00e9sistible) et d\u00fbment justifi\u00e9 :<\/span><\/p><p><span style=\"font-weight: 400\">Le contrat est r\u00e9sili\u00e9.<\/span><\/p><p><span style=\"font-weight: 400\">Seules les prestations effectivement dispens\u00e9es restent dues.<\/span><\/p><p><span style=\"font-weight: 400\">Les sommes correspondant aux prestations non r\u00e9alis\u00e9es sont rembours\u00e9es au prorata temporis.<\/span><\/p><h5><span style=\"font-weight: 400\"><br \/><\/span><b>7.3 Abandon hors force majeure (B2C)<\/b><\/h5><p><span style=\"font-weight: 400\">En cas d\u2019abandon volontaire ou d\u2019absence prolong\u00e9e non justifi\u00e9e par un cas de force majeure :<\/span><\/p><ul><li><span style=\"font-weight: 400\"> l\u2019int\u00e9gralit\u00e9 du prix reste due<\/span><\/li><li><span style=\"font-weight: 400\"> les sommes d\u00e9j\u00e0 vers\u00e9es demeurent acquises<\/span><\/li><li><span style=\"font-weight: 400\"> le solde devient imm\u00e9diatement exigible<\/span><\/li><\/ul><p><span style=\"font-weight: 400\">Cette disposition se justifie par la r\u00e9servation nominative d\u2019une place au sein d\u2019un effectif limit\u00e9.<\/span><\/p><p><span style=\"font-weight: 400\">\u00a0<\/span><\/p><h5><b>7.4 Dispositions sp\u00e9cifiques B2B \/ OPCO<\/b><\/h5><p><span style=\"font-weight: 400\">Pour les formations financ\u00e9es par une entreprise ou un OPCO :<\/span><\/p><ul><li><span style=\"font-weight: 400\"> Toute annulation moins de 14 jours avant le d\u00e9but entra\u00eene la facturation de 100 % du montant.<\/span><\/li><li><span style=\"font-weight: 400\"> En cas d\u2019abandon du salari\u00e9 hors force majeure, la totalit\u00e9 du montant reste due.<\/span><\/li><li><span style=\"font-weight: 400\"> Les p\u00e9nalit\u00e9s ou d\u00e9dits ne peuvent \u00eatre imput\u00e9s sur un financement OPCO.<\/span><\/li><\/ul><p><b>\u00a0<\/b><\/p><h5><b>7.5 Annulation par l\u2019organisme<\/b><\/h5><p><span style=\"font-weight: 400\">En cas d\u2019annulation par SAS JUNE :<\/span><\/p><ul><li><span style=\"font-weight: 400\"> remboursement des sommes vers\u00e9es<\/span><\/li><\/ul><p><span style=\"font-weight: 400\">ou<\/span><\/p><ul><li><span style=\"font-weight: 400\"> report avec accord du stagiaire<\/span><\/li><\/ul><div>\u00a0<\/div><h2><b>Article 8 \u2013 S\u00e9ance d\u00e9couverte<\/b><\/h2><h5><b>8.1 Nature<\/b><\/h5><p><span style=\"font-weight: 400\">La s\u00e9ance d\u00e9couverte constitue une prestation ponctuelle sans engagement annuel.<\/span><\/p><p><span style=\"font-weight: 400\">\u00a0<\/span><\/p><h5><b>8.2 R\u00e9servation<\/b><\/h5><p><span style=\"font-weight: 400\">La r\u00e9servation est confirm\u00e9e apr\u00e8s paiement en ligne.<\/span><\/p><p><span style=\"font-weight: 400\">Le paiement vaut r\u00e9servation ferme d\u2019une place nominative.<\/span><\/p><p><span style=\"font-weight: 400\">\u00a0<\/span><\/p><h5><b>8.3 Annulation par le participant<\/b><\/h5><p><span style=\"font-weight: 400\">Toute annulation :<\/span><\/p><ul><li><span style=\"font-weight: 400\"> moins de 48 heures avant la s\u00e9ance<\/span><\/li><li><span style=\"font-weight: 400\"> ou en cas d\u2019absence<\/span><\/li><\/ul><p><span style=\"font-weight: 400\">ne donne lieu \u00e0 aucun remboursement.<\/span><\/p><p><span style=\"font-weight: 400\">\u00a0<\/span><\/p><p><span style=\"font-weight: 400\">Toute annulation plus de 48 heures avant pourra donner lieu :<\/span><\/p><ul><li><span style=\"font-weight: 400\"> \u00e0 un report (selon disponibilit\u00e9s)<\/span><\/li><li><span style=\"font-weight: 400\"> ou \u00e0 un remboursement<\/span><\/li><\/ul><h5><br \/><b>8.4 Annulation par l\u2019organisme<\/b><\/h5><p><span style=\"font-weight: 400\">En cas d\u2019annulation par Terre &amp; Feu :<\/span><\/p><ul><li><span style=\"font-weight: 400\"> la s\u00e9ance est report\u00e9e<\/span><\/li><\/ul><p><span style=\"font-weight: 400\">ou<\/span><\/p><ul><li><span style=\"font-weight: 400\"> le montant est int\u00e9gralement rembours\u00e9<\/span><\/li><\/ul><div>\u00a0<\/div><h2><b>Article 9 \u2013 Obligations du stagiaire<\/b><\/h2><p><span style=\"font-weight: 400\">Le stagiaire s\u2019engage \u00e0 :<\/span><\/p><ul><li><span style=\"font-weight: 400\"> respecter le r\u00e8glement int\u00e9rieur<\/span><\/li><li><span style=\"font-weight: 400\"> adopter un comportement compatible avec un enseignement collectif<\/span><\/li><li><span style=\"font-weight: 400\"> suivre la formation avec assiduit\u00e9<\/span><\/li><\/ul><div>\u00a0<\/div><h2><b>Article 10 \u2013 Propri\u00e9t\u00e9 intellectuelle<\/b><\/h2><p><span style=\"font-weight: 400\">Les supports p\u00e9dagogiques demeurent la propri\u00e9t\u00e9 exclusive de SAS JUNE.<\/span><\/p><p><span style=\"font-weight: 400\">Toute reproduction ou diffusion est interdite sans autorisation \u00e9crite.<\/span><\/p><h2><br \/><b>Article 11 \u2013 Protection des donn\u00e9es personnelles (RGPD)<\/b><\/h2><p><span style=\"font-weight: 400\">Les donn\u00e9es collect\u00e9es sont n\u00e9cessaires :<\/span><\/p><ul><li><span style=\"font-weight: 400\"> \u00e0 l\u2019inscription<\/span><\/li><li><span style=\"font-weight: 400\"> au suivi p\u00e9dagogique<\/span><\/li><li><span style=\"font-weight: 400\"> aux obligations l\u00e9gales<\/span><\/li><\/ul><div>\u00a0<\/div><p><span style=\"font-weight: 400\">Elles sont trait\u00e9es conform\u00e9ment au R\u00e8glement (UE) 2016\/679 (RGPD) et \u00e0 la loi Informatique et Libert\u00e9s.<\/span><\/p><p><span style=\"font-weight: 400\">\u00a0<\/span><\/p><p><span style=\"font-weight: 400\">Toute personne dispose :<\/span><\/p><ul><li><span style=\"font-weight: 400\"> d\u2019un droit d\u2019acc\u00e8s<\/span><\/li><li><span style=\"font-weight: 400\"> de rectification<\/span><\/li><li><span style=\"font-weight: 400\"> d\u2019effacement<\/span><\/li><li><span style=\"font-weight: 400\"> d\u2019opposition<\/span><\/li><li><span style=\"font-weight: 400\"> de limitation<\/span><\/li><\/ul><div>\u00a0<\/div><p><span style=\"font-weight: 400\">Les demandes peuvent \u00eatre adress\u00e9es \u00e0 : info@terre-et-feu.com<\/span><\/p><p><span style=\"font-weight: 400\">Les donn\u00e9es ne sont pas c\u00e9d\u00e9es \u00e0 des tiers hors obligations l\u00e9gales ou financeurs.<\/span><\/p><p><span style=\"font-weight: 400\">\u00a0<\/span><\/p><h2><b>Article 12 \u2013 Droit \u00e0 l\u2019image<\/b><\/h2><p><span style=\"font-weight: 400\">Le stagiaire autorise l\u2019utilisation de son image \u00e0 des fins promotionnelles li\u00e9es \u00e0 l\u2019activit\u00e9 de Terre &amp; Feu, sauf opposition \u00e9crite pr\u00e9alable.<\/span><\/p><p><span style=\"font-weight: 400\">\u00a0<\/span><\/p><h2><b>Article 13 \u2013 M\u00e9diation<\/b><\/h2><p><span style=\"font-weight: 400\">Conform\u00e9ment \u00e0 l\u2019article L612-1 du Code de la consommation :<\/span><\/p><p><span style=\"font-weight: 400\">\u00a0<\/span><\/p><p><span style=\"font-weight: 400\">M\u00e9diateur :<\/span><\/p><p><b>ANM CONSOMMATION<\/b><\/p><p><span style=\"font-weight: 400\">2 Rue de Colmar \u2013 94300 Vincennes<\/span><\/p><p><span style=\"font-weight: 400\">contact@anm-conso.com<\/span><\/p><p><span style=\"font-weight: 400\">\u00a0<\/span><\/p><p><span style=\"font-weight: 400\">\u00c0 d\u00e9faut d\u2019accord amiable, les tribunaux comp\u00e9tents seront ceux du ressort de Paris.<\/span><\/p><p><span style=\"font-weight: 400\">\u00a0<\/span><\/p><h2><b>Article 14 \u2013 Droit applicable<\/b><\/h2><p><span style=\"font-weight: 400\">Les pr\u00e9sentes CGV sont soumises au droit fran\u00e7ais.<\/span><\/p>\t\t\t\t\t\t\t\t<\/div>\n\t\t\t\t<\/div>\n\t\t\t\t<div class=\"elementor-element elementor-element-379c0d0 elementor-widget elementor-widget-spacer\" data-id=\"379c0d0\" data-element_type=\"widget\" data-e-type=\"widget\" data-widget_type=\"spacer.default\">\n\t\t\t\t<div class=\"elementor-widget-container\">\n\t\t\t\t\t\t\t<div class=\"elementor-spacer\">\n\t\t\t<div class=\"elementor-spacer-inner\"><\/div>\n\t\t<\/div>\n\t\t\t\t\t\t<\/div>\n\t\t\t\t<\/div>\n\t\t\t\t\t<\/div>\n\t\t<\/div>\n\t\t\t\t<div class=\"elementor-column elementor-col-33 elementor-top-column elementor-element elementor-element-e448028\" data-id=\"e448028\" data-element_type=\"column\" data-e-type=\"column\">\n\t\t\t<div class=\"elementor-widget-wrap\">\n\t\t\t\t\t\t\t<\/div>\n\t\t<\/div>\n\t\t\t\t\t<\/div>\n\t\t<\/section>\n\t\t\t\t<section class=\"elementor-section elementor-top-section elementor-element elementor-element-0fb3a9a elementor-section-boxed elementor-section-height-default elementor-section-height-default\" data-id=\"0fb3a9a\" data-element_type=\"section\" data-e-type=\"section\">\n\t\t\t\t\t\t<div class=\"elementor-container elementor-column-gap-default\">\n\t\t\t\t\t<div class=\"elementor-column elementor-col-33 elementor-top-column elementor-element elementor-element-420f239\" data-id=\"420f239\" data-element_type=\"column\" data-e-type=\"column\">\n\t\t\t<div class=\"elementor-widget-wrap\">\n\t\t\t\t\t\t\t<\/div>\n\t\t<\/div>\n\t\t\t\t<div class=\"elementor-column elementor-col-33 elementor-top-column elementor-element elementor-element-318d4af\" data-id=\"318d4af\" data-element_type=\"column\" data-e-type=\"column\">\n\t\t\t<div class=\"elementor-widget-wrap elementor-element-populated\">\n\t\t\t\t\t\t<div class=\"elementor-element elementor-element-6ae5274 elementor-widget elementor-widget-spacer\" data-id=\"6ae5274\" data-element_type=\"widget\" data-e-type=\"widget\" data-widget_type=\"spacer.default\">\n\t\t\t\t<div class=\"elementor-widget-container\">\n\t\t\t\t\t\t\t<div class=\"elementor-spacer\">\n\t\t\t<div class=\"elementor-spacer-inner\"><\/div>\n\t\t<\/div>\n\t\t\t\t\t\t<\/div>\n\t\t\t\t<\/div>\n\t\t\t\t\t<\/div>\n\t\t<\/div>\n\t\t\t\t<div class=\"elementor-column elementor-col-33 elementor-top-column elementor-element elementor-element-b991cd1\" data-id=\"b991cd1\" data-element_type=\"column\" data-e-type=\"column\">\n\t\t\t<div class=\"elementor-widget-wrap\">\n\t\t\t\t\t\t\t<\/div>\n\t\t<\/div>\n\t\t\t\t\t<\/div>\n\t\t<\/section>\n\t\t\t\t<section class=\"elementor-section elementor-top-section elementor-element elementor-element-746d5c7 elementor-section-boxed elementor-section-height-default elementor-section-height-default\" data-id=\"746d5c7\" data-element_type=\"section\" data-e-type=\"section\">\n\t\t\t\t\t\t<div class=\"elementor-container elementor-column-gap-default\">\n\t\t\t\t\t<div class=\"elementor-column elementor-col-50 elementor-top-column elementor-element elementor-element-8520100\" data-id=\"8520100\" data-element_type=\"column\" data-e-type=\"column\">\n\t\t\t<div class=\"elementor-widget-wrap\">\n\t\t\t\t\t\t\t<\/div>\n\t\t<\/div>\n\t\t\t\t<div class=\"elementor-column elementor-col-50 elementor-top-column elementor-element elementor-element-d32a851\" data-id=\"d32a851\" data-element_type=\"column\" data-e-type=\"column\">\n\t\t\t<div class=\"elementor-widget-wrap\">\n\t\t\t\t\t\t\t<\/div>\n\t\t<\/div>\n\t\t\t\t\t<\/div>\n\t\t<\/section>\n\t\t\t\t<\/div>\n\t\t","protected":false},"excerpt":{"rendered":"<p>Conditions G\u00e9n\u00e9rales de Vente SAS JUNE \u2013 Terre &amp; Feu \u00a0 Article 1 \u2013 Identification de l\u2019organisme Les pr\u00e9sentes Conditions G\u00e9n\u00e9rales de Vente (CGV) r\u00e9gissent les prestations propos\u00e9es par :\u00a0 \u00a0 SAS JUNE SIREN : 978 100 311 Si\u00e8ge social : 3 Rue Guy Baillereau, 37540 Saint-Cyr-sur-Loire Organisme de formation d\u00e9clar\u00e9 sous le num\u00e9ro 24370487437 [&hellip;]<\/p>\n","protected":false},"author":12,"featured_media":0,"parent":0,"menu_order":0,"comment_status":"closed","ping_status":"closed","template":"elementor_header_footer","meta":{"_acf_changed":false,"footnotes":""},"class_list":["post-3643","page","type-page","status-publish","hentry"],"acf":[],"aioseo_notices":[],"_links":{"self":[{"href":"https:\/\/www.terre-et-feu.com\/paris\/wp-json\/wp\/v2\/pages\/3643","targetHints":{"allow":["GET"]}}],"collection":[{"href":"https:\/\/www.terre-et-feu.com\/paris\/wp-json\/wp\/v2\/pages"}],"about":[{"href":"https:\/\/www.terre-et-feu.com\/paris\/wp-json\/wp\/v2\/types\/page"}],"author":[{"embeddable":true,"href":"https:\/\/www.terre-et-feu.com\/paris\/wp-json\/wp\/v2\/users\/12"}],"replies":[{"embeddable":true,"href":"https:\/\/www.terre-et-feu.com\/paris\/wp-json\/wp\/v2\/comments?post=3643"}],"version-history":[{"count":5,"href":"https:\/\/www.terre-et-feu.com\/paris\/wp-json\/wp\/v2\/pages\/3643\/revisions"}],"predecessor-version":[{"id":3648,"href":"https:\/\/www.terre-et-feu.com\/paris\/wp-json\/wp\/v2\/pages\/3643\/revisions\/3648"}],"wp:attachment":[{"href":"https:\/\/www.terre-et-feu.com\/paris\/wp-json\/wp\/v2\/media?parent=3643"}],"curies":[{"name":"wp","href":"https:\/\/api.w.org\/{rel}","templated":true}]}}