{"id":25,"date":"2020-02-25T12:24:50","date_gmt":"2020-02-25T11:24:50","guid":{"rendered":"https:\/\/www.terre-et-feu.com\/rouen\/?page_id=25"},"modified":"2024-07-10T16:37:41","modified_gmt":"2024-07-10T14:37:41","slug":"horaires-inscriptions-terre-et-feu-rouen","status":"publish","type":"page","link":"https:\/\/www.terre-et-feu.com\/rouen\/horaires-inscriptions-terre-et-feu-rouen\/","title":{"rendered":"S&rsquo;INSCRIRE"},"content":{"rendered":"\t\t<div data-elementor-type=\"wp-page\" data-elementor-id=\"25\" class=\"elementor elementor-25\" data-elementor-settings=\"{&quot;element_pack_global_tooltip_width&quot;:{&quot;unit&quot;:&quot;px&quot;,&quot;size&quot;:&quot;&quot;,&quot;sizes&quot;:[]},&quot;element_pack_global_tooltip_width_tablet&quot;:{&quot;unit&quot;:&quot;px&quot;,&quot;size&quot;:&quot;&quot;,&quot;sizes&quot;:[]},&quot;element_pack_global_tooltip_width_mobile&quot;:{&quot;unit&quot;:&quot;px&quot;,&quot;size&quot;:&quot;&quot;,&quot;sizes&quot;:[]},&quot;element_pack_global_tooltip_padding&quot;:{&quot;unit&quot;:&quot;px&quot;,&quot;top&quot;:&quot;&quot;,&quot;right&quot;:&quot;&quot;,&quot;bottom&quot;:&quot;&quot;,&quot;left&quot;:&quot;&quot;,&quot;isLinked&quot;:true},&quot;element_pack_global_tooltip_padding_tablet&quot;:{&quot;unit&quot;:&quot;px&quot;,&quot;top&quot;:&quot;&quot;,&quot;right&quot;:&quot;&quot;,&quot;bottom&quot;:&quot;&quot;,&quot;left&quot;:&quot;&quot;,&quot;isLinked&quot;:true},&quot;element_pack_global_tooltip_padding_mobile&quot;:{&quot;unit&quot;:&quot;px&quot;,&quot;top&quot;:&quot;&quot;,&quot;right&quot;:&quot;&quot;,&quot;bottom&quot;:&quot;&quot;,&quot;left&quot;:&quot;&quot;,&quot;isLinked&quot;:true},&quot;element_pack_global_tooltip_border_radius&quot;:{&quot;unit&quot;:&quot;px&quot;,&quot;top&quot;:&quot;&quot;,&quot;right&quot;:&quot;&quot;,&quot;bottom&quot;:&quot;&quot;,&quot;left&quot;:&quot;&quot;,&quot;isLinked&quot;:true},&quot;element_pack_global_tooltip_border_radius_tablet&quot;:{&quot;unit&quot;:&quot;px&quot;,&quot;top&quot;:&quot;&quot;,&quot;right&quot;:&quot;&quot;,&quot;bottom&quot;:&quot;&quot;,&quot;left&quot;:&quot;&quot;,&quot;isLinked&quot;:true},&quot;element_pack_global_tooltip_border_radius_mobile&quot;:{&quot;unit&quot;:&quot;px&quot;,&quot;top&quot;:&quot;&quot;,&quot;right&quot;:&quot;&quot;,&quot;bottom&quot;:&quot;&quot;,&quot;left&quot;:&quot;&quot;,&quot;isLinked&quot;:true}}\" data-elementor-post-type=\"page\">\n\t\t\t\t\t\t<section class=\"elementor-section elementor-top-section elementor-element elementor-element-977b2a1 elementor-section-boxed elementor-section-height-default elementor-section-height-default\" data-id=\"977b2a1\" data-element_type=\"section\" data-e-type=\"section\" data-settings=\"{&quot;background_background&quot;:&quot;classic&quot;}\">\n\t\t\t\t\t\t<div class=\"elementor-container elementor-column-gap-default\">\n\t\t\t\t\t<div class=\"elementor-column elementor-col-33 elementor-top-column elementor-element elementor-element-229f202\" data-id=\"229f202\" data-element_type=\"column\" data-e-type=\"column\">\n\t\t\t<div class=\"elementor-widget-wrap\">\n\t\t\t\t\t\t\t<\/div>\n\t\t<\/div>\n\t\t\t\t<div class=\"elementor-column elementor-col-33 elementor-top-column elementor-element elementor-element-2f2d4b3\" data-id=\"2f2d4b3\" data-element_type=\"column\" data-e-type=\"column\" data-settings=\"{&quot;background_background&quot;:&quot;classic&quot;}\">\n\t\t\t<div class=\"elementor-widget-wrap elementor-element-populated\">\n\t\t\t\t\t\t<div class=\"elementor-element elementor-element-df6af1a elementor-widget elementor-widget-spacer\" data-id=\"df6af1a\" data-element_type=\"widget\" data-e-type=\"widget\" data-widget_type=\"spacer.default\">\n\t\t\t\t<div class=\"elementor-widget-container\">\n\t\t\t\t\t\t\t<div class=\"elementor-spacer\">\n\t\t\t<div class=\"elementor-spacer-inner\"><\/div>\n\t\t<\/div>\n\t\t\t\t\t\t<\/div>\n\t\t\t\t<\/div>\n\t\t\t\t<div class=\"elementor-element elementor-element-e081fa2 elementor-widget elementor-widget-heading\" data-id=\"e081fa2\" data-element_type=\"widget\" data-e-type=\"widget\" data-widget_type=\"heading.default\">\n\t\t\t\t<div class=\"elementor-widget-container\">\n\t\t\t\t\t<h1 class=\"elementor-heading-title elementor-size-default\">Modalit\u00e9s d'INSCRIPTION<\/h1>\t\t\t\t<\/div>\n\t\t\t\t<\/div>\n\t\t\t\t\t<\/div>\n\t\t<\/div>\n\t\t\t\t<div class=\"elementor-column elementor-col-33 elementor-top-column elementor-element elementor-element-b2fe07d\" data-id=\"b2fe07d\" data-element_type=\"column\" data-e-type=\"column\">\n\t\t\t<div class=\"elementor-widget-wrap\">\n\t\t\t\t\t\t\t<\/div>\n\t\t<\/div>\n\t\t\t\t\t<\/div>\n\t\t<\/section>\n\t\t\t\t<section class=\"elementor-section elementor-top-section elementor-element elementor-element-f206de5 elementor-section-boxed elementor-section-height-default elementor-section-height-default\" data-id=\"f206de5\" data-element_type=\"section\" data-e-type=\"section\">\n\t\t\t\t\t\t<div class=\"elementor-container elementor-column-gap-default\">\n\t\t\t\t\t<div class=\"elementor-column elementor-col-33 elementor-top-column elementor-element elementor-element-60f428a\" data-id=\"60f428a\" data-element_type=\"column\" data-e-type=\"column\">\n\t\t\t<div class=\"elementor-widget-wrap\">\n\t\t\t\t\t\t\t<\/div>\n\t\t<\/div>\n\t\t\t\t<div class=\"elementor-column elementor-col-33 elementor-top-column elementor-element elementor-element-8dc3943\" data-id=\"8dc3943\" data-element_type=\"column\" data-e-type=\"column\">\n\t\t\t<div class=\"elementor-widget-wrap elementor-element-populated\">\n\t\t\t\t\t\t<div class=\"elementor-element elementor-element-eed9dda elementor-align-left elementor-widget elementor-widget-button\" data-id=\"eed9dda\" data-element_type=\"widget\" data-e-type=\"widget\" data-widget_type=\"button.default\">\n\t\t\t\t<div class=\"elementor-widget-container\">\n\t\t\t\t\t\t\t\t\t<div class=\"elementor-button-wrapper\">\n\t\t\t\t\t<a class=\"elementor-button elementor-button-link elementor-size-sm\" href=\"https:\/\/www.terre-et-feu.com\/rouen\/wp-content\/uploads\/sites\/9\/2024\/07\/Calendrier-formations-adultes.pdf\">\n\t\t\t\t\t\t<span class=\"elementor-button-content-wrapper\">\n\t\t\t\t\t\t\t\t\t<span class=\"elementor-button-text\">CALENDRIER 2024 - 2025<\/span>\n\t\t\t\t\t<\/span>\n\t\t\t\t\t<\/a>\n\t\t\t\t<\/div>\n\t\t\t\t\t\t\t\t<\/div>\n\t\t\t\t<\/div>\n\t\t\t\t<div class=\"elementor-element elementor-element-ac57c88 elementor-widget elementor-widget-heading\" data-id=\"ac57c88\" data-element_type=\"widget\" data-e-type=\"widget\" data-widget_type=\"heading.default\">\n\t\t\t\t<div class=\"elementor-widget-container\">\n\t\t\t\t\t<h1 class=\"elementor-heading-title elementor-size-medium\">HORAIRES et INSCRIPTIONS 2024 - 2025\n<\/h1>\t\t\t\t<\/div>\n\t\t\t\t<\/div>\n\t\t\t\t<div class=\"elementor-element elementor-element-a9f08de elementor-widget elementor-widget-text-editor\" data-id=\"a9f08de\" data-element_type=\"widget\" data-e-type=\"widget\" data-widget_type=\"text-editor.default\">\n\t\t\t\t<div class=\"elementor-widget-container\">\n\t\t\t\t\t\t\t\t\t<p><strong>Comment s\u2019inscrire aux Ateliers d\u2019Art \u00e0 Rouen ?<\/strong><br \/>Exemple: Vous souhaitez prendre des cours de peinture, cliquez sur \u201cFORMATIONS\u00a0\u00bb dans le menu ci-dessus, puis \u00ab\u00a0Dessin Peinture\u00a0\u00bb, un descriptif des cours et d\u2019autres informations vous sont propos\u00e9s<\/p><p>Choisir un professeur ou bien une technique est tr\u00e8s important. Nous sommes disponibles pour vous guider dans votre d\u00e9marche. Contactez-nous pour \u00e9changer sur votre projet de formation, nous verrons ensemble les possibilit\u00e9s qui vous sont offertes.<\/p><p>Un cours d\u2019essai est bien s\u00fbr possible. Il est \u00e0 r\u00e9gler 40\u20ac. Cette somme sera transform\u00e9e en frais de dossier (pour la 1\u00e8re ann\u00e9e) en cas d\u2019inscription.<\/p><p><strong>Terre et Feu Rouen et le handicap<br \/><\/strong>Nous faisons tout notre possible pour accueillir les personnes en situation de handicap, retrouvez <a href=\"https:\/\/www.terre-et-feu.com\/rouen\/wp-content\/uploads\/sites\/9\/2023\/06\/accueil-handicap.pdf\">notre charte ici<\/a>.<\/p>\t\t\t\t\t\t\t\t<\/div>\n\t\t\t\t<\/div>\n\t\t\t\t<section class=\"elementor-section elementor-inner-section elementor-element elementor-element-a48e917 elementor-section-boxed elementor-section-height-default elementor-section-height-default\" data-id=\"a48e917\" data-element_type=\"section\" data-e-type=\"section\">\n\t\t\t\t\t\t<div class=\"elementor-container elementor-column-gap-default\">\n\t\t\t\t\t<div class=\"elementor-column elementor-col-33 elementor-inner-column elementor-element elementor-element-63b38b2\" data-id=\"63b38b2\" data-element_type=\"column\" data-e-type=\"column\">\n\t\t\t<div class=\"elementor-widget-wrap\">\n\t\t\t\t\t\t\t<\/div>\n\t\t<\/div>\n\t\t\t\t<div class=\"elementor-column elementor-col-33 elementor-inner-column elementor-element elementor-element-4ff22f1\" data-id=\"4ff22f1\" data-element_type=\"column\" data-e-type=\"column\">\n\t\t\t<div class=\"elementor-widget-wrap elementor-element-populated\">\n\t\t\t\t\t\t<div class=\"elementor-element elementor-element-028ea05 elementor-widget elementor-widget-text-editor\" data-id=\"028ea05\" data-element_type=\"widget\" data-e-type=\"widget\" data-widget_type=\"text-editor.default\">\n\t\t\t\t<div class=\"elementor-widget-container\">\n\t\t\t\t\t\t\t\t\t<div class=\"cours-body\">N&rsquo;h\u00e9sitez pas \u00e0 nous joindre, les inscriptions sont ouvertes !<strong><br \/>Renseignements\u00a0<\/strong><strong>: Nad\u00e8ge Blanc <\/strong><br \/><strong>T\u00e9l : 02 35 70 80 22<\/strong><br \/>ou par Mail :\u00a0<a href=\"mailto:rouen@terre-et-feu.com\">rouen@terre-et-feu.com<\/a><\/div>\t\t\t\t\t\t\t\t<\/div>\n\t\t\t\t<\/div>\n\t\t\t\t\t<\/div>\n\t\t<\/div>\n\t\t\t\t<div class=\"elementor-column elementor-col-33 elementor-inner-column elementor-element elementor-element-a33185d\" data-id=\"a33185d\" data-element_type=\"column\" data-e-type=\"column\">\n\t\t\t<div class=\"elementor-widget-wrap\">\n\t\t\t\t\t\t\t<\/div>\n\t\t<\/div>\n\t\t\t\t\t<\/div>\n\t\t<\/section>\n\t\t\t\t<section class=\"elementor-section elementor-inner-section elementor-element elementor-element-48c626a elementor-section-boxed elementor-section-height-default elementor-section-height-default\" data-id=\"48c626a\" data-element_type=\"section\" data-e-type=\"section\">\n\t\t\t\t\t\t<div class=\"elementor-container elementor-column-gap-default\">\n\t\t\t\t\t<div class=\"elementor-column elementor-col-33 elementor-inner-column elementor-element elementor-element-255b21b\" data-id=\"255b21b\" data-element_type=\"column\" data-e-type=\"column\">\n\t\t\t<div class=\"elementor-widget-wrap elementor-element-populated\">\n\t\t\t\t\t\t<div class=\"elementor-element elementor-element-80943bd elementor-widget elementor-widget-image\" data-id=\"80943bd\" data-element_type=\"widget\" data-e-type=\"widget\" data-widget_type=\"image.default\">\n\t\t\t\t<div class=\"elementor-widget-container\">\n\t\t\t\t\t\t\t\t\t\t\t\t\t\t\t<img fetchpriority=\"high\" decoding=\"async\" width=\"344\" height=\"230\" src=\"https:\/\/www.terre-et-feu.com\/rouen\/wp-content\/uploads\/sites\/9\/2020\/02\/sculpture_rouen1.jpg\" class=\"attachment-medium size-medium wp-image-47\" alt=\"\" \/>\t\t\t\t\t\t\t\t\t\t\t\t\t\t\t<\/div>\n\t\t\t\t<\/div>\n\t\t\t\t\t<\/div>\n\t\t<\/div>\n\t\t\t\t<div class=\"elementor-column elementor-col-33 elementor-inner-column elementor-element elementor-element-59bed0c\" data-id=\"59bed0c\" data-element_type=\"column\" data-e-type=\"column\">\n\t\t\t<div class=\"elementor-widget-wrap elementor-element-populated\">\n\t\t\t\t\t\t<div class=\"elementor-element elementor-element-92fbeae elementor-widget elementor-widget-image\" data-id=\"92fbeae\" data-element_type=\"widget\" data-e-type=\"widget\" data-widget_type=\"image.default\">\n\t\t\t\t<div class=\"elementor-widget-container\">\n\t\t\t\t\t\t\t\t\t\t\t\t\t\t\t<img decoding=\"async\" width=\"344\" height=\"230\" src=\"https:\/\/www.terre-et-feu.com\/rouen\/wp-content\/uploads\/sites\/9\/2020\/02\/peinture_rouen1.jpg\" class=\"attachment-medium size-medium wp-image-50\" alt=\"\" \/>\t\t\t\t\t\t\t\t\t\t\t\t\t\t\t<\/div>\n\t\t\t\t<\/div>\n\t\t\t\t\t<\/div>\n\t\t<\/div>\n\t\t\t\t<div class=\"elementor-column elementor-col-33 elementor-inner-column elementor-element elementor-element-cb7ffd5\" data-id=\"cb7ffd5\" data-element_type=\"column\" data-e-type=\"column\">\n\t\t\t<div class=\"elementor-widget-wrap elementor-element-populated\">\n\t\t\t\t\t\t<div class=\"elementor-element elementor-element-8586c14 elementor-widget elementor-widget-image\" data-id=\"8586c14\" data-element_type=\"widget\" data-e-type=\"widget\" data-widget_type=\"image.default\">\n\t\t\t\t<div class=\"elementor-widget-container\">\n\t\t\t\t\t\t\t\t\t\t\t\t\t\t\t<img decoding=\"async\" width=\"344\" height=\"230\" src=\"https:\/\/www.terre-et-feu.com\/rouen\/wp-content\/uploads\/sites\/9\/2020\/02\/BD_rouen1.jpg\" class=\"attachment-medium size-medium wp-image-51\" alt=\"\" \/>\t\t\t\t\t\t\t\t\t\t\t\t\t\t\t<\/div>\n\t\t\t\t<\/div>\n\t\t\t\t\t<\/div>\n\t\t<\/div>\n\t\t\t\t\t<\/div>\n\t\t<\/section>\n\t\t\t\t<section class=\"elementor-section elementor-inner-section elementor-element elementor-element-0a9a96d elementor-section-boxed elementor-section-height-default elementor-section-height-default\" data-id=\"0a9a96d\" data-element_type=\"section\" data-e-type=\"section\">\n\t\t\t\t\t\t<div class=\"elementor-container elementor-column-gap-default\">\n\t\t\t\t\t<div class=\"elementor-column elementor-col-100 elementor-inner-column elementor-element elementor-element-87bc0cd\" data-id=\"87bc0cd\" data-element_type=\"column\" data-e-type=\"column\">\n\t\t\t<div class=\"elementor-widget-wrap elementor-element-populated\">\n\t\t\t\t\t\t<div class=\"elementor-element elementor-element-acecd7a elementor-widget elementor-widget-heading\" data-id=\"acecd7a\" data-element_type=\"widget\" data-e-type=\"widget\" data-widget_type=\"heading.default\">\n\t\t\t\t<div class=\"elementor-widget-container\">\n\t\t\t\t\t<h1 class=\"elementor-heading-title elementor-size-medium\">Rejoindre notre Atelier Terre &amp; Feu \u00e0 Rouen<\/h1>\t\t\t\t<\/div>\n\t\t\t\t<\/div>\n\t\t\t\t<div class=\"elementor-element elementor-element-6791322 elementor-widget elementor-widget-text-editor\" data-id=\"6791322\" data-element_type=\"widget\" data-e-type=\"widget\" data-widget_type=\"text-editor.default\">\n\t\t\t\t<div class=\"elementor-widget-container\">\n\t\t\t\t\t\t\t\t\t<p>Les cours de dessin, cours de peinture, cours de sculpture, cours de c\u00e9ramique, cours d\u2019aquarelle, cours de mod\u00e8le vivant, cours de BD et de poterie sont accessibles depuis Rouen, Franqueville-Saint-Pierre, Le Grand-Quevilly, Malaunay, Maromme, Le Mesnil-Esnard, Saint-\u00c9tienne-du-Rouvray, Roncherolles-sur-le-Vivier, Le Houlme, Houppeville, Isneauville, La Neuville-Chant-d\u2019Oisel, Notre-Dame-de-Bondeville, Boos, Oissel, Le Petit-Quevilly, Saint-Aubin-Celloville, Saint-Aubin-\u00c9pinay, Saint-Jacques-sur-Darn\u00e9tal, Saint-L\u00e9ger-du-Bourg-Denis, Qu\u00e9vreville-la-Poterie, Ymare, Les Authieux-sur-le-Port-Saint-Ouen, Belbeuf, La Bouille, Canteleu, Fontaine-sous-Pr\u00e9aux, Gouy, Grand-Couronne, Hautot-sur-Seine, Montmain, Moulineaux, Petit-Couronne, Sahurs, Saint-Martin-du-Vivier, Saint-Pierre-de-Manneville, Val-de-la-Haye.<\/p>\t\t\t\t\t\t\t\t<\/div>\n\t\t\t\t<\/div>\n\t\t\t\t\t<\/div>\n\t\t<\/div>\n\t\t\t\t\t<\/div>\n\t\t<\/section>\n\t\t\t\t\t<\/div>\n\t\t<\/div>\n\t\t\t\t<div class=\"elementor-column elementor-col-33 elementor-top-column elementor-element elementor-element-b82fb0d\" data-id=\"b82fb0d\" data-element_type=\"column\" data-e-type=\"column\">\n\t\t\t<div class=\"elementor-widget-wrap\">\n\t\t\t\t\t\t\t<\/div>\n\t\t<\/div>\n\t\t\t\t\t<\/div>\n\t\t<\/section>\n\t\t\t\t<\/div>\n\t\t","protected":false},"excerpt":{"rendered":"<p>Modalit\u00e9s d&rsquo;INSCRIPTION CALENDRIER 2024 &#8211; 2025 HORAIRES et INSCRIPTIONS 2024 &#8211; 2025 Comment s\u2019inscrire aux Ateliers d\u2019Art \u00e0 Rouen ?Exemple: Vous souhaitez prendre des cours de peinture, cliquez sur \u201cFORMATIONS\u00a0\u00bb dans le menu ci-dessus, puis \u00ab\u00a0Dessin Peinture\u00a0\u00bb, un descriptif des cours et d\u2019autres informations vous sont propos\u00e9s Choisir un professeur ou bien une technique est [&hellip;]<\/p>\n","protected":false},"author":1,"featured_media":0,"parent":0,"menu_order":0,"comment_status":"closed","ping_status":"closed","template":"elementor_header_footer","meta":{"footnotes":""},"class_list":["post-25","page","type-page","status-publish","hentry"],"_links":{"self":[{"href":"https:\/\/www.terre-et-feu.com\/rouen\/wp-json\/wp\/v2\/pages\/25","targetHints":{"allow":["GET"]}}],"collection":[{"href":"https:\/\/www.terre-et-feu.com\/rouen\/wp-json\/wp\/v2\/pages"}],"about":[{"href":"https:\/\/www.terre-et-feu.com\/rouen\/wp-json\/wp\/v2\/types\/page"}],"author":[{"embeddable":true,"href":"https:\/\/www.terre-et-feu.com\/rouen\/wp-json\/wp\/v2\/users\/1"}],"replies":[{"embeddable":true,"href":"https:\/\/www.terre-et-feu.com\/rouen\/wp-json\/wp\/v2\/comments?post=25"}],"version-history":[{"count":83,"href":"https:\/\/www.terre-et-feu.com\/rouen\/wp-json\/wp\/v2\/pages\/25\/revisions"}],"predecessor-version":[{"id":2157,"href":"https:\/\/www.terre-et-feu.com\/rouen\/wp-json\/wp\/v2\/pages\/25\/revisions\/2157"}],"wp:attachment":[{"href":"https:\/\/www.terre-et-feu.com\/rouen\/wp-json\/wp\/v2\/media?parent=25"}],"curies":[{"name":"wp","href":"https:\/\/api.w.org\/{rel}","templated":true}]}}