{"id":97,"date":"2020-02-25T14:35:25","date_gmt":"2020-02-25T13:35:25","guid":{"rendered":"https:\/\/www.terre-et-feu.com\/rouen\/?page_id=97"},"modified":"2024-07-11T10:50:45","modified_gmt":"2024-07-11T08:50:45","slug":"cours-dessin-sculpture-modele-vivant","status":"publish","type":"page","link":"https:\/\/www.terre-et-feu.com\/rouen\/cours-dessin-sculpture-modele-vivant\/","title":{"rendered":"Mod\u00e8le Vivant"},"content":{"rendered":"<h2>Cours MODELE VIVANT \u00e0 Rouen<\/h2>\n<h1>Cours de MODELE VIVANT\/DESSIN PEINTURE \u00e0 Rouen<\/h1>\n<h2>Etude du nu, du mouvement, de la stylisation des formes, des ombres et lumi\u00e8res \u00e0 travers diff\u00e9rentes techniques.<\/h2>\n<p>\t\t\t\t\t\t\t\t\t\t\t\t\t<img loading=\"lazy\" decoding=\"async\" width=\"400\" height=\"270\" src=\"https:\/\/www.terre-et-feu.com\/rouen\/wp-content\/uploads\/sites\/9\/2020\/02\/MV_rouen1-400x270.jpg\" alt=\"\" \/><br \/>\n\t\t\t\t\t\t\t\t\t\t\t\t\t<img loading=\"lazy\" decoding=\"async\" width=\"400\" height=\"270\" src=\"https:\/\/www.terre-et-feu.com\/rouen\/wp-content\/uploads\/sites\/9\/2020\/02\/dessin_rouen7-400x270.jpg\" alt=\"\" \/><br \/>\n\t\t\t\t\t\t\t\t\t\t\t\t\t<img loading=\"lazy\" decoding=\"async\" width=\"400\" height=\"270\" src=\"https:\/\/www.terre-et-feu.com\/rouen\/wp-content\/uploads\/sites\/9\/2020\/02\/MV_rouen2-400x270.jpg\" alt=\"\" \/>\t\t\t\t\t\t\t\t\t\t\t\t\t<\/p>\n<p><strong>Cours de mod\u00e8le vivant : La base du dessin acad\u00e9mique<\/strong><br \/>L\u2019\u00e9tude du nu \u00e9tant la base du dessin acad\u00e9mique, il est enseign\u00e9 dans toutes les \u00e9coles d\u2019arts, on le retrouve aussi dans les \u00e9coles d\u2019arts appliqu\u00e9s, d\u2019arts d\u00e9coratifs, de BD ou de dessin anim\u00e9. C\u2019est donc naturellement que ce cours trouve sa place aux Ateliers Terre et Feu dans le cadre d\u2019une formation compl\u00e8te du dessin bas\u00e9e sur l\u2019anatomie, les postures et le mouvement. L\u2019artiste formateur intervient \u00e0 tous les niveaux pour accompagner chaque stagiaire qu\u2019il soit d\u00e9butant ou confirm\u00e9. Dans ce cours, le mouvement y est abord\u00e9, la stylisation des formes, les ombres et lumi\u00e8res, \u00e0 travers diff\u00e9rentes techniques, fusain, crayon, sanguine, encre de chine, pinceau, plume, stylo bille, etc\u2026<\/p>\n<p><strong>Cours de 2H30<\/strong><\/p>\n<p><strong>Artiste formatrice:<br \/><\/strong>\u2022 <strong>Kim Chi NGUYEN<\/strong><\/p>\n<p>\t\t\t<a href=\"https:\/\/www.terre-et-feu.com\/rouen\/wp-content\/uploads\/sites\/9\/2024\/07\/Calendrier-formations-adultes.pdf\"><br \/>\n\t\t\t\t\t\t\t\t\tCalendrier des cours<br \/>\n\t\t\t\t\t<\/a><\/p>\n<p><strong>Fournitures et infos pratiques<br \/><\/strong><\/p>\n<p>\u2022 Peinture acrylique, gouache, pastels, fusains, aquarelle et mat\u00e9riels de base fournis gratuitement<br \/>\u2022 Feuilles de papier format raisin 70 g, 90 g et 120 g gratuites<br \/>\u2022 Les participants peuvent apporter leur propre mat\u00e9riel<\/p>\n<h1>Cours de MODELE VIVANT\/SCULPTURE MODELAGE \u00e0 Rouen<\/h1>\n<h1>PROCHAINEMENT&#8230;.<\/h1>\n<h2>Apprendre, perfectionner ou exp\u00e9rimenter la sculpture, le modelage sur mod\u00e8le vivant avec des artistes confirm\u00e9s<\/h2>\n<p>\t\t\t\t\t\t\t\t\t\t\t\t\t<img loading=\"lazy\" decoding=\"async\" width=\"400\" height=\"270\" src=\"https:\/\/www.terre-et-feu.com\/rouen\/wp-content\/uploads\/sites\/9\/2020\/02\/sculpture_rouen2-400x270.png\" alt=\"\" \/><br \/>\n\t\t\t\t\t\t\t\t\t\t\t\t\t<img loading=\"lazy\" decoding=\"async\" width=\"400\" height=\"270\" src=\"https:\/\/www.terre-et-feu.com\/rouen\/wp-content\/uploads\/sites\/9\/2024\/07\/sculpture_rouen_2024-400x270.jpg\" alt=\"\" \/><br \/>\n\t\t\t\t\t\t\t\t\t\t\t\t\t<img loading=\"lazy\" decoding=\"async\" width=\"400\" height=\"270\" src=\"https:\/\/www.terre-et-feu.com\/rouen\/wp-content\/uploads\/sites\/9\/2020\/02\/sculpture_rouen3-400x270.jpg\" alt=\"\" \/>\t\t\t\t\t\t\t\t\t\t\t\t\t<\/p>\n<p><strong>Cours de sculpture \/ modelage : Initiation et perfectionnement aux fondamentaux de la sculpture sur mod\u00e8le vivant.<\/strong><br \/>Dans ces cours les techniques des model\u00e9s, des surfaces, le choix de la touche sont abord\u00e9es, de l\u2019anatomie au mouvement . Vous perfectionnez votre pratique du modelage en explorant le travail de l\u2019argile aux travers de diff\u00e9rentes outils et diff\u00e9rentes visions, acad\u00e9mique ou inspirations personnelles.<br \/>Ces cours sont bas\u00e9s sur le travail du \u201cmod\u00e8le vivant\u201d, un mod\u00e8le est pr\u00e9sent une s\u00e9ance sur deux, afin d\u2019aborder les fondamentaux pour r\u00e9aliser en volume les repr\u00e9sentations sous toutes ses formes, du corps humain.<\/p>\n<p><strong>Cours de 2h30 par semaine<br \/><\/strong><\/p>\n<p><strong>Artistes formateurs :<\/strong><br \/>\u2022 Hamoud M-Dan<\/p>\n<p>\t\t\t<a href=\"https:\/\/www.terre-et-feu.com\/rouen\/wp-content\/uploads\/sites\/9\/2024\/07\/Calendrier-formations-adultes.pdf\"><br \/>\n\t\t\t\t\t\t\t\t\tCalendrier des cours<br \/>\n\t\t\t\t\t<\/a><\/p>\n<p><strong>Fournitures et infos pratiques<br \/><\/strong><\/p>\n<p>\u2022 Tout le mat\u00e9riel de base est fourni gratuitement<br \/>Argiles (fa\u00efence), outils (\u00e9bauchoirs, mirettes\u2026), selles de sculpture, stations de travail rehauss\u00e9es\u2026<br \/>\u2022 Les participants peuvent apporter leur propre mat\u00e9riel<br \/>\u2022 Possibilit\u00e9 de r\u00e9gler en plusieurs fois<br \/>\u2022 Inscription possible en cours d\u2019ann\u00e9e<strong><br \/><\/strong><\/p>\n<p style=\"text-align: left\">Ces formations s&rsquo;adressent \u00e0 des stagiaires motiv\u00e9s \u00e9tant d\u00e9butants\u00a0 ou ayant quelques connaissances et souhaitant se perfectionner.<\/p>\n<h1>PLANNING 2024 &#8211; 2025<\/h1>\n<p>\t\t\t\t\t\t\t\t\tJEUDI<br \/>\n\t\t\t\t\t\t\t\t\tJEUDI<\/p>\n<table>\n<tbody>\n<tr>\n<td width=\"113\">de 19h<br \/>\u00e0 21h30<\/td>\n<td width=\"490\">Peinture Dessin Mod\u00e8le Vivant<br \/>Cours de 2h30<\/td>\n<\/tr>\n<\/tbody>\n<\/table>\n<p>\t\tN&rsquo;h\u00e9sitez pas \u00e0 nous joindre, les inscriptions sont ouvertes !<strong><br \/>Renseignements\u00a0<\/strong><strong>: Nad\u00e8ge Blanc <\/strong><br \/><strong>T\u00e9l : 02 35 70 80 22<\/strong><br \/>ou par Mail :\u00a0<a href=\"mailto:rouen@terre-et-feu.com\">rouen@terre-et-feu.com<\/a>\t\t<\/p>\n<h1>TARIFS 2024 &#8211; 2025<\/h1>\n<h2>Possibilit\u00e9 de payer en plusieurs fois les cours de mod\u00e8le vivant.<\/h2>\n<h4>Mod\u00e8le Vivant<br \/>PEINTURE DESSIN <br \/>2H30<\/h4>\n<p>Ann\u00e9e (35 s\u00e9ances)<br \/><strong>3 ch\u00e8ques de 408\u20ac\u00a0<\/strong><br \/>soit 13,98 \u20ac\/h<\/p>\n<p>Trimestre (12 s\u00e9ances)<br \/><strong>480,00\u20ac\u00a0<\/strong><br \/>soit 16,00 \u20ac\/h<\/p>\n<p>\t\t\t<a href=\"https:\/\/www.terre-et-feu.com\/rouen\/wp-content\/uploads\/sites\/9\/2023\/10\/Calendrier-des-formations-2023-2024.pdf\"><br \/>\n\t\t\t\t\t\t\t\t\tCalendrier des cours<br \/>\n\t\t\t\t\t<\/a><\/p>\n<h1>Rejoindre notre Atelier de Mod\u00e8le Vivant \u00e0 Rouen<\/h1>\n<p>\t\t\t<a href=\"https:\/\/www.terre-et-feu.com\/rouen\/acces\/\"><br \/>\n\t\t\t\t\t\t\t\t\tConna\u00eetre les diff\u00e9rents acc\u00e8s<br \/>\n\t\t\t\t\t<\/a><\/p>\n<p>Les cours de dessin, cours de peinture, cours de sculpture, cours de c\u00e9ramique, cours d\u2019aquarelle, cours de mod\u00e8le vivant, cours de BD et de poterie sont accessibles depuis Rouen, Franqueville-Saint-Pierre, Le Grand-Quevilly, Malaunay, Maromme, Le Mesnil-Esnard, Saint-\u00c9tienne-du-Rouvray, Roncherolles-sur-le-Vivier, Le Houlme, Houppeville, Isneauville, La Neuville-Chant-d\u2019Oisel, Notre-Dame-de-Bondeville, Boos, Oissel, Le Petit-Quevilly, Saint-Aubin-Celloville, Saint-Aubin-\u00c9pinay, Saint-Jacques-sur-Darn\u00e9tal, Saint-L\u00e9ger-du-Bourg-Denis, Qu\u00e9vreville-la-Poterie, Ymare, Les Authieux-sur-le-Port-Saint-Ouen, Belbeuf, La Bouille, Canteleu, Fontaine-sous-Pr\u00e9aux, Gouy, Grand-Couronne, Hautot-sur-Seine, Montmain, Moulineaux, Petit-Couronne, Sahurs, Saint-Martin-du-Vivier, Saint-Pierre-de-Manneville, Val-de-la-Haye.<\/p>\n","protected":false},"excerpt":{"rendered":"<p>Cours MODELE VIVANT \u00e0 Rouen Cours de MODELE VIVANT\/DESSIN PEINTURE \u00e0 Rouen Etude du nu, du mouvement, de la stylisation des formes, des ombres et lumi\u00e8res \u00e0 travers diff\u00e9rentes techniques. Cours de mod\u00e8le vivant : La base du dessin acad\u00e9miqueL\u2019\u00e9tude du nu \u00e9tant la base du dessin acad\u00e9mique, il est enseign\u00e9 dans toutes les \u00e9coles [&hellip;]<\/p>\n","protected":false},"author":1,"featured_media":0,"parent":0,"menu_order":0,"comment_status":"closed","ping_status":"closed","template":"elementor_header_footer","meta":{"footnotes":""},"class_list":["post-97","page","type-page","status-publish","hentry"],"_links":{"self":[{"href":"https:\/\/www.terre-et-feu.com\/rouen\/wp-json\/wp\/v2\/pages\/97","targetHints":{"allow":["GET"]}}],"collection":[{"href":"https:\/\/www.terre-et-feu.com\/rouen\/wp-json\/wp\/v2\/pages"}],"about":[{"href":"https:\/\/www.terre-et-feu.com\/rouen\/wp-json\/wp\/v2\/types\/page"}],"author":[{"embeddable":true,"href":"https:\/\/www.terre-et-feu.com\/rouen\/wp-json\/wp\/v2\/users\/1"}],"replies":[{"embeddable":true,"href":"https:\/\/www.terre-et-feu.com\/rouen\/wp-json\/wp\/v2\/comments?post=97"}],"version-history":[{"count":80,"href":"https:\/\/www.terre-et-feu.com\/rouen\/wp-json\/wp\/v2\/pages\/97\/revisions"}],"predecessor-version":[{"id":2198,"href":"https:\/\/www.terre-et-feu.com\/rouen\/wp-json\/wp\/v2\/pages\/97\/revisions\/2198"}],"wp:attachment":[{"href":"https:\/\/www.terre-et-feu.com\/rouen\/wp-json\/wp\/v2\/media?parent=97"}],"curies":[{"name":"wp","href":"https:\/\/api.w.org\/{rel}","templated":true}]}}